{"id":16,"date":"2015-09-02T08:26:48","date_gmt":"2015-09-02T08:26:48","guid":{"rendered":"http:\/\/blogit.utu.fi\/10luku\/?page_id=16"},"modified":"2015-09-10T09:10:39","modified_gmt":"2015-09-10T09:10:39","slug":"opintosuoritukset","status":"publish","type":"page","link":"https:\/\/blogit.utu.fi\/10luku\/opintosuoritukset\/","title":{"rendered":"Opintosuoritukset"},"content":{"rendered":"<p>Kurssi on mahdollista suorittaa osana kulttuurihistorian opintoja. Kurssi suoritetaan osallistumalla luennoille (20 h) sek\u00e4 kirjoittamalla niiden pohjalta luentop\u00e4iv\u00e4kirja (3 op). Lis\u00e4opintopisteet (2 op) on mahdollista suorittaa kirjoittamalla essee erikseen annettavan ohjeistuksen perusteella (ks. tarkemmin alla).<\/p>\n<p>Opintosuorituksia koskeviin kysymyksiin vastaa:<\/p>\n<p>Maarit Leskel\u00e4-K\u00e4rki, kulttuurihistoria\/TY, maarit.leskela(at)utu.fi<\/p>\n<p><strong>Luentop\u00e4iv\u00e4kirjat palautetaan 15.12. menness\u00e4, ja esseet palautetaan 20.12. menness\u00e4<\/strong> s\u00e4hk\u00f6postitse osoitteeseen maarit.leskela@utu.fi<\/p>\n<p><strong>Luentop\u00e4iv\u00e4kirja (3 op)<\/strong><\/p>\n<p>Luentop\u00e4iv\u00e4kirjassa kommentoidaan ja pohditaan luentosarjan esitelmi\u00e4, ei pelk\u00e4st\u00e4\u00e4n sis\u00e4lt\u00f6j\u00e4 kuvaillen tai referoiden vaan pohtien ja analysoiden.\u00a0 Lis\u00e4ksi luentop\u00e4iv\u00e4kirjan lopussa pohditaan koko sarjaa kokonaisuutena ja mietit\u00e4\u00e4n, mink\u00e4lainen kuva 1910-luvun Suomen kulttuurihistoriasta t\u00e4m\u00e4n pohjalta syntyi. Luentosarja ei tarjoa kattavaa kokonaiskuvaa aikakaudesta, vaan tiettyj\u00e4 tulkintoja ja n\u00e4k\u00f6kulmia. Millaisia temaattisia, aineistollisia ja metodisia painotuksia luennot avasivat? Millaisena 1910-luku epookkina n\u00e4ytt\u00e4ytyy? Jokaisesta luentokerrasta kirjoitetaan noin liuskan verran, mink\u00e4 lis\u00e4ksi pohditaan sarjaa laajemmin eli suositeltava pituus on n. 10-12 liuskaa (1,5 riviv\u00e4li, Times New Roman 12). Opiskelijan on osallistuttava v\u00e4hint\u00e4\u00e4n kahdeksalle luennolle.<\/p>\n<p>Voit my\u00f6s katsoa historia-aineiden yleisi\u00e4 <a href=\"https:\/\/intranet.utu.fi\/fi\/yksikot\/hum\/yksikot\/hkt\/oppiaineet\/historia\/historia\/opiskelu\/opiskeluohjeita\/Sivut\/luentopaivakirja.aspx\">luentop\u00e4iv\u00e4kirjaohjeita<\/a><\/p>\n<p><strong>Essee (2 op)<\/strong><\/p>\n<p>Voit laajentaa opintopistem\u00e4\u00e4r\u00e4\u00e4 laatimalla 2 op laajuisen esseen (6 sivua, Times New Roman 12p, riviv\u00e4li 1,5) suomalaiseen 1910-luvun kulttuurihistoriaan liittyen. Voit ideoida aiheesi esimerkiksi luennoilla esiin nousevien aineistojen, teemojen tai henkil\u00f6iden kautta, tai valita vapaasti aikakauteen liittyv\u00e4n aiheen. Esseess\u00e4 tulee k\u00e4ytt\u00e4\u00e4 jotain aikalaisl\u00e4hdett\u00e4 (romaani tai muu aikalaisteksti, audiovisuaalinen aineisto, valokuvat, julisteet, taideteokset, musiikki), jota tarkastellaan suhteessa 10-luvun kulttuuris-yhteiskunnalliseen kontekstiin. L\u00e4hteen lis\u00e4ksi esseess\u00e4 hy\u00f6dynnet\u00e4\u00e4n 2-3 tutkimuksellista teksti\u00e4 (esimerkinomaisen kirjallisuusluettelon l\u00f6yd\u00e4t alta).<\/p>\n<p>Ks. my\u00f6s historia-aineiden <a href=\"https:\/\/intranet.utu.fi\/fi\/yksikot\/hum\/yksikot\/hkt\/oppiaineet\/historia\/historia\/opiskelu\/opiskeluohjeita\/Sivut\/essee.aspx\">esseeohjeet <\/a><\/p>\n","protected":false},"excerpt":{"rendered":"<p>Kurssi on mahdollista suorittaa osana kulttuurihistorian opintoja. Kurssi suoritetaan osallistumalla luennoille (20 h) sek\u00e4 kirjoittamalla niiden pohjalta luentop\u00e4iv\u00e4kirja (3 op). Lis\u00e4opintopisteet (2 op) on mahdollista suorittaa kirjoittamalla essee erikseen annettavan ohjeistuksen perusteella (ks. tarkemmin alla). Opintosuorituksia koskeviin kysymyksiin vastaa: Maarit &hellip; <a href=\"https:\/\/blogit.utu.fi\/10luku\/opintosuoritukset\/\">Continue reading <span class=\"meta-nav\">&rarr;<\/span><\/a><\/p>\n","protected":false},"author":80,"featured_media":0,"parent":0,"menu_order":0,"comment_status":"closed","ping_status":"closed","template":"","meta":{"footnotes":""},"class_list":["post-16","page","type-page","status-publish","hentry"],"_links":{"self":[{"href":"https:\/\/blogit.utu.fi\/10luku\/wp-json\/wp\/v2\/pages\/16","targetHints":{"allow":["GET"]}}],"collection":[{"href":"https:\/\/blogit.utu.fi\/10luku\/wp-json\/wp\/v2\/pages"}],"about":[{"href":"https:\/\/blogit.utu.fi\/10luku\/wp-json\/wp\/v2\/types\/page"}],"author":[{"embeddable":true,"href":"https:\/\/blogit.utu.fi\/10luku\/wp-json\/wp\/v2\/users\/80"}],"replies":[{"embeddable":true,"href":"https:\/\/blogit.utu.fi\/10luku\/wp-json\/wp\/v2\/comments?post=16"}],"version-history":[{"count":3,"href":"https:\/\/blogit.utu.fi\/10luku\/wp-json\/wp\/v2\/pages\/16\/revisions"}],"predecessor-version":[{"id":37,"href":"https:\/\/blogit.utu.fi\/10luku\/wp-json\/wp\/v2\/pages\/16\/revisions\/37"}],"wp:attachment":[{"href":"https:\/\/blogit.utu.fi\/10luku\/wp-json\/wp\/v2\/media?parent=16"}],"curies":[{"name":"wp","href":"https:\/\/api.w.org\/{rel}","templated":true}]}}