{"id":7,"date":"2015-09-02T08:18:02","date_gmt":"2015-09-02T08:18:02","guid":{"rendered":"http:\/\/blogit.utu.fi\/10luku\/?page_id=7"},"modified":"2015-09-02T08:24:44","modified_gmt":"2015-09-02T08:24:44","slug":"ohjelma","status":"publish","type":"page","link":"https:\/\/blogit.utu.fi\/10luku\/ohjelma\/","title":{"rendered":"1910-luvun Suomen kulttuurihistoriaa &#8211; ohjelma"},"content":{"rendered":"<div class=\"opsi_toteuma_kentta\">\n<p>&nbsp;<\/p>\n<p>Luennot maanantaisin klo 18.00-19.30 Turun kaupunginkirjaston Studiossa<\/p>\n<p>(paitsi tiistai 6.10.)<\/p>\n<p>14.9. Hannu Salmi ja Maarit Leskel\u00e4-K\u00e4rki: <em>Modernin kynnyksell\u00e4<\/em><\/p>\n<p>21.9. Rauno Lahtinen: <em>Jugend 1910-luvun Suomessa<\/em><\/p>\n<p>28.9. Henna Yl\u00e4nen: <em>Kansakunta peliss\u00e4. Nationalismi ja sota 1910-luvun suomalaisissa lautapeleiss\u00e4<\/em><\/p>\n<p>6.10. (tiistai) Jukka Sarjala: <em>Sinfonikko, erakko, dandy \u2013 Jean Sibeliuksen 1910-luku<\/em><\/p>\n<p>12.10. Hannu Salmi:<em> Sylvin j\u00e4ljill\u00e4. Suomalaisen elokuvan 1910-luku<\/em><\/p>\n<p>19.10.Silja Laine: <em>Paraateja ja perinteit\u00e4 1910-luvulla<\/em><\/p>\n<p>26.10. Elsi Hyttinen: <em>&#8220;Johanson nyt naisten y\u00f6paidassa&#8221;. Kuinka queer-tutkija lukee 1910-luvun kirjallisuutta?<\/em><\/p>\n<p>9.11. Jukka Vornanen: <em>Ensimm\u00e4isen polven vegetariaanit. Kasvissy\u00f6nti 1910-luvun Suomessa<\/em><\/p>\n<p>23.11. Kirsi Tuohela: <em>Tytt\u00f6saarnaaja. Maria \u00c5kerblomin (1898-1981) lapsuus, nuoruus ja profeetaksi tuleminen 1910-luvun Suomessa<\/em><\/p>\n<p>30.11. Pekka Pitk\u00e4l\u00e4: <em>Historia, etymologia ja kansakunnan alkuper\u00e4. Sigurd Wettenhovi-Aspan historiapolitiikka 1910-luvulla<\/em><\/p>\n<p>7.12. Tiina Lintunen: <em>Punaisten paluu sodanj\u00e4lkeiseen arkeen<\/em><\/p>\n<\/div>\n","protected":false},"excerpt":{"rendered":"<p>&nbsp; Luennot maanantaisin klo 18.00-19.30 Turun kaupunginkirjaston Studiossa (paitsi tiistai 6.10.) 14.9. Hannu Salmi ja Maarit Leskel\u00e4-K\u00e4rki: Modernin kynnyksell\u00e4 21.9. Rauno Lahtinen: Jugend 1910-luvun Suomessa 28.9. Henna Yl\u00e4nen: Kansakunta peliss\u00e4. Nationalismi ja sota 1910-luvun suomalaisissa lautapeleiss\u00e4 6.10. (tiistai) Jukka Sarjala: &hellip; <a href=\"https:\/\/blogit.utu.fi\/10luku\/ohjelma\/\">Continue reading <span class=\"meta-nav\">&rarr;<\/span><\/a><\/p>\n","protected":false},"author":80,"featured_media":0,"parent":0,"menu_order":0,"comment_status":"closed","ping_status":"closed","template":"","meta":{"footnotes":""},"class_list":["post-7","page","type-page","status-publish","hentry"],"_links":{"self":[{"href":"https:\/\/blogit.utu.fi\/10luku\/wp-json\/wp\/v2\/pages\/7","targetHints":{"allow":["GET"]}}],"collection":[{"href":"https:\/\/blogit.utu.fi\/10luku\/wp-json\/wp\/v2\/pages"}],"about":[{"href":"https:\/\/blogit.utu.fi\/10luku\/wp-json\/wp\/v2\/types\/page"}],"author":[{"embeddable":true,"href":"https:\/\/blogit.utu.fi\/10luku\/wp-json\/wp\/v2\/users\/80"}],"replies":[{"embeddable":true,"href":"https:\/\/blogit.utu.fi\/10luku\/wp-json\/wp\/v2\/comments?post=7"}],"version-history":[{"count":3,"href":"https:\/\/blogit.utu.fi\/10luku\/wp-json\/wp\/v2\/pages\/7\/revisions"}],"predecessor-version":[{"id":15,"href":"https:\/\/blogit.utu.fi\/10luku\/wp-json\/wp\/v2\/pages\/7\/revisions\/15"}],"wp:attachment":[{"href":"https:\/\/blogit.utu.fi\/10luku\/wp-json\/wp\/v2\/media?parent=7"}],"curies":[{"name":"wp","href":"https:\/\/api.w.org\/{rel}","templated":true}]}}