{"id":13,"date":"2014-06-17T07:59:25","date_gmt":"2014-06-17T07:59:25","guid":{"rendered":"http:\/\/blogit.utu.fi\/30luku\/?page_id=13"},"modified":"2014-06-17T07:59:25","modified_gmt":"2014-06-17T07:59:25","slug":"ohjelma","status":"publish","type":"page","link":"https:\/\/blogit.utu.fi\/30luku\/ohjelma\/","title":{"rendered":"Ohjelma"},"content":{"rendered":"<p>Luennot maanantai-iltaisin 18.00-19.30 Turun kaupunginkirjaston Studio<\/p>\n<p>1.9. Kari Immonen<br \/>\n<em>Kaksi 30-lukua<\/em><\/p>\n<p>8.9. Tuula Karjalainen<br \/>\n<em>Tove Janssonin nuoruusvuodet<\/em><\/p>\n<p>22.9. Veli-Matti Pyntt\u00e4ri<br \/>\n<em>Essee kulttuurikriisin kirjoituksena 1930-luvun Suomessa<\/em><\/p>\n<p>29.9. Siru Kainulainen<br \/>\n<em>Katri Vala ja 1930-luvun runo: rytmej\u00e4 ajan paineessa<\/em><\/p>\n<p>HUOM. tiistaina 30.9. klo 19 (Manilla, Aurinkobaletti)<br \/>\n<a title=\"Vala\" href=\"http:\/\/www.avoimetovet.fi\/vala\" target=\"_blank\">Teatteri Avoimien Ovien produktio<\/a><\/p>\n<p><em>Vala \u2013 N\u00e4ytelm\u00e4 runoilija Katri Valan el\u00e4m\u00e4st\u00e4<\/em><\/p>\n<p>6.10. Ville Laamanen:<br \/>\n<em>Olavi Paavolainen ja Euroopan suuri levottomuus<\/em><\/p>\n<p>13.10. Maarit Leskel\u00e4-K\u00e4rki<br \/>\n<em>Kiistellyn kirjailijan 30-luku \u2013 Maila Talvio Tyyni Tuulion silmin<\/em><\/p>\n<p>20.10. Paavo Oinonen<br \/>\n<em>Keiden \u00e4\u00e4ni kuului 30-luvun Yleisradiossa? <\/em><br \/>\n<em> Huomioita ohjelmapoliittisista kamppailuista<\/em><\/p>\n<p>27.10. Kimmo Laine<br \/>\n<em>Nyrki Tapivaaran elokuvat valtavirran ja avantgarden v\u00e4liss\u00e4<\/em><\/p>\n<p>3.11. Hanne Koivisto<br \/>\n<em>Vasemmisto\u00e4lymyst\u00f6 ja kansainv\u00e4lisyys aitosuomalaisella 30-luvulla<\/em><\/p>\n<p>10.11. Sirpa K\u00e4hk\u00f6nen<br \/>\n<em>Tehtaan varjosta pime\u00e4\u00e4n koppiin &#8211; er\u00e4\u00e4n miehen tie 1930-luvulla<\/em><\/p>\n","protected":false},"excerpt":{"rendered":"<p>Luennot maanantai-iltaisin 18.00-19.30 Turun kaupunginkirjaston Studio 1.9. Kari Immonen Kaksi 30-lukua 8.9. Tuula Karjalainen Tove Janssonin nuoruusvuodet 22.9. Veli-Matti Pyntt\u00e4ri Essee kulttuurikriisin kirjoituksena 1930-luvun Suomessa 29.9. Siru Kainulainen Katri Vala ja 1930-luvun runo: rytmej\u00e4 ajan paineessa HUOM. tiistaina 30.9. klo &hellip; <a href=\"https:\/\/blogit.utu.fi\/30luku\/ohjelma\/\">Lue loppuun <span class=\"meta-nav\">&rarr;<\/span><\/a><\/p>\n","protected":false},"author":80,"featured_media":0,"parent":0,"menu_order":0,"comment_status":"open","ping_status":"open","template":"","meta":{"footnotes":""},"class_list":["post-13","page","type-page","status-publish","hentry"],"_links":{"self":[{"href":"https:\/\/blogit.utu.fi\/30luku\/wp-json\/wp\/v2\/pages\/13","targetHints":{"allow":["GET"]}}],"collection":[{"href":"https:\/\/blogit.utu.fi\/30luku\/wp-json\/wp\/v2\/pages"}],"about":[{"href":"https:\/\/blogit.utu.fi\/30luku\/wp-json\/wp\/v2\/types\/page"}],"author":[{"embeddable":true,"href":"https:\/\/blogit.utu.fi\/30luku\/wp-json\/wp\/v2\/users\/80"}],"replies":[{"embeddable":true,"href":"https:\/\/blogit.utu.fi\/30luku\/wp-json\/wp\/v2\/comments?post=13"}],"version-history":[{"count":2,"href":"https:\/\/blogit.utu.fi\/30luku\/wp-json\/wp\/v2\/pages\/13\/revisions"}],"predecessor-version":[{"id":15,"href":"https:\/\/blogit.utu.fi\/30luku\/wp-json\/wp\/v2\/pages\/13\/revisions\/15"}],"wp:attachment":[{"href":"https:\/\/blogit.utu.fi\/30luku\/wp-json\/wp\/v2\/media?parent=13"}],"curies":[{"name":"wp","href":"https:\/\/api.w.org\/{rel}","templated":true}]}}