{"id":23,"date":"2014-06-17T08:12:53","date_gmt":"2014-06-17T08:12:53","guid":{"rendered":"http:\/\/blogit.utu.fi\/30luku\/?page_id=23"},"modified":"2014-09-09T06:29:22","modified_gmt":"2014-09-09T06:29:22","slug":"opintosuoritukset","status":"publish","type":"page","link":"https:\/\/blogit.utu.fi\/30luku\/opintosuoritukset\/","title":{"rendered":"Opintosuoritukset"},"content":{"rendered":"<p>Kurssi on mahdollista suorittaa osana kulttuurihistorian, Suomen historian tai kotimaisen kirjallisuuden opintoja. Kurssi suoritetaan osallistumalla luennoille (20 h) sek\u00e4 kirjoittamalla niiden pohjalta luentop\u00e4iv\u00e4kirja (3 op). My\u00f6s teatteriesitykseen osallistuminen ja sen hy\u00f6dynt\u00e4minen luentop\u00e4iv\u00e4kirjassa on toivottavaa kurssin suorittajille (joskaan ei pakollista).<\/p>\n<p>Lis\u00e4opintopisteet (2 op) on mahdollista suorittaa kirjoittamalla essee erikseen annettavan ohjeistuksen perusteella (ks. tarkemmin alla).<\/p>\n<p>Opintosuorituksia koskeviin kysymyksiin vastaavat:<\/p>\n<p>Maarit Leskel\u00e4-K\u00e4rki, kulttuurihistoria\/TY, maarit.leskela(at)utu.fi<\/p>\n<p>Kukku Melkas, kotimainen kirjallisuus\/TY,\u00a0 kukku.melkas(at)utu.fi<\/p>\n<p>Historian opiskelijoiden luentop\u00e4iv\u00e4kirjat ja esseet palautetaan Leskel\u00e4-K\u00e4rjelle, kotimaisen kirjallisuuden opiskelijat palauttavat tekstins\u00e4 Kukku Melkkaalle.<\/p>\n<p><strong>Luentop\u00e4iv\u00e4kirjat palautetaan 17.11. menness\u00e4, ja esseet palautetaan 30.11. menness\u00e4<\/strong> oppiaineiden vastuuhenkil\u00f6ille s\u00e4hk\u00f6postitse.<\/p>\n<p><strong>Luentop\u00e4iv\u00e4kirja (3 op)<\/strong><\/p>\n<p>Luentop\u00e4iv\u00e4kirjassa kommentoidaan ja pohditaan luentosarjan esitelmi\u00e4, ei pelk\u00e4st\u00e4\u00e4n sis\u00e4lt\u00f6j\u00e4 kuvaillen tai referoiden vaan pohtien ja analysoiden.\u00a0 Lis\u00e4ksi luentop\u00e4iv\u00e4kirjan lopussa pohditaan koko sarjaa kokonaisuutena ja mietit\u00e4\u00e4n, mink\u00e4lainen kuva 1930-luvun Suomen kulttuurihistoriasta t\u00e4m\u00e4n pohjalta syntyi. Luentosarja ei tarjoa kattavaa kokonaiskuvaa aikakaudesta, vaan tiettyj\u00e4 tulkintoja ja n\u00e4k\u00f6kulmia. Millaisia temaattisia, aineistollisia ja metodisia painotuksia luennot avasivat? Millaisena 1930-luku epookkina n\u00e4ytt\u00e4ytyy? Jokaisesta luentokerrasta kirjoitetaan noin liuskan verran, mink\u00e4 lis\u00e4ksi pohditaan sarjaa laajemmin eli suositeltava pituus on n. 10-12 liuskaa (1,5 riviv\u00e4li, Times New Roman 12). Opiskelijan on osallistuttava v\u00e4hint\u00e4\u00e4n kahdeksalle luennolle.<\/p>\n<p>Voit my\u00f6s katsoa historia-aineiden yleisi\u00e4 <a href=\"https:\/\/intranet.utu.fi\/fi\/yksikot\/hum\/yksikot\/hkt\/oppiaineet\/historia\/historia\/opiskelu\/opiskeluohjeita\/Sivut\/luentopaivakirja.aspx\">luentop\u00e4iv\u00e4kirjaohjeita<\/a><\/p>\n<p><strong>Essee (2 op)<\/strong><\/p>\n<p>Voit laajentaa opintopistem\u00e4\u00e4r\u00e4\u00e4 laatimalla 2 op laajuisen esseen (6 sivua, Times New Roman 12p, riviv\u00e4li 1,5) suomalaiseen 30-luvun kulttuurihistoriaan liittyen. Voit ideoida aiheesi esimerkiksi luennoilla esiin nousevien aineistojen, teemojen tai henkil\u00f6iden kautta, tai valita vapaasti aikakauteen liittyv\u00e4n aiheen. Esseess\u00e4 tulee k\u00e4ytt\u00e4\u00e4 jotain aikalaisl\u00e4hdett\u00e4 (romaani tai muu aikalaisteksti, n\u00e4ytelm\u00e4elokuva, dokumenttielokuva, valokuvat, julisteet, taideteokset, musiikki), jota tarkastellaan suhteessa 30-luvun kulttuuris-poliittiseen kontekstiin. L\u00e4hteen lis\u00e4ksi esseess\u00e4 hy\u00f6dynnet\u00e4\u00e4n 2-3 tutkimuksellista teksti\u00e4 (esimerkinomaisen kirjallisuusluettelon l\u00f6yd\u00e4t alta).<\/p>\n<p>Ks. my\u00f6s historia-aineiden <a href=\"https:\/\/intranet.utu.fi\/fi\/yksikot\/hum\/yksikot\/hkt\/oppiaineet\/historia\/historia\/opiskelu\/opiskeluohjeita\/Sivut\/essee.aspx\">esseeohjeet <\/a><\/p>\n<p>&nbsp;<\/p>\n<p><strong>Kirjallisuutta (fiktio ja tiede\/tietokirjallisuus)<\/strong><\/p>\n<p>Mikko Aho: &#8221;<em>Espanjan asia on meid\u00e4n\u201d. Suomen vasemmistososialistien ja kommunistien propaganda Espanjan tasavallan puolesta Espanjan sis\u00e4llissodan 1936-1939 aikana. <\/em>Suomen historia, pro gradu, Tampereen yliopisto, 2006.<a href=\"https:\/\/tampub.uta.fi\/handle\/10024\/93692\">https:\/\/tampub.uta.fi\/handle\/10024\/93692<\/a><\/p>\n<p><em>Ajan paineessa. Kirjoituksia 1930-luvun suomalaisesta aatemaailmasta<\/em>. Toim. Hanne Koivisto ja Pertti Karkama. SKS, Helsinki 1999.<\/p>\n<p>Bellon, Denise:<em> Onnen maa. Suomi elokuussa 1939. Finn Lectura, 2008. <\/em>[valokuvateos]<\/p>\n<p>Elomaa, Hanna: Henkil\u00f6kohtaista ja ammatillista. Ruotsinkielisten modernistikirjailijoiden kirjeenvaihtoa 1920-luvun lopulta 1940-luvulle. Teoksessa <em>Kirjeet ja historiantutkimus<\/em>. Toim. Leskel\u00e4-K\u00e4rki, Lahtinen, Vainio-Korhonen. SKS, Helsinkin 2011.<\/p>\n<p>Eskola, Katarina (toim.): <em>Yhdess\u00e4 &#8211; Martti Haavion ja Elsa En\u00e4j\u00e4rvi-Haavion p\u00e4iv\u00e4kirjeet ja kirjeet 1928-1939. <\/em>WSOY, 2000. 872 s. [osa saman kirjoittajan laajaa Valistuksen sukutarina \u2013teossarjaa Haavioista]<\/p>\n<p>Hapuli, Ritva: <em>Ulkomailla. Maailmansotien v\u00e4linen maailma suomalaisnaisten silmin<\/em>. SKS, Helsinki 2003.<\/p>\n<p>Jalava, Marja: Isien \u00e4\u00e4nen \u00e4\u00e4rell\u00e4. Paavo Virkkusen Agathon Meurman. Teoksessa <em>Kirjoitettu kansakunta. Sukupuoli, uskonto ja kansallinen historia 1900-luvun alkupuolen suomalaisessa tietokirjallisuudessa.<\/em> Toim. Jalava, Kinnunen, Sulkunen. SKS, Helsinki 2013.<\/p>\n<p>Jokisipil\u00e4, Markku ja K\u00f6n\u00f6nen, Janne: <em>Kolmannen valtakunnan vieraat. Suomi Hitlerin Saksan vaikutuspiiriss\u00e4 1933-1944. <\/em>Otava, Helsinki 2013.<\/p>\n<p>J\u00e4rvel\u00e4, Juha: <em>Kaksi maailmaa? Sukupuoli Mika Waltarin kirjailijakuvassa, teksteiss\u00e4 ja niiden vastaanotossa 1925\u20131939<\/em>. Jyv\u00e4skyl\u00e4n yliopisto 2013.<\/p>\n<p><a href=\"https:\/\/jyx.jyu.fi\/dspace\/handle\/123456789\/41655\">https:\/\/jyx.jyu.fi\/dspace\/handle\/123456789\/41655<\/a><\/p>\n<p>Koivisto, Hanne: <em>Politiikkaa, erotiikkaa ja kulttuuritaistelua \u2013 Kirjoituksia suomalaisesta vasemmisto\u00e4lymyst\u00f6st\u00e4 1930-luvulla<\/em>. Ty\u00f6v\u00e4en historian ja perinteen tutkimuksen seura, Helsinki 2011, 340 s.<\/p>\n<p>[teokseen on koottu Hanne Koiviston laaja artikkelituotanto 30-luvun vasemmistointellektuelleista, l\u00f6ytyy verkosta avoimena koko teos: <a href=\"http:\/\/www.thpts.fi\/julkaisut\/muut-julkaisut\/hanne-koivisto-politiikkaa-erotiikkaa-ja-kulttuuritaistelua\/\">http:\/\/www.thpts.fi\/julkaisut\/muut-julkaisut\/hanne-koivisto-politiikkaa-erotiikkaa-ja-kulttuuritaistelua\/<\/a><\/p>\n<p>Korhonen Juho: <em>Fotojournalismia aatteiden sodassa. Robert Capan valokuvat 1930-luvun kuvalehdiss\u00e4 Espanjan sis\u00e4llisodan representaatioina<\/em>. Pro gradu -ty\u00f6, kulttuurihistoria (2011).<\/p>\n<p>Kunnas, Tarmo: <em>Fasismin lumous. Eurooppalainen \u00e4lymyst\u00f6 Mussolinin ja Hitlerin politiikan tukijana<\/em>. Atena-kustannus 2013.<\/p>\n<p>K\u00e4hk\u00f6nen, Sirpa: <em>Vihan ja rakkauden liekit &#8211; Kohtalona 1930-luvun Suomi<\/em>. 2010 Otava<\/p>\n<p>Laamanen, Ville: <em>Suuri levottomuus. Olavi Paavolaisen kulttuurinen katse ja matkat 1936-39<\/em>. k&amp;h-kustannus, 2014.<\/p>\n<p>Laine, Kimmo: <em>&#8221;P\u00e4\u00e4osassa Suomen kansa&#8221;. Suomi-Filmi ja Suomen Filmiteollisuus kansallisen elokuvan rakentajina 1933\u20131939<\/em>. Helsinki: Suomalaisen Kirjallisuuden Seura, 1999.<\/p>\n<p>Mieskonen, Matti: <em>Toinen tulenkantajuus Tulenkantajien kulttuuriliikkeen aatteellinen ja k\u00e4sitteellinen muutos 1929\u20131939<\/em>. Suomen historia, pro gradu 2011. <a href=\"http:\/\/www.doria.fi\/bitstream\/handle\/10024\/81673\/gradu2011mieskonen.pdf?sequence=1\">http:\/\/www.doria.fi\/bitstream\/handle\/10024\/81673\/gradu2011mieskonen.pdf?sequence=1<\/a><\/p>\n<p>Palin, Tutta: Luontojen ja kulttuurien v\u00e4liss\u00e4. Vitalismi Ina Collianderin varhaistuotannossa. Teoksessa <em>Erot ja etiikka feministisess\u00e4 tutkimuksessa<\/em>. Toim. Lempi\u00e4inen, Lepp\u00e4nen, Paasonen. Utu-kirjat, Turku 2012.<\/p>\n<p>Pyntt\u00e4ri, Veli-Matti: <em>\u201dVain t\u00e4m\u00e4 menettelytapa tuntuu tulokselliselta\u2026\u201d Psykoanalyysi modernin aikakauden myyttin\u00e4 T. Vaaskiven kulttuurikritiikiss\u00e4<\/em>. Annales Universitatis Turkuensis C 312. Turun yliopisto: Turku. 2011. <a href=\"http:\/\/urn.fi\/URN:ISBN:978-951-29-4617-4\">http:\/\/urn.fi\/URN:ISBN:978-951-29-4617-4<\/a><\/p>\n<p>Salmi, Hannu: Hedy Lamarr, moderni ja t\u00e4hteyden muutos 1933-1938. Teoksessa <em>Elokuva historiassa, historia elokuvassa<\/em>. Toim. Heta Mulari ja Lauri Piispa. k&amp;h-kustannus, Turku 2009.<\/p>\n<p>Tuomaala, Saara:\u00a0<em>Ty\u00f6t\u00e4tekevist\u00e4 k\u00e4sist\u00e4 puhtaiksi ja kirjoittaviksi. Suomalaisen oppivelvollisuuskoulun ja maalaislasten kohtaaminen 1921\u20131939<\/em>. SKS, Helsinki 2004.<\/p>\n<p><em>Valkoiset ruusut. Hannu Lemisen ja Helena Karan elokuvat<\/em>. Toim. Kimmo Laine and Juha Seitaj\u00e4rvi, Helsinki: SKS 2004<\/p>\n<p>West\u00f6, Kjell: <em>Kangastus 38<\/em>. Otava, Helsinki 2013.<\/p>\n","protected":false},"excerpt":{"rendered":"<p>Kurssi on mahdollista suorittaa osana kulttuurihistorian, Suomen historian tai kotimaisen kirjallisuuden opintoja. Kurssi suoritetaan osallistumalla luennoille (20 h) sek\u00e4 kirjoittamalla niiden pohjalta luentop\u00e4iv\u00e4kirja (3 op). My\u00f6s teatteriesitykseen osallistuminen ja sen hy\u00f6dynt\u00e4minen luentop\u00e4iv\u00e4kirjassa on toivottavaa kurssin suorittajille (joskaan ei pakollista). Lis\u00e4opintopisteet &hellip; <a href=\"https:\/\/blogit.utu.fi\/30luku\/opintosuoritukset\/\">Lue loppuun <span class=\"meta-nav\">&rarr;<\/span><\/a><\/p>\n","protected":false},"author":80,"featured_media":0,"parent":0,"menu_order":0,"comment_status":"open","ping_status":"open","template":"","meta":{"footnotes":""},"class_list":["post-23","page","type-page","status-publish","hentry"],"_links":{"self":[{"href":"https:\/\/blogit.utu.fi\/30luku\/wp-json\/wp\/v2\/pages\/23","targetHints":{"allow":["GET"]}}],"collection":[{"href":"https:\/\/blogit.utu.fi\/30luku\/wp-json\/wp\/v2\/pages"}],"about":[{"href":"https:\/\/blogit.utu.fi\/30luku\/wp-json\/wp\/v2\/types\/page"}],"author":[{"embeddable":true,"href":"https:\/\/blogit.utu.fi\/30luku\/wp-json\/wp\/v2\/users\/80"}],"replies":[{"embeddable":true,"href":"https:\/\/blogit.utu.fi\/30luku\/wp-json\/wp\/v2\/comments?post=23"}],"version-history":[{"count":8,"href":"https:\/\/blogit.utu.fi\/30luku\/wp-json\/wp\/v2\/pages\/23\/revisions"}],"predecessor-version":[{"id":81,"href":"https:\/\/blogit.utu.fi\/30luku\/wp-json\/wp\/v2\/pages\/23\/revisions\/81"}],"wp:attachment":[{"href":"https:\/\/blogit.utu.fi\/30luku\/wp-json\/wp\/v2\/media?parent=23"}],"curies":[{"name":"wp","href":"https:\/\/api.w.org\/{rel}","templated":true}]}}