{"id":16,"date":"2016-08-26T10:01:55","date_gmt":"2016-08-26T10:01:55","guid":{"rendered":"https:\/\/blogit.utu.fi\/80luku\/?page_id=16"},"modified":"2016-08-29T12:09:24","modified_gmt":"2016-08-29T12:09:24","slug":"studia-generalian-ohjelma","status":"publish","type":"page","link":"https:\/\/blogit.utu.fi\/80luku\/studia-generalian-ohjelma\/","title":{"rendered":"Studia generalian ohjelma"},"content":{"rendered":"<p><strong>1980-luvun Suomen kulttuurihistoriaa<\/strong><\/p>\n<p>Luennot ovat maanantai-iltaisin 18-19.30 Turun kaupunginkirjaston Studiossa alkaen 12.9.2016.<\/p>\n<p>Suomi siirtyi 1980-luvulla Kekkosen ajasta Koiviston aikaan, punkista Suomi-rokkiin, valtakulttuurista vaihtoehtoliikkeisiin. Reaganismin, thatcherismin ja glasnostin vaikutukset muovasivat suomalaista kulttuuria, joka etsi paikkaansa id\u00e4n ja l\u00e4nnen v\u00e4liss\u00e4.<\/p>\n<p>Kulttuurihistorian oppiaine j\u00e4rjest\u00e4\u00e4 j\u00e4lleen syksyll\u00e4 yhteisty\u00f6ss\u00e4 kirjaston kanssa vuosikymmenlukusarjan. T\u00e4ll\u00e4 kertaa sukellamme 1980-luvun suomalaiseen kulttuurihistoriaan ja tarkastelemme sen kulttuuris-poliittista perint\u00f6\u00e4 niin tutkija- kuin aikalais\u00e4\u00e4nien kautta. Vuosikymmen avautuu niin yksil\u00f6toimijoiden kuin laajempien kulttuuristen virtausten ja my\u00f6s paikallisten ilmi\u00f6iden kautta.<\/p>\n<p>Nyt kolmatta, ja viimeist\u00e4 kertaa j\u00e4rjestett\u00e4v\u00e4 vuosikymmensarja huipentuu keskusteluun, jossa luodataan itsen\u00e4isen Suomen kulttuurihistorian vuosikymmeni\u00e4 turkulaisten kulttuurihistorioitsijoiden voimin. Lokakuussa julkaistava teos <em>Maamme. Itsen\u00e4isen Suomen kulttuurihistoriaa<\/em> (SKS) avaa historiaamme arjen, kokemuksellisuuden ja muistamisen kulttuurin kautta.<\/p>\n<p><strong>Ohjelma:<\/strong><\/p>\n<p>12.9. Elina Karvo: <em>Suomalaisen 80-luvun elokuvan menneisyyskuva<\/em><\/p>\n<p>19.9. Kari Kallioniemi: <em>Thatcherismin ja anglofilian oudot petikaverit \u2013 Katsaus 1980-luvun kulttuuris-poliittiseen perint\u00f6\u00f6n Suomessa<\/em><\/p>\n<p>26.9. Paavo Oinonen: <em>\u201dKanuuna ei riit\u00e4, tarvitaan my\u00f6s ruutia\u201d \u2013 Esa Saarinen aikalaisanalyysin tekij\u00e4n\u00e4 ja 80-luvun kokijana<\/em><\/p>\n<p>3.10. Sam Inkinen: <em>Kahdeksankymment\u00e4luvun Zeitgeist\u00a0 \u2013 Kulttuuriset virtaukset, utooppiset ja dystooppiset energiat sek\u00e4 ajan henki Orwellin vuodesta 1984 eteenp\u00e4in<\/em><\/p>\n<p>(IICP-debate, yhteisty\u00f6ss\u00e4 <a href=\"https:\/\/iipcblog.wordpress.com\/\">International Institute for Popular Culture<\/a> -keskuksen kanssa)<\/p>\n<p>10.10. Annastiina M\u00e4kil\u00e4: <em>Suomi masennusilmi\u00f6n aattona<\/em><\/p>\n<p>17.10. <em>80-luvun Turku Pop!<\/em> Keskustelutilaisuus, vet\u00e4j\u00e4n\u00e4 Kimi K\u00e4rki<\/p>\n<p>24.10. <em>Maamme. Itsen\u00e4isen Suomen kulttuurihistoria<\/em>. Keskustelua tuoreesta teoksesta.<\/p>\n<p>31.10.\u00a0 <em>Punkin papitar &amp; muut v\u00e4h\u00e4ttelyn kategoriat.<\/em> Anja Kauranen-Snellman kertoo 80-luvun nuoren sukupolven teoista ja tunnoista<\/p>\n<p>&nbsp;<\/p>\n<p>&nbsp;<\/p>\n","protected":false},"excerpt":{"rendered":"<p>1980-luvun Suomen kulttuurihistoriaa Luennot ovat maanantai-iltaisin 18-19.30 Turun kaupunginkirjaston Studiossa alkaen 12.9.2016. Suomi siirtyi 1980-luvulla Kekkosen ajasta Koiviston aikaan, punkista Suomi-rokkiin, valtakulttuurista vaihtoehtoliikkeisiin. Reaganismin, thatcherismin ja glasnostin vaikutukset muovasivat suomalaista kulttuuria, joka etsi paikkaansa id\u00e4n ja l\u00e4nnen v\u00e4liss\u00e4. Kulttuurihistorian oppiaine &hellip; <a href=\"https:\/\/blogit.utu.fi\/80luku\/studia-generalian-ohjelma\/\">Lue loppuun <span class=\"meta-nav\">&rarr;<\/span><\/a><\/p>\n","protected":false},"author":80,"featured_media":0,"parent":0,"menu_order":0,"comment_status":"closed","ping_status":"closed","template":"","meta":{"footnotes":""},"class_list":["post-16","page","type-page","status-publish","hentry"],"_links":{"self":[{"href":"https:\/\/blogit.utu.fi\/80luku\/wp-json\/wp\/v2\/pages\/16","targetHints":{"allow":["GET"]}}],"collection":[{"href":"https:\/\/blogit.utu.fi\/80luku\/wp-json\/wp\/v2\/pages"}],"about":[{"href":"https:\/\/blogit.utu.fi\/80luku\/wp-json\/wp\/v2\/types\/page"}],"author":[{"embeddable":true,"href":"https:\/\/blogit.utu.fi\/80luku\/wp-json\/wp\/v2\/users\/80"}],"replies":[{"embeddable":true,"href":"https:\/\/blogit.utu.fi\/80luku\/wp-json\/wp\/v2\/comments?post=16"}],"version-history":[{"count":8,"href":"https:\/\/blogit.utu.fi\/80luku\/wp-json\/wp\/v2\/pages\/16\/revisions"}],"predecessor-version":[{"id":111,"href":"https:\/\/blogit.utu.fi\/80luku\/wp-json\/wp\/v2\/pages\/16\/revisions\/111"}],"wp:attachment":[{"href":"https:\/\/blogit.utu.fi\/80luku\/wp-json\/wp\/v2\/media?parent=16"}],"curies":[{"name":"wp","href":"https:\/\/api.w.org\/{rel}","templated":true}]}}