{"id":21,"date":"2016-08-26T10:01:24","date_gmt":"2016-08-26T10:01:24","guid":{"rendered":"https:\/\/blogit.utu.fi\/80luku\/?page_id=21"},"modified":"2016-08-26T10:38:46","modified_gmt":"2016-08-26T10:38:46","slug":"opintosuoritukset","status":"publish","type":"page","link":"https:\/\/blogit.utu.fi\/80luku\/opintosuoritukset\/","title":{"rendered":"Opintosuoritukset"},"content":{"rendered":"<p>Kurssi on mahdollista suorittaa osana kulttuurihistorian opintoja. Kurssi suoritetaan osallistumalla luennoille, perehtym\u00e4ll\u00e4 oheismateriaaliin sek\u00e4 kirjoittamalla niiden pohjalta luentop\u00e4iv\u00e4kirja (3 op). Lis\u00e4opintopisteet (2 op) on mahdollista suorittaa kirjoittamalla essee erikseen annettavan ohjeistuksen perusteella (ks. tarkemmin alla).<\/p>\n<p><strong>Tarkemmat tiedot suoritusmuodoista sek\u00e4 oheismateriaali on saatavilla kurssin moodlealueella luentojen alettua.<\/strong><\/p>\n<p>Opintosuorituksia koskeviin kysymyksiin vastaa kurssin vastuuopettaja: Maarit Leskel\u00e4-K\u00e4rki, kulttuurihistoria\/TY, maarit.leskela(at)utu.fi<\/p>\n<p><strong>Luentop\u00e4iv\u00e4kirjat palautetaan 15.11. menness\u00e4, ja esseet palautetaan 30.11. menness\u00e4<\/strong> kurssin moodlealueelle.<\/p>\n","protected":false},"excerpt":{"rendered":"<p>Kurssi on mahdollista suorittaa osana kulttuurihistorian opintoja. Kurssi suoritetaan osallistumalla luennoille, perehtym\u00e4ll\u00e4 oheismateriaaliin sek\u00e4 kirjoittamalla niiden pohjalta luentop\u00e4iv\u00e4kirja (3 op). Lis\u00e4opintopisteet (2 op) on mahdollista suorittaa kirjoittamalla essee erikseen annettavan ohjeistuksen perusteella (ks. tarkemmin alla). Tarkemmat tiedot suoritusmuodoista sek\u00e4 oheismateriaali &hellip; <a href=\"https:\/\/blogit.utu.fi\/80luku\/opintosuoritukset\/\">Lue loppuun <span class=\"meta-nav\">&rarr;<\/span><\/a><\/p>\n","protected":false},"author":80,"featured_media":0,"parent":0,"menu_order":0,"comment_status":"closed","ping_status":"closed","template":"","meta":{"footnotes":""},"class_list":["post-21","page","type-page","status-publish","hentry"],"_links":{"self":[{"href":"https:\/\/blogit.utu.fi\/80luku\/wp-json\/wp\/v2\/pages\/21","targetHints":{"allow":["GET"]}}],"collection":[{"href":"https:\/\/blogit.utu.fi\/80luku\/wp-json\/wp\/v2\/pages"}],"about":[{"href":"https:\/\/blogit.utu.fi\/80luku\/wp-json\/wp\/v2\/types\/page"}],"author":[{"embeddable":true,"href":"https:\/\/blogit.utu.fi\/80luku\/wp-json\/wp\/v2\/users\/80"}],"replies":[{"embeddable":true,"href":"https:\/\/blogit.utu.fi\/80luku\/wp-json\/wp\/v2\/comments?post=21"}],"version-history":[{"count":3,"href":"https:\/\/blogit.utu.fi\/80luku\/wp-json\/wp\/v2\/pages\/21\/revisions"}],"predecessor-version":[{"id":103,"href":"https:\/\/blogit.utu.fi\/80luku\/wp-json\/wp\/v2\/pages\/21\/revisions\/103"}],"wp:attachment":[{"href":"https:\/\/blogit.utu.fi\/80luku\/wp-json\/wp\/v2\/media?parent=21"}],"curies":[{"name":"wp","href":"https:\/\/api.w.org\/{rel}","templated":true}]}}