{"id":851,"date":"2018-11-13T19:14:02","date_gmt":"2018-11-13T19:14:02","guid":{"rendered":"https:\/\/blogit.utu.fi\/aalaw\/?page_id=851"},"modified":"2018-11-22T13:33:57","modified_gmt":"2018-11-22T13:33:57","slug":"seminaari_1","status":"publish","type":"page","link":"https:\/\/blogit.utu.fi\/aalaw\/events\/seminaari_1\/","title":{"rendered":"Seminaari 3.12.2018 klo 10-16"},"content":{"rendered":"<p>AALAW ja D4V -projektit j\u00e4rjest\u00e4v\u00e4t tutkijaseminaarin aiheesta<\/p>\n<p>TEKNIIKKA KEHITTYY, KEHITTYYK\u00d6 YKSITYISOIKEUS?<\/p>\n<p>Caloniassa 3.12.2018 klo 10\u201316 luentosalissa Cal 2.<\/p>\n<p>Autot ajavat kohta itse, tietokoneet tekev\u00e4t sopimuksia kesken\u00e4\u00e4n, s\u00e4hk\u00f6 on rahaa ja kiinteist\u00f6t kolmiulotteisia. Yritystoimintaa harjoitetaan globaaleissa verkostoissa ja jakamistalous sitoo (ehk\u00e4) meid\u00e4t naapureihimme. Yksityisoikeuden taloudellinen ja yhteiskunnallinen toimintaymp\u00e4rist\u00f6 on kovassa ja kiistattomassa muutoksessa. Ep\u00e4selv\u00e4\u00e4 on, mit\u00e4 yksityisoikeudelle on tapahtumassa. Pysyyk\u00f6 yksityisoikeus teknisen kehityksen per\u00e4ss\u00e4? Onko t\u00e4m\u00e4 ylip\u00e4\u00e4t\u00e4\u00e4n mahdollista? Jos on, miten?<\/p>\n<p>Ilmoittautumiset 26.11.2018 menness\u00e4:\u00a0https:\/\/konsta.utu.fi\/Default.aspx?tabid=88&amp;tap=5389. Jos haluaisit pit\u00e4\u00e4 alustuksen, ota yhteytt\u00e4 Mika Viljaseen (mivevi@utu.fi) mahdollisimman pikaisesti.<\/p>\n<p>Alustava ohjelma<\/p>\n<p><strong>klo 10.00\u201310.15<\/strong><\/p>\n<p><em>Seminaarin avaus,\u00a0<\/em>Mika Viljanen<\/p>\n<p><strong>klo 10.15\u201310.45<\/strong><\/p>\n<p><em>Digitalisaatio ja eurooppalaiset tuomioistuimet,\u00a0<\/em>Tuomas Mylly<\/p>\n<p><strong>10.45\u201311.15<\/strong><\/p>\n<p><em>Digitaalisen keskuspankkirahan haasteet<\/em>, Janne Kaisto<\/p>\n<p><strong>11.15\u201311.45<\/strong><\/p>\n<p><em>Velvoitteen vanhentuminen<\/em>, Olli Norros<\/p>\n<p><strong>11.45\u201313.00<\/strong><\/p>\n<p>Lounas<\/p>\n<p><strong>13.00\u201313.30<\/strong><\/p>\n<p><em>Alustatalous, autonomiset toimijat ja ylikansalliset arvoketjut?,\u00a0<\/em>Jaakko Salminen<\/p>\n<p><strong>13.30\u201314.00<\/strong><\/p>\n<p><em>Sopimus yhteisty\u00f6v\u00e4lineen\u00e4,\u00a0<\/em>Anne Hurmerinta-Haanp\u00e4\u00e4<\/p>\n<p><strong>14.00\u201314.30<\/strong><\/p>\n<p>Kahvi<\/p>\n<p><strong>14.30-15.00<\/strong><\/p>\n<p><em>Teko\u00e4ly ja tekij\u00e4noikeudellinen omaper\u00e4isyys &#8211; esimerkkin\u00e4 uutisautomaatio,<\/em> Anette Alen-Savikko<\/p>\n<p><strong>15.00\u201315.30<\/strong><\/p>\n<p><em>Robottien vakuuttamisesta<\/em>, Mika Viljanen<\/p>\n<p><strong>15.30\u201316.00<\/strong><\/p>\n<p><em>Vihre\u00e4 talous ja contract management,\u00a0<\/em>Suvi Hirvonen-Ere<\/p>\n<p>&nbsp;<\/p>\n<p>&nbsp;<\/p>\n","protected":false},"excerpt":{"rendered":"<p>AALAW ja D4V -projektit j\u00e4rjest\u00e4v\u00e4t tutkijaseminaarin aiheesta TEKNIIKKA KEHITTYY, KEHITTYYK\u00d6 YKSITYISOIKEUS? Caloniassa 3.12.2018 klo 10\u201316 luentosalissa Cal 2. Autot ajavat kohta itse, tietokoneet tekev\u00e4t sopimuksia kesken\u00e4\u00e4n, s\u00e4hk\u00f6 on rahaa ja kiinteist\u00f6t kolmiulotteisia. Yritystoimintaa harjoitetaan globaaleissa verkostoissa ja jakamistalous sitoo (ehk\u00e4) meid\u00e4t naapureihimme. Yksityisoikeuden taloudellinen ja yhteiskunnallinen toimintaymp\u00e4rist\u00f6 on kovassa ja kiistattomassa muutoksessa. Ep\u00e4selv\u00e4\u00e4 on, mit\u00e4 [&hellip;]<\/p>\n","protected":false},"author":3232,"featured_media":860,"parent":833,"menu_order":0,"comment_status":"closed","ping_status":"closed","template":"","meta":{"footnotes":""},"class_list":["post-851","page","type-page","status-publish","has-post-thumbnail","hentry","post-preview"],"_links":{"self":[{"href":"https:\/\/blogit.utu.fi\/aalaw\/wp-json\/wp\/v2\/pages\/851","targetHints":{"allow":["GET"]}}],"collection":[{"href":"https:\/\/blogit.utu.fi\/aalaw\/wp-json\/wp\/v2\/pages"}],"about":[{"href":"https:\/\/blogit.utu.fi\/aalaw\/wp-json\/wp\/v2\/types\/page"}],"author":[{"embeddable":true,"href":"https:\/\/blogit.utu.fi\/aalaw\/wp-json\/wp\/v2\/users\/3232"}],"replies":[{"embeddable":true,"href":"https:\/\/blogit.utu.fi\/aalaw\/wp-json\/wp\/v2\/comments?post=851"}],"version-history":[{"count":18,"href":"https:\/\/blogit.utu.fi\/aalaw\/wp-json\/wp\/v2\/pages\/851\/revisions"}],"predecessor-version":[{"id":1034,"href":"https:\/\/blogit.utu.fi\/aalaw\/wp-json\/wp\/v2\/pages\/851\/revisions\/1034"}],"up":[{"embeddable":true,"href":"https:\/\/blogit.utu.fi\/aalaw\/wp-json\/wp\/v2\/pages\/833"}],"wp:featuredmedia":[{"embeddable":true,"href":"https:\/\/blogit.utu.fi\/aalaw\/wp-json\/wp\/v2\/media\/860"}],"wp:attachment":[{"href":"https:\/\/blogit.utu.fi\/aalaw\/wp-json\/wp\/v2\/media?parent=851"}],"curies":[{"name":"wp","href":"https:\/\/api.w.org\/{rel}","templated":true}]}}