{"id":2,"date":"2026-01-07T09:49:54","date_gmt":"2026-01-07T07:49:54","guid":{"rendered":"https:\/\/blogit.utu.fi\/abo800\/?page_id=2"},"modified":"2026-04-06T18:26:01","modified_gmt":"2026-04-06T15:26:01","slug":"bloggen","status":"publish","type":"page","link":"https:\/\/blogit.utu.fi\/abo800\/bloggen\/","title":{"rendered":"Bloggen och skribenterna"},"content":{"rendered":"\n<p>\u00c5bo stad firar sin m\u00e5nghundra\u00e5riga historia \u00e5r 2029. \u00c5bo universitets arkeologer och historiker startade den h\u00e4r bloggen, <em>800 ber\u00e4ttelser ur \u00c5bo stads historia, <\/em>den 1 januari 2026 som ett forum f\u00f6r ber\u00e4ttelser om stadens brokiga f\u00f6rg\u00e5ngna. Tanken \u00e4r att publicera korta historier om m\u00e4nnisko\u00f6den, situationer och h\u00e4ndelser i b\u00e5de vardag och fest. M\u00e5let \u00e4r att i 800 glimtar belysa stadens och stadsbornas f\u00f6rg\u00e5ngna fram till jubileums\u00e5ret 2029. V\u00e4lkommen med!<\/p>\n\n\n\n<p>Bloggredaktion:<\/p>\n\n\n\n<p>Pertti Gr\u00f6nholm, Georg Haggr\u00e9n, Noora Kallioniemi, Sari Katajala-Peltomaa, Hannu Salmi, Charlotta Wolff.<\/p>\n\n\n\n<p>Kontaktperson: Hannu Salmi (hansalmi@utu.fi).<\/p>\n\n\n\n<p>Bloggskribenter hittills:<\/p>\n\n\n\n<p>Topi Artukka<br>Pertti Gr\u00f6nholm<br>Georg Haggr\u00e9n<br>Heidi Hakkarainen<br>Tuukka Heikkinen<br>Jerkko Holmi<br>Noora Kallioniemi<br>Joonas Kananen<br>Sari Katajala-Peltomaa<br>Riku Kauhanen<br>Jarkko Keskinen<br>Leila Koivunen<br>Pia Koivunen<br>Tapani Kunttu<br>Johanna Latva<br>Otto Latva<br>Ilari Lehtinen<br>Jean Lukkarinen<br>Kevin M\u00e5rtensson<br>Tiina M\u00e4nnist\u00f6-Funk<br>Paavo Oinonen<br>Tapio Onnela<br>Petri Paju<br>Saara Penttinen<br>Heli Rantala<br>P\u00e4lvi Rantala<br>Marika R\u00e4s\u00e4nen<br>Hannu Salmi<br>Jukka Sarjala<br>Panu Savolainen<br>Mikko Toivanen<br>Veli Pekka Toropainen<br>Janne Tunturi<br>Noora Viljamaa<br>Liisa Vuonokari-Bomstr\u00f6m<br>Timo Vuorisalo<br>Mari V\u00e4lim\u00e4ki<br>Reima V\u00e4lim\u00e4ki<\/p>\n\n\n\n<p>\u00d6vers\u00e4ttare hittills:<\/p>\n\n\n\n<p>Brita L\u00f6flund<\/p>\n\n\n\n<p><\/p>\n\n\n\n<p>800 ber\u00e4ttelser ur \u00c5bo stads historia, ISSN 3087\u20138179<br><\/p>\n","protected":false},"excerpt":{"rendered":"<p>\u00c5bo stad firar sin m\u00e5nghundra\u00e5riga historia \u00e5r 2029. \u00c5bo universitets arkeologer och historiker startade den h\u00e4r bloggen, 800 ber\u00e4ttelser ur \u00c5bo stads historia, den 1 januari 2026 som ett forum f\u00f6r ber\u00e4ttelser om stadens brokiga f\u00f6rg\u00e5ngna. Tanken \u00e4r att publicera korta historier om m\u00e4nnisko\u00f6den, situationer och h\u00e4ndelser i b\u00e5de vardag och fest. M\u00e5let \u00e4r att &hellip; <a href=\"https:\/\/blogit.utu.fi\/abo800\/bloggen\/\" class=\"more-link\">Forts\u00e4tt l\u00e4sa <span class=\"screen-reader-text\">Bloggen och skribenterna<\/span> <span class=\"meta-nav\">&rarr;<\/span><\/a><\/p>\n","protected":false},"author":29,"featured_media":0,"parent":0,"menu_order":0,"comment_status":"closed","ping_status":"open","template":"","meta":{"footnotes":""},"class_list":["post-2","page","type-page","status-publish","hentry"],"_links":{"self":[{"href":"https:\/\/blogit.utu.fi\/abo800\/wp-json\/wp\/v2\/pages\/2","targetHints":{"allow":["GET"]}}],"collection":[{"href":"https:\/\/blogit.utu.fi\/abo800\/wp-json\/wp\/v2\/pages"}],"about":[{"href":"https:\/\/blogit.utu.fi\/abo800\/wp-json\/wp\/v2\/types\/page"}],"author":[{"embeddable":true,"href":"https:\/\/blogit.utu.fi\/abo800\/wp-json\/wp\/v2\/users\/29"}],"replies":[{"embeddable":true,"href":"https:\/\/blogit.utu.fi\/abo800\/wp-json\/wp\/v2\/comments?post=2"}],"version-history":[{"count":7,"href":"https:\/\/blogit.utu.fi\/abo800\/wp-json\/wp\/v2\/pages\/2\/revisions"}],"predecessor-version":[{"id":219,"href":"https:\/\/blogit.utu.fi\/abo800\/wp-json\/wp\/v2\/pages\/2\/revisions\/219"}],"wp:attachment":[{"href":"https:\/\/blogit.utu.fi\/abo800\/wp-json\/wp\/v2\/media?parent=2"}],"curies":[{"name":"wp","href":"https:\/\/api.w.org\/{rel}","templated":true}]}}