{"id":58,"date":"2026-02-06T08:14:50","date_gmt":"2026-02-06T06:14:50","guid":{"rendered":"https:\/\/blogit.utu.fi\/abo800\/?page_id=58"},"modified":"2026-02-06T08:18:57","modified_gmt":"2026-02-06T06:18:57","slug":"issn-3087-8179","status":"publish","type":"page","link":"https:\/\/blogit.utu.fi\/abo800\/issn-3087-8179\/","title":{"rendered":"ISSN 3087-8179"},"content":{"rendered":"\n<p><em>800 ber\u00e4ttelser om \u00c5bo stads historia <\/em>publiceras av historiker och arkeologer vid \u00c5bo universitet. Bloggen lanserades den 1 januari 2026, och den har ett eget ISSN-nummer: ISSN 3087\u20138179.<br><br><\/p>\n","protected":false},"excerpt":{"rendered":"<p>800 ber\u00e4ttelser om \u00c5bo stads historia publiceras av historiker och arkeologer vid \u00c5bo universitet. Bloggen lanserades den 1 januari 2026, och den har ett eget ISSN-nummer: ISSN 3087\u20138179.<\/p>\n","protected":false},"author":29,"featured_media":0,"parent":0,"menu_order":0,"comment_status":"closed","ping_status":"closed","template":"","meta":{"footnotes":""},"class_list":["post-58","page","type-page","status-publish","hentry"],"_links":{"self":[{"href":"https:\/\/blogit.utu.fi\/abo800\/wp-json\/wp\/v2\/pages\/58","targetHints":{"allow":["GET"]}}],"collection":[{"href":"https:\/\/blogit.utu.fi\/abo800\/wp-json\/wp\/v2\/pages"}],"about":[{"href":"https:\/\/blogit.utu.fi\/abo800\/wp-json\/wp\/v2\/types\/page"}],"author":[{"embeddable":true,"href":"https:\/\/blogit.utu.fi\/abo800\/wp-json\/wp\/v2\/users\/29"}],"replies":[{"embeddable":true,"href":"https:\/\/blogit.utu.fi\/abo800\/wp-json\/wp\/v2\/comments?post=58"}],"version-history":[{"count":4,"href":"https:\/\/blogit.utu.fi\/abo800\/wp-json\/wp\/v2\/pages\/58\/revisions"}],"predecessor-version":[{"id":62,"href":"https:\/\/blogit.utu.fi\/abo800\/wp-json\/wp\/v2\/pages\/58\/revisions\/62"}],"wp:attachment":[{"href":"https:\/\/blogit.utu.fi\/abo800\/wp-json\/wp\/v2\/media?parent=58"}],"curies":[{"name":"wp","href":"https:\/\/api.w.org\/{rel}","templated":true}]}}