{"id":260,"date":"2019-09-20T10:49:15","date_gmt":"2019-09-20T10:49:15","guid":{"rendered":"https:\/\/blogit.utu.fi\/ajankoneet\/?page_id=260"},"modified":"2019-10-03T08:54:21","modified_gmt":"2019-10-03T08:54:21","slug":"tukijat","status":"publish","type":"page","link":"https:\/\/blogit.utu.fi\/ajankoneet\/tukijat\/","title":{"rendered":"Tukijat"},"content":{"rendered":"<h3>Historian, kulttuurin ja taiteiden tutkimuksen arkisto, Turun Yliopisto<\/h3>\n<p><a href=\"https:\/\/www.utu.fi\/fi\/yliopisto\/humanistinen-tiedekunta\/hkt-arkisto\">https:\/\/www.utu.fi\/fi\/yliopisto\/humanistinen-tiedekunta\/hkt-arkisto<\/a><\/p>\n<h3>Historian, kulttuurin ja taiteiden tutkimuksen laitos, TY<\/h3>\n<p><a href=\"https:\/\/www.utu.fi\/fi\/yliopisto\/humanistinen-tiedekunta\/historian-kulttuurin-ja-taiteiden-tutkimuksen-laitos\">https:\/\/www.utu.fi\/fi\/yliopisto\/humanistinen-tiedekunta\/historian-kulttuurin-ja-taiteiden-tutkimuksen-laitos<\/a><\/p>\n<h3>Seurasaaris\u00e4\u00e4ti\u00f6, Emil ja Lempi Hietasen rahasto<\/h3>\n<p>https:\/\/www.seurasaarisaatio.fi\/<\/p>\n<h3>Tiedekeskus Tuorla, TY<\/h3>\n<p><a href=\"http:\/\/tiedekeskustuorla.fi\/\">http:\/\/tiedekeskustuorla.fi\/<\/a><\/p>\n<h3>Tuorlan t\u00e4htitieteellinen seura ry<\/h3>\n<p>http:\/\/www.caelus.fi\/<\/p>\n<h3>Turun yliopiston keskusarkisto<\/h3>\n<p><a href=\"https:\/\/www.utu.fi\/fi\/yliopisto\/kirjaamo\">https:\/\/www.utu.fi\/fi\/yliopisto\/kirjaamo<\/a><\/p>\n<p><a href=\"https:\/\/mediabank.utu.fi\/\">https:\/\/mediabank.utu.fi\/<\/a><\/p>\n<h3>Turun yliopistos\u00e4\u00e4ti\u00f6<\/h3>\n<div><a href=\"http:\/\/www.turunyliopistosaatio.fi\">www.turunyliopistosaatio.fi<\/a><\/div>\n<p>&nbsp;<\/p>\n<p>&nbsp;<\/p>\n<p><img loading=\"lazy\" decoding=\"async\" class=\"size-medium wp-image-386 alignleft\" src=\"https:\/\/blogit.utu.fi\/ajankoneet\/wp-content\/uploads\/sites\/428\/2019\/09\/UTU_logo_FI_RGB-300x121.jpg\" alt=\"\" width=\"300\" height=\"121\" srcset=\"https:\/\/blogit.utu.fi\/ajankoneet\/wp-content\/uploads\/sites\/428\/2019\/09\/UTU_logo_FI_RGB-300x121.jpg 300w, https:\/\/blogit.utu.fi\/ajankoneet\/wp-content\/uploads\/sites\/428\/2019\/09\/UTU_logo_FI_RGB-768x311.jpg 768w, https:\/\/blogit.utu.fi\/ajankoneet\/wp-content\/uploads\/sites\/428\/2019\/09\/UTU_logo_FI_RGB-1024x414.jpg 1024w, https:\/\/blogit.utu.fi\/ajankoneet\/wp-content\/uploads\/sites\/428\/2019\/09\/UTU_logo_FI_RGB-600x243.jpg 600w, https:\/\/blogit.utu.fi\/ajankoneet\/wp-content\/uploads\/sites\/428\/2019\/09\/UTU_logo_FI_RGB.jpg 1236w\" sizes=\"auto, (max-width: 300px) 100vw, 300px\" \/><\/p>\n","protected":false},"excerpt":{"rendered":"<p>Historian, kulttuurin ja taiteiden tutkimuksen arkisto, Turun Yliopisto https:\/\/www.utu.fi\/fi\/yliopisto\/humanistinen-tiedekunta\/hkt-arkisto Historian, kulttuurin ja taiteiden tutkimuksen laitos, TY https:\/\/www.utu.fi\/fi\/yliopisto\/humanistinen-tiedekunta\/historian-kulttuurin-ja-taiteiden-tutkimuksen-laitos Seurasaaris\u00e4\u00e4ti\u00f6, Emil ja Lempi Hietasen rahasto https:\/\/www.seurasaarisaatio.fi\/ Tiedekeskus Tuorla, TY http:\/\/tiedekeskustuorla.fi\/ Tuorlan t\u00e4htitieteellinen seura ry http:\/\/www.caelus.fi\/ Turun yliopiston keskusarkisto https:\/\/www.utu.fi\/fi\/yliopisto\/kirjaamo https:\/\/mediabank.utu.fi\/ Turun yliopistos\u00e4\u00e4ti\u00f6 www.turunyliopistosaatio.fi &nbsp; &nbsp;<\/p>\n","protected":false},"author":5359,"featured_media":0,"parent":0,"menu_order":0,"comment_status":"closed","ping_status":"closed","template":"","meta":{"footnotes":""},"class_list":["post-260","page","type-page","status-publish","hentry"],"_links":{"self":[{"href":"https:\/\/blogit.utu.fi\/ajankoneet\/wp-json\/wp\/v2\/pages\/260","targetHints":{"allow":["GET"]}}],"collection":[{"href":"https:\/\/blogit.utu.fi\/ajankoneet\/wp-json\/wp\/v2\/pages"}],"about":[{"href":"https:\/\/blogit.utu.fi\/ajankoneet\/wp-json\/wp\/v2\/types\/page"}],"author":[{"embeddable":true,"href":"https:\/\/blogit.utu.fi\/ajankoneet\/wp-json\/wp\/v2\/users\/5359"}],"replies":[{"embeddable":true,"href":"https:\/\/blogit.utu.fi\/ajankoneet\/wp-json\/wp\/v2\/comments?post=260"}],"version-history":[{"count":7,"href":"https:\/\/blogit.utu.fi\/ajankoneet\/wp-json\/wp\/v2\/pages\/260\/revisions"}],"predecessor-version":[{"id":422,"href":"https:\/\/blogit.utu.fi\/ajankoneet\/wp-json\/wp\/v2\/pages\/260\/revisions\/422"}],"wp:attachment":[{"href":"https:\/\/blogit.utu.fi\/ajankoneet\/wp-json\/wp\/v2\/media?parent=260"}],"curies":[{"name":"wp","href":"https:\/\/api.w.org\/{rel}","templated":true}]}}