{"id":272,"date":"2019-09-20T10:52:30","date_gmt":"2019-09-20T10:52:30","guid":{"rendered":"https:\/\/blogit.utu.fi\/ajankoneet\/?page_id=272"},"modified":"2019-09-27T11:17:08","modified_gmt":"2019-09-27T11:17:08","slug":"ajan-koneet","status":"publish","type":"page","link":"https:\/\/blogit.utu.fi\/ajankoneet\/","title":{"rendered":"AJAN KONEET &#8211; Humanististaiteellinen tutkijakollektiivi"},"content":{"rendered":"<p style=\"text-align: left\"><strong>AJAN KONEET -kollektiivi<\/strong> on syntynyt ajan k\u00e4sitteen kyseenalaistamisen sek\u00e4 uudelleenmuotoilun tarpeesta. Paikkasidonnainen tutkimusprosessimme kohdistuu <strong>Tuorlan observatorion alueelle.<\/strong><\/p>\n<p style=\"text-align: left\"><strong>Taomme ja tutkimme ajan koneita<\/strong>, joiden osia on l\u00e4sn\u00e4 ajassamme. N\u00e4m\u00e4 koneiden osat kuvastavat Tuorlan observatorion menneisyytt\u00e4 ja toisaalta yhteist\u00e4 tulevaisuuttamme.<\/p>\n<p style=\"text-align: left\">Maailmankaikkeuden havainnointi, \u00e4\u00e4rimm\u00e4iseen tarkkuuteen pyrkiv\u00e4 mittaaminen ja itsetehdyt keksinn\u00f6t ovat esineist\u00f6st\u00e4 nousevia, t\u00e4ss\u00e4 ajassa puhuttelevia teemoja. <strong>T\u00e4htitieteellisen tutkimuksen kautta syntyneiden artefaktien ja arkistoaineiston avulla tutkimme ja tulkitsemme ajan olemusta.<\/strong><\/p>\n<p style=\"text-align: left\">Olemme arkistoaktivisteja: haastamme perinteisen arkistolaitoksen ja muut muistiorganisaatiot kohtaamaan kysymyksi\u00e4 vallasta, osallisuudesta ja omaehtoisuudesta. <strong>Toimimme sek\u00e4 tieteen ett\u00e4 taiteen kentill\u00e4 ravistellen tapaamme muistaa, arkistoida ja unohtaa.<\/strong><\/p>\n","protected":false},"excerpt":{"rendered":"<p>AJAN KONEET -kollektiivi on syntynyt ajan k\u00e4sitteen kyseenalaistamisen sek\u00e4 uudelleenmuotoilun tarpeesta. Paikkasidonnainen tutkimusprosessimme kohdistuu Tuorlan observatorion alueelle. Taomme ja tutkimme ajan koneita, joiden osia on l\u00e4sn\u00e4 ajassamme. N\u00e4m\u00e4 koneiden osat kuvastavat Tuorlan observatorion menneisyytt\u00e4 ja toisaalta yhteist\u00e4 tulevaisuuttamme. Maailmankaikkeuden havainnointi, \u00e4\u00e4rimm\u00e4iseen tarkkuuteen pyrkiv\u00e4 mittaaminen ja itsetehdyt keksinn\u00f6t ovat esineist\u00f6st\u00e4 nousevia, t\u00e4ss\u00e4 ajassa puhuttelevia teemoja. T\u00e4htitieteellisen&#8230; <\/p>\n<div class=\"link-more\"><a href=\"https:\/\/blogit.utu.fi\/ajankoneet\/\">Read More<\/a><\/div>\n","protected":false},"author":5359,"featured_media":0,"parent":0,"menu_order":0,"comment_status":"closed","ping_status":"closed","template":"","meta":{"footnotes":""},"class_list":["post-272","page","type-page","status-publish","hentry"],"_links":{"self":[{"href":"https:\/\/blogit.utu.fi\/ajankoneet\/wp-json\/wp\/v2\/pages\/272","targetHints":{"allow":["GET"]}}],"collection":[{"href":"https:\/\/blogit.utu.fi\/ajankoneet\/wp-json\/wp\/v2\/pages"}],"about":[{"href":"https:\/\/blogit.utu.fi\/ajankoneet\/wp-json\/wp\/v2\/types\/page"}],"author":[{"embeddable":true,"href":"https:\/\/blogit.utu.fi\/ajankoneet\/wp-json\/wp\/v2\/users\/5359"}],"replies":[{"embeddable":true,"href":"https:\/\/blogit.utu.fi\/ajankoneet\/wp-json\/wp\/v2\/comments?post=272"}],"version-history":[{"count":6,"href":"https:\/\/blogit.utu.fi\/ajankoneet\/wp-json\/wp\/v2\/pages\/272\/revisions"}],"predecessor-version":[{"id":377,"href":"https:\/\/blogit.utu.fi\/ajankoneet\/wp-json\/wp\/v2\/pages\/272\/revisions\/377"}],"wp:attachment":[{"href":"https:\/\/blogit.utu.fi\/ajankoneet\/wp-json\/wp\/v2\/media?parent=272"}],"curies":[{"name":"wp","href":"https:\/\/api.w.org\/{rel}","templated":true}]}}