{"id":278,"date":"2019-09-20T10:52:30","date_gmt":"2019-09-20T10:52:30","guid":{"rendered":"https:\/\/blogit.utu.fi\/ajankoneet\/?page_id=278"},"modified":"2022-06-13T14:45:07","modified_gmt":"2022-06-13T14:45:07","slug":"takojat","status":"publish","type":"page","link":"https:\/\/blogit.utu.fi\/ajankoneet\/takojat\/","title":{"rendered":"Takojat"},"content":{"rendered":"\n<figure class=\"wp-block-image is-resized\"><img loading=\"lazy\" decoding=\"async\" src=\"https:\/\/blogit.utu.fi\/ajankoneet\/wp-content\/uploads\/sites\/428\/2019\/12\/kirsi-1024x1024.jpg\" alt=\"\" class=\"wp-image-480\" width=\"133\" height=\"133\" srcset=\"https:\/\/blogit.utu.fi\/ajankoneet\/wp-content\/uploads\/sites\/428\/2019\/12\/kirsi-1024x1024.jpg 1024w, https:\/\/blogit.utu.fi\/ajankoneet\/wp-content\/uploads\/sites\/428\/2019\/12\/kirsi-150x150.jpg 150w, https:\/\/blogit.utu.fi\/ajankoneet\/wp-content\/uploads\/sites\/428\/2019\/12\/kirsi-300x300.jpg 300w, https:\/\/blogit.utu.fi\/ajankoneet\/wp-content\/uploads\/sites\/428\/2019\/12\/kirsi-768x768.jpg 768w, https:\/\/blogit.utu.fi\/ajankoneet\/wp-content\/uploads\/sites\/428\/2019\/12\/kirsi.jpg 1232w\" sizes=\"auto, (max-width: 133px) 100vw, 133px\" \/><\/figure>\n\n\n\n<h3 class=\"wp-block-heading\">Kirsi H\u00e4nninen, Ph.D.<\/h3>\n\n\n\n<p>Ph.D. Kirsi H\u00e4nninen on folkloristi, arkistoalan ja asiakirjahallinnan yliopisto-opettaja ja Historian, kulttuurin ja taiteiden tutkimuksen arkistosta vastaava henkil\u00f6 Turun yliopistossa. H\u00e4nnist\u00e4 kiehtoo instituutioiden ja yhteis\u00f6jen suhteissa tapahtuva vallan ja asiantuntijuuden rakentaminen ja purkaminen. N\u00e4it\u00e4 h\u00e4n on tarkastellut niin tutkijana, opettajana kuin arkistonhoitajanakin. Erityisesti arkistoaktivismi, valtavirrasta poikkeavien kokemusten arkistointi ja tutkiminen sek\u00e4 ajan uudelleen kuvittelu innostavat h\u00e4nt\u00e4.<\/p>\n\n\n\n<p><a>kimaha(at)utu.fi<\/a><\/p>\n\n\n\n<p><\/p>\n\n\n\n<figure class=\"wp-block-image is-resized\"><img loading=\"lazy\" decoding=\"async\" src=\"https:\/\/blogit.utu.fi\/ajankoneet\/wp-content\/uploads\/sites\/428\/2019\/12\/maija-1024x1024.jpg\" alt=\"\" class=\"wp-image-483\" width=\"133\" height=\"133\" srcset=\"https:\/\/blogit.utu.fi\/ajankoneet\/wp-content\/uploads\/sites\/428\/2019\/12\/maija-1024x1024.jpg 1024w, https:\/\/blogit.utu.fi\/ajankoneet\/wp-content\/uploads\/sites\/428\/2019\/12\/maija-150x150.jpg 150w, https:\/\/blogit.utu.fi\/ajankoneet\/wp-content\/uploads\/sites\/428\/2019\/12\/maija-300x300.jpg 300w, https:\/\/blogit.utu.fi\/ajankoneet\/wp-content\/uploads\/sites\/428\/2019\/12\/maija-768x768.jpg 768w, https:\/\/blogit.utu.fi\/ajankoneet\/wp-content\/uploads\/sites\/428\/2019\/12\/maija.jpg 1229w\" sizes=\"auto, (max-width: 133px) 100vw, 133px\" \/><\/figure>\n\n\n\n<h3 class=\"wp-block-heading\">Maija M\u00e4ki, FT<\/h3>\n\n\n\n<p>FT Maija M\u00e4ki on museaalisesti suuntautunut kansatieteilij\u00e4, arkeologiasta valmistunut ja tulevaisuuksia kohti kurkotteleva tutkija Turun yliopistosta. M\u00e4ki suhtautuu aikaan, ajan kulkuun ja ajan j\u00e4lkiin \u2013 erityisesti esineelliseen kulttuuriperint\u00f6\u00f6n \u2013 intohimoisesti. M\u00e4en tutkimusintressit ovat usein tulevaisuusorientoituneita. Toiminnan muotona on osallistuva etnografia, dokumentoiva l\u00e4sn\u00e4olo t\u00e4ss\u00e4 hetkess\u00e4 menneisyyden s\u00e4vyj\u00e4 ja tulevaisuuden vaihtoehtoja tavoitellen. M\u00e4ki ty\u00f6skentelee parhaillaan Tulevaisuuden tutkimuskeskuksessa, Turun yliopistossa.<\/p>\n\n\n\n<p>maija.j.maki(at)utu.fi<\/p>\n\n\n\n<p><\/p>\n\n\n\n<figure class=\"wp-block-image is-resized\"><img loading=\"lazy\" decoding=\"async\" src=\"https:\/\/blogit.utu.fi\/ajankoneet\/wp-content\/uploads\/sites\/428\/2019\/12\/miina-1024x1024.jpg\" alt=\"\" class=\"wp-image-474\" width=\"135\" height=\"135\" srcset=\"https:\/\/blogit.utu.fi\/ajankoneet\/wp-content\/uploads\/sites\/428\/2019\/12\/miina-1024x1024.jpg 1024w, https:\/\/blogit.utu.fi\/ajankoneet\/wp-content\/uploads\/sites\/428\/2019\/12\/miina-150x150.jpg 150w, https:\/\/blogit.utu.fi\/ajankoneet\/wp-content\/uploads\/sites\/428\/2019\/12\/miina-300x300.jpg 300w, https:\/\/blogit.utu.fi\/ajankoneet\/wp-content\/uploads\/sites\/428\/2019\/12\/miina-768x768.jpg 768w, https:\/\/blogit.utu.fi\/ajankoneet\/wp-content\/uploads\/sites\/428\/2019\/12\/miina.jpg 1229w\" sizes=\"auto, (max-width: 135px) 100vw, 135px\" \/><\/figure>\n\n\n\n<h3 class=\"wp-block-heading\">Miina Pohjolainen,&nbsp; TaM, kuvataiteilija (AMK)<\/h3>\n\n\n\n<p>Miina Pohjolainen on kuvataiteilija ja kuraattori, joka on valmistunut Aalto-yliopiston Curating, Managing and Mediating Art -maisteriohjelmasta. Pohjolainen on kiinnostunut tiloista ajan n\u00e4ytt\u00e4m\u00f6in\u00e4 sek\u00e4 paikkoihin liittyvist\u00e4 ajan, vallan ja sosiaalisten k\u00e4yt\u00e4nt\u00f6jen kerrostumista. H\u00e4nen taiteellista ja kuratoriaalista ty\u00f6t\u00e4\u00e4n ohjaa feministinen ajattelu ja haaveilu.<\/p>\n\n\n\n<p> miinampohjolainen(at)gmail.com<\/p>\n\n\n\n<p><\/p>\n\n\n\n<figure class=\"wp-block-image is-resized\"><img loading=\"lazy\" decoding=\"async\" src=\"https:\/\/blogit.utu.fi\/ajankoneet\/wp-content\/uploads\/sites\/428\/2019\/12\/jaana-1024x1024.jpg\" alt=\"\" class=\"wp-image-477\" width=\"134\" height=\"134\" srcset=\"https:\/\/blogit.utu.fi\/ajankoneet\/wp-content\/uploads\/sites\/428\/2019\/12\/jaana-1024x1024.jpg 1024w, https:\/\/blogit.utu.fi\/ajankoneet\/wp-content\/uploads\/sites\/428\/2019\/12\/jaana-150x150.jpg 150w, https:\/\/blogit.utu.fi\/ajankoneet\/wp-content\/uploads\/sites\/428\/2019\/12\/jaana-300x300.jpg 300w, https:\/\/blogit.utu.fi\/ajankoneet\/wp-content\/uploads\/sites\/428\/2019\/12\/jaana-768x768.jpg 768w, https:\/\/blogit.utu.fi\/ajankoneet\/wp-content\/uploads\/sites\/428\/2019\/12\/jaana.jpg 1226w\" sizes=\"auto, (max-width: 134px) 100vw, 134px\" \/><\/figure>\n\n\n<h3>Jaana Saarikoski, FM, kuvataiteilija (AMK)<\/h3>\n<p>Jaana Saarikoski on etnologi ja kuvataiteilija. H\u00e4n on perehtynyt Tuorlan observatorion aineelliseen kulttuuriperint\u00f6\u00f6n tekem\u00e4ll\u00e4 haastatteluja, dokumentaatiota ja luettelointia Tuorlan observatorion kirjallisuudesta, rakennuskannasta ja muusta esineist\u00f6st\u00e4. H\u00e4nen pro gradu -tutkielmansa k\u00e4sittelee observatorion esineist\u00f6n merkityksi\u00e4. H\u00e4n toimii p\u00e4\u00e4suunnittelijana Tuorlan observatoriolle perustettavassa V\u00e4is\u00e4l\u00e4museossa.\u00a0 Taiteessaan h\u00e4n k\u00e4ytt\u00e4\u00e4 p\u00e4\u00e4asiassa maalausta, kuvanveistoa, videota ja valokuvaa. Monet h\u00e4nen teoksensa tutkivat hienovaraisia ja sanattomia kokemuksia, kuten estetiikan, ajan, huumorin, kehollisuuden ja tunteiden kokemusta.<\/p>\n<p>jaana.m.saarikoski(at)utu.fi<\/p>","protected":false},"excerpt":{"rendered":"<p>Kirsi H\u00e4nninen, Ph.D. Ph.D. Kirsi H\u00e4nninen on folkloristi, arkistoalan ja asiakirjahallinnan yliopisto-opettaja ja Historian, kulttuurin ja taiteiden tutkimuksen arkistosta vastaava henkil\u00f6 Turun yliopistossa. H\u00e4nnist\u00e4 kiehtoo instituutioiden ja yhteis\u00f6jen suhteissa tapahtuva vallan ja asiantuntijuuden rakentaminen ja purkaminen. N\u00e4it\u00e4 h\u00e4n on tarkastellut niin tutkijana, opettajana kuin arkistonhoitajanakin. Erityisesti arkistoaktivismi, valtavirrasta poikkeavien kokemusten arkistointi ja tutkiminen sek\u00e4 ajan&#8230; <\/p>\n<div class=\"link-more\"><a href=\"https:\/\/blogit.utu.fi\/ajankoneet\/takojat\/\">Read More<\/a><\/div>\n","protected":false},"author":5359,"featured_media":0,"parent":0,"menu_order":0,"comment_status":"closed","ping_status":"closed","template":"","meta":{"footnotes":""},"class_list":["post-278","page","type-page","status-publish","hentry"],"_links":{"self":[{"href":"https:\/\/blogit.utu.fi\/ajankoneet\/wp-json\/wp\/v2\/pages\/278","targetHints":{"allow":["GET"]}}],"collection":[{"href":"https:\/\/blogit.utu.fi\/ajankoneet\/wp-json\/wp\/v2\/pages"}],"about":[{"href":"https:\/\/blogit.utu.fi\/ajankoneet\/wp-json\/wp\/v2\/types\/page"}],"author":[{"embeddable":true,"href":"https:\/\/blogit.utu.fi\/ajankoneet\/wp-json\/wp\/v2\/users\/5359"}],"replies":[{"embeddable":true,"href":"https:\/\/blogit.utu.fi\/ajankoneet\/wp-json\/wp\/v2\/comments?post=278"}],"version-history":[{"count":11,"href":"https:\/\/blogit.utu.fi\/ajankoneet\/wp-json\/wp\/v2\/pages\/278\/revisions"}],"predecessor-version":[{"id":603,"href":"https:\/\/blogit.utu.fi\/ajankoneet\/wp-json\/wp\/v2\/pages\/278\/revisions\/603"}],"wp:attachment":[{"href":"https:\/\/blogit.utu.fi\/ajankoneet\/wp-json\/wp\/v2\/media?parent=278"}],"curies":[{"name":"wp","href":"https:\/\/api.w.org\/{rel}","templated":true}]}}