{"id":317,"date":"2019-09-20T11:16:36","date_gmt":"2019-09-20T11:16:36","guid":{"rendered":"https:\/\/blogit.utu.fi\/ajankoneet\/?page_id=317"},"modified":"2019-10-21T09:17:59","modified_gmt":"2019-10-21T09:17:59","slug":"masinoj-de-la-tempo","status":"publish","type":"page","link":"https:\/\/blogit.utu.fi\/ajankoneet\/masinoj-de-la-tempo\/","title":{"rendered":"Ma\u015dinoj de la tempo"},"content":{"rendered":"\n<figure class=\"wp-block-image is-resized\"><img loading=\"lazy\" decoding=\"async\" src=\"https:\/\/blogit.utu.fi\/ajankoneet\/wp-content\/uploads\/sites\/428\/2019\/10\/1280px-Flag_of_Esperanto-1024x682.png\" alt=\"\" class=\"wp-image-446\" width=\"66\" height=\"44\" srcset=\"https:\/\/blogit.utu.fi\/ajankoneet\/wp-content\/uploads\/sites\/428\/2019\/10\/1280px-Flag_of_Esperanto-1024x682.png 1024w, https:\/\/blogit.utu.fi\/ajankoneet\/wp-content\/uploads\/sites\/428\/2019\/10\/1280px-Flag_of_Esperanto-300x200.png 300w, https:\/\/blogit.utu.fi\/ajankoneet\/wp-content\/uploads\/sites\/428\/2019\/10\/1280px-Flag_of_Esperanto-768x512.png 768w, https:\/\/blogit.utu.fi\/ajankoneet\/wp-content\/uploads\/sites\/428\/2019\/10\/1280px-Flag_of_Esperanto-960x640.png 960w, https:\/\/blogit.utu.fi\/ajankoneet\/wp-content\/uploads\/sites\/428\/2019\/10\/1280px-Flag_of_Esperanto-450x300.png 450w, https:\/\/blogit.utu.fi\/ajankoneet\/wp-content\/uploads\/sites\/428\/2019\/10\/1280px-Flag_of_Esperanto.png 1280w\" sizes=\"auto, (max-width: 66px) 100vw, 66px\" \/><\/figure>\n\n\n\n<p><\/p>\n\n\n\n<p>Ma\u015dinoj de la tempo  kolekti\u011dis  el la bezono de la pridemandado, remodeligado kaj rearan\u011do de la  koncepto de tempo. Ni estas arkivaj aktivuloj: ni defias la tradiciajn  arkivajn instituciojn kaj aliajn memor-organizojn por alfronti la demandojn pri potenco kaj partopreno. Ni agas en la  areoj de scienco kaj arto skuante la konvenciojn, kiel ni emas memori,  arkivi kaj forgesi.<\/p>\n\n\n\n<p><br> Nia retejo-specifa esplora procezo estas koncentrita sur la areo de la  observatorio de Tuorla proksime al Turku, Finnlando. La observejo Tuorla  estis fondita de la mondfama astronomo Yrj\u00f6 V\u00e4is\u00e4l\u00e4 (1891\u20131971) komence  de la 1950-aj jaroj. Scienca hereda\u0135o de lia kaj liaj kolegoj laboras ankora\u016d en la regiono. En nia esplorado ni  konstruas, interpretas kaj imagas la ma\u015dinojn de tempo. Artefaktoj,  objektoj kaj historiaj dokumentoj reflektantaj la pasintecon de la  Tuorla observatorio estas partoj de \u0109i tiuj ma\u015dinoj. La observado de la universo, \u011dustaj mezuradoj kaj memfaritaj inventoj  estas la \u0109efaj temoj el la esplorada materialo. Kun la helpo de \u0109i tiuj  dokumentoj ni ekzamenas kaj interpretas la esencon de nia tempo kaj  eblaj pasintecoj kaj estontecoj.<\/p>\n\n\n\n<p><br> Ni estas tre enga\u011ditaj en la spuroj de la tempo ligante arkivan  aktivadon kaj humanisman materialan esploradon (H\u00e4nninen &amp; M\u00e4ki) al  arta kaj kuracista laboro (Pohjolainen &amp; Saarikoski). La celo de  artaj intervenoj estas oferti alternativajn pensojn por la kompreno de nia tempo kaj estonteco. Niaj sciencaj kaj artaj laboroj  interplekti\u011das inter si per la koncepto de radikala empatio. Ni laboras  kun kaj en la loka Tuorla komunumo. Nia misio estas levi la vo\u0109ojn de la  komunumoj kaj aktoroj de la vershava arkiva kampo. La arkivoj kaj la aktoroj de tiuj arkivoj estas protektantoj de la  pasinteco sed anka\u016d aktivaj \u015dan\u011dantoj de la estonteco.<\/p>\n\n\n\n<p><br> La astronomo Yrj\u00f6 V\u00e4is\u00e4l\u00e4 kreis tempoma\u015dinon, kiu atendas esti reasamble. Nia teamo rekonstruos tiun aparaton.<\/p>\n\n\n\n<p>Kontakto: Kirsi H\u00e4nninen, kimaha@utu.fi <\/p>\n","protected":false},"excerpt":{"rendered":"<p>Ma\u015dinoj de la tempo kolekti\u011dis el la bezono de la pridemandado, remodeligado kaj rearan\u011do de la koncepto de tempo. Ni estas arkivaj aktivuloj: ni defias la tradiciajn arkivajn instituciojn kaj aliajn memor-organizojn por alfronti la demandojn pri potenco kaj partopreno. Ni agas en la areoj de scienco kaj arto skuante la konvenciojn, kiel ni emas&#8230; <\/p>\n<div class=\"link-more\"><a href=\"https:\/\/blogit.utu.fi\/ajankoneet\/masinoj-de-la-tempo\/\">Read More<\/a><\/div>\n","protected":false},"author":5359,"featured_media":0,"parent":0,"menu_order":0,"comment_status":"closed","ping_status":"closed","template":"","meta":{"footnotes":""},"class_list":["post-317","page","type-page","status-publish","hentry"],"_links":{"self":[{"href":"https:\/\/blogit.utu.fi\/ajankoneet\/wp-json\/wp\/v2\/pages\/317","targetHints":{"allow":["GET"]}}],"collection":[{"href":"https:\/\/blogit.utu.fi\/ajankoneet\/wp-json\/wp\/v2\/pages"}],"about":[{"href":"https:\/\/blogit.utu.fi\/ajankoneet\/wp-json\/wp\/v2\/types\/page"}],"author":[{"embeddable":true,"href":"https:\/\/blogit.utu.fi\/ajankoneet\/wp-json\/wp\/v2\/users\/5359"}],"replies":[{"embeddable":true,"href":"https:\/\/blogit.utu.fi\/ajankoneet\/wp-json\/wp\/v2\/comments?post=317"}],"version-history":[{"count":3,"href":"https:\/\/blogit.utu.fi\/ajankoneet\/wp-json\/wp\/v2\/pages\/317\/revisions"}],"predecessor-version":[{"id":461,"href":"https:\/\/blogit.utu.fi\/ajankoneet\/wp-json\/wp\/v2\/pages\/317\/revisions\/461"}],"wp:attachment":[{"href":"https:\/\/blogit.utu.fi\/ajankoneet\/wp-json\/wp\/v2\/media?parent=317"}],"curies":[{"name":"wp","href":"https:\/\/api.w.org\/{rel}","templated":true}]}}