{"id":2,"date":"2023-10-18T15:20:17","date_gmt":"2023-10-18T12:20:17","guid":{"rendered":"https:\/\/blogit.utu.fi\/animalassistedinterventions\/?page_id=2"},"modified":"2023-12-21T14:53:42","modified_gmt":"2023-12-21T12:53:42","slug":"esimerkkisivu","status":"publish","type":"page","link":"https:\/\/blogit.utu.fi\/animalassistedinterventions\/esimerkkisivu\/","title":{"rendered":"Tietoa"},"content":{"rendered":"\n<p>&#8230;&#8230;&#8230;&#8230;&#8230;&#8230;..<\/p>\n\n\n\n<p>Ida Luotonen<\/p>\n\n\n\n<figure class=\"wp-block-image size-large is-resized\"><img decoding=\"async\" width=\"1024\" height=\"1024\" data-src=\"https:\/\/blogit.utu.fi\/animalassistedinterventions\/wp-content\/uploads\/sites\/693\/2023\/12\/IMG-20230318-WA0029-1024x1024.jpg\" alt=\"\" class=\"wp-image-44 lazyload\" style=\"--smush-placeholder-width: 1024px; --smush-placeholder-aspect-ratio: 1024\/1024;width:226px;height:auto\" data-srcset=\"https:\/\/blogit.utu.fi\/animalassistedinterventions\/wp-content\/uploads\/sites\/693\/2023\/12\/IMG-20230318-WA0029-1024x1024.jpg 1024w, https:\/\/blogit.utu.fi\/animalassistedinterventions\/wp-content\/uploads\/sites\/693\/2023\/12\/IMG-20230318-WA0029-300x300.jpg 300w, https:\/\/blogit.utu.fi\/animalassistedinterventions\/wp-content\/uploads\/sites\/693\/2023\/12\/IMG-20230318-WA0029-150x150.jpg 150w, https:\/\/blogit.utu.fi\/animalassistedinterventions\/wp-content\/uploads\/sites\/693\/2023\/12\/IMG-20230318-WA0029-768x768.jpg 768w, https:\/\/blogit.utu.fi\/animalassistedinterventions\/wp-content\/uploads\/sites\/693\/2023\/12\/IMG-20230318-WA0029-1536x1536.jpg 1536w, https:\/\/blogit.utu.fi\/animalassistedinterventions\/wp-content\/uploads\/sites\/693\/2023\/12\/IMG-20230318-WA0029.jpg 1920w\" data-sizes=\"(max-width: 1024px) 100vw, 1024px\" src=\"data:image\/svg+xml;base64,PHN2ZyB3aWR0aD0iMSIgaGVpZ2h0PSIxIiB4bWxucz0iaHR0cDovL3d3dy53My5vcmcvMjAwMC9zdmciPjwvc3ZnPg==\" \/><\/figure>\n\n\n\n<p>teksti\u00e4, <em>joko n\u00e4in kuvan alle tai sitten kuten alla kuvan vieress\u00e4, mik\u00e4 sitten toimiikaan parhaiten<\/em><\/p>\n\n\n\n<p><\/p>\n\n\n\n<p>Marjaana Raukola-Lindblom<\/p>\n\n\n\n<figure class=\"wp-block-image size-large is-resized\"><img decoding=\"async\" width=\"1024\" height=\"1024\" data-src=\"https:\/\/blogit.utu.fi\/animalassistedinterventions\/wp-content\/uploads\/sites\/693\/2023\/12\/IMG-20230318-WA0029-1-1024x1024.jpg\" alt=\"\" class=\"wp-image-45 lazyload\" style=\"--smush-placeholder-width: 1024px; --smush-placeholder-aspect-ratio: 1024\/1024;width:229px;height:auto\" data-srcset=\"https:\/\/blogit.utu.fi\/animalassistedinterventions\/wp-content\/uploads\/sites\/693\/2023\/12\/IMG-20230318-WA0029-1-1024x1024.jpg 1024w, https:\/\/blogit.utu.fi\/animalassistedinterventions\/wp-content\/uploads\/sites\/693\/2023\/12\/IMG-20230318-WA0029-1-300x300.jpg 300w, https:\/\/blogit.utu.fi\/animalassistedinterventions\/wp-content\/uploads\/sites\/693\/2023\/12\/IMG-20230318-WA0029-1-150x150.jpg 150w, https:\/\/blogit.utu.fi\/animalassistedinterventions\/wp-content\/uploads\/sites\/693\/2023\/12\/IMG-20230318-WA0029-1-768x768.jpg 768w, https:\/\/blogit.utu.fi\/animalassistedinterventions\/wp-content\/uploads\/sites\/693\/2023\/12\/IMG-20230318-WA0029-1-1536x1536.jpg 1536w, https:\/\/blogit.utu.fi\/animalassistedinterventions\/wp-content\/uploads\/sites\/693\/2023\/12\/IMG-20230318-WA0029-1.jpg 1920w\" data-sizes=\"(max-width: 1024px) 100vw, 1024px\" src=\"data:image\/svg+xml;base64,PHN2ZyB3aWR0aD0iMSIgaGVpZ2h0PSIxIiB4bWxucz0iaHR0cDovL3d3dy53My5vcmcvMjAwMC9zdmciPjwvc3ZnPg==\" \/><\/figure>\n\n\n\n<p>teksti\u00e4<\/p>\n\n\n\n<p><\/p>\n\n\n\n<p><strong>Pro gradu -tutkielmat Turun yliopistossa<\/strong><\/p>\n\n\n\n<p><\/p>\n\n\n\n<p>Logopedia<\/p>\n\n\n<div class=\"wp-block-image is-style-default\">\n<figure class=\"alignleft size-large is-resized\"><img decoding=\"async\" width=\"768\" height=\"1024\" data-src=\"https:\/\/blogit.utu.fi\/animalassistedinterventions\/wp-content\/uploads\/sites\/693\/2023\/12\/IMG-20210815-WA0007-1-768x1024.jpg\" alt=\"\" class=\"wp-image-37 lazyload\" style=\"--smush-placeholder-width: 768px; --smush-placeholder-aspect-ratio: 768\/1024;width:231px;height:auto\" data-srcset=\"https:\/\/blogit.utu.fi\/animalassistedinterventions\/wp-content\/uploads\/sites\/693\/2023\/12\/IMG-20210815-WA0007-1-768x1024.jpg 768w, https:\/\/blogit.utu.fi\/animalassistedinterventions\/wp-content\/uploads\/sites\/693\/2023\/12\/IMG-20210815-WA0007-1-225x300.jpg 225w, https:\/\/blogit.utu.fi\/animalassistedinterventions\/wp-content\/uploads\/sites\/693\/2023\/12\/IMG-20210815-WA0007-1-1152x1536.jpg 1152w, https:\/\/blogit.utu.fi\/animalassistedinterventions\/wp-content\/uploads\/sites\/693\/2023\/12\/IMG-20210815-WA0007-1.jpg 1500w\" data-sizes=\"(max-width: 768px) 100vw, 768px\" src=\"data:image\/svg+xml;base64,PHN2ZyB3aWR0aD0iMSIgaGVpZ2h0PSIxIiB4bWxucz0iaHR0cDovL3d3dy53My5vcmcvMjAwMC9zdmciPjwvc3ZnPg==\" \/><\/figure><\/div>\n\n\n<p>Maria Hurmerinta<\/p>\n\n\n\n<p>Sosiaali- ja terveysalan ammattilaisten n\u00e4kemyksi\u00e4 koira-avusteisen ty\u00f6skentelyn vaikutuksista asiakkaan kommunikatiivisiin toimintoihin ja kognitioon<\/p>\n\n\n\n<p><em>+ lyhyt kuvaus gradusta esim. Tutkimuksen tarkoituksena oli selvitt\u00e4\u00e4 sosiaali- ja terveysalalla koira-avusteisesti ty\u00f6skentelevien ammattilaisten n\u00e4kemyksi\u00e4 koira-avusteisuuden vaikutuksista asiakkaan kommunikatiivisiin toimintoihin ja kognitioon. Lis\u00e4ksi tarkasteltiin, onko ammattilaisten oman alan ty\u00f6kokemuksen tai el\u00e4inavusteisen ty\u00f6skentelyn kokemuksen m\u00e4\u00e4r\u00e4ll\u00e4 yhteytt\u00e4 heid\u00e4n n\u00e4kemyksiins\u00e4 koira-avusteisuuden vaikutuksista.<\/em><\/p>\n\n\n\n<p><\/p>\n\n\n\n<p><\/p>\n","protected":false},"excerpt":{"rendered":"<p>&#8230;&#8230;&#8230;&#8230;&#8230;&#8230;.. Ida Luotonen teksti\u00e4, joko n\u00e4in kuvan alle tai sitten kuten alla kuvan vieress\u00e4, mik\u00e4 sitten toimiikaan parhaiten Marjaana Raukola-Lindblom teksti\u00e4 Pro gradu -tutkielmat Turun yliopistossa Logopedia Maria Hurmerinta Sosiaali- ja terveysalan ammattilaisten n\u00e4kemyksi\u00e4 koira-avusteisen ty\u00f6skentelyn vaikutuksista asiakkaan kommunikatiivisiin toimintoihin &hellip; <a href=\"https:\/\/blogit.utu.fi\/animalassistedinterventions\/esimerkkisivu\/\">Lue loppuun <span class=\"meta-nav\">&rarr;<\/span><\/a><\/p>\n","protected":false},"author":36795,"featured_media":0,"parent":0,"menu_order":1,"comment_status":"closed","ping_status":"open","template":"","meta":{"footnotes":""},"class_list":["post-2","page","type-page","status-publish","hentry"],"_links":{"self":[{"href":"https:\/\/blogit.utu.fi\/animalassistedinterventions\/wp-json\/wp\/v2\/pages\/2","targetHints":{"allow":["GET"]}}],"collection":[{"href":"https:\/\/blogit.utu.fi\/animalassistedinterventions\/wp-json\/wp\/v2\/pages"}],"about":[{"href":"https:\/\/blogit.utu.fi\/animalassistedinterventions\/wp-json\/wp\/v2\/types\/page"}],"author":[{"embeddable":true,"href":"https:\/\/blogit.utu.fi\/animalassistedinterventions\/wp-json\/wp\/v2\/users\/36795"}],"replies":[{"embeddable":true,"href":"https:\/\/blogit.utu.fi\/animalassistedinterventions\/wp-json\/wp\/v2\/comments?post=2"}],"version-history":[{"count":17,"href":"https:\/\/blogit.utu.fi\/animalassistedinterventions\/wp-json\/wp\/v2\/pages\/2\/revisions"}],"predecessor-version":[{"id":62,"href":"https:\/\/blogit.utu.fi\/animalassistedinterventions\/wp-json\/wp\/v2\/pages\/2\/revisions\/62"}],"wp:attachment":[{"href":"https:\/\/blogit.utu.fi\/animalassistedinterventions\/wp-json\/wp\/v2\/media?parent=2"}],"curies":[{"name":"wp","href":"https:\/\/api.w.org\/{rel}","templated":true}]}}