{"id":100,"date":"2024-12-19T11:55:06","date_gmt":"2024-12-19T09:55:06","guid":{"rendered":"https:\/\/blogit.utu.fi\/antiikintutkimus2025\/?page_id=100"},"modified":"2025-01-17T12:56:01","modified_gmt":"2025-01-17T10:56:01","slug":"ohjelma","status":"publish","type":"page","link":"https:\/\/blogit.utu.fi\/antiikintutkimus2025\/ohjelma\/","title":{"rendered":"Ohjelma"},"content":{"rendered":"\n<p>Yksityiskohtainen ohjelma l\u00f6ytyy <a href=\"https:\/\/blogit.utu.fi\/antiikintutkimus2025\/ohjelma-2\/\" data-type=\"page\" data-id=\"215\">t\u00e4lt\u00e4 sivulta<\/a>.<\/p>\n\n\n\n<p>Esitelmien abstraktit l\u00f6ytyv\u00e4t <a href=\"https:\/\/blogit.utu.fi\/antiikintutkimus2025\/esitelmien-abstraktit\/\" data-type=\"page\" data-id=\"143\">t\u00e4lt\u00e4 sivulta<\/a>.<\/p>\n\n\n\n<p>Postereiden abstraktit l\u00f6ytyv\u00e4t <a href=\"https:\/\/blogit.utu.fi\/antiikintutkimus2025\/postereiden-abstraktit\/\" data-type=\"page\" data-id=\"147\">t\u00e4lt\u00e4 sivulta<\/a>.<\/p>\n","protected":false},"excerpt":{"rendered":"<p>Yksityiskohtainen ohjelma l\u00f6ytyy t\u00e4lt\u00e4 sivulta. Esitelmien abstraktit l\u00f6ytyv\u00e4t t\u00e4lt\u00e4 sivulta. Postereiden abstraktit l\u00f6ytyv\u00e4t t\u00e4lt\u00e4 sivulta.<\/p>\n","protected":false},"author":29028,"featured_media":0,"parent":0,"menu_order":0,"comment_status":"closed","ping_status":"closed","template":"","meta":{"footnotes":""},"class_list":["post-100","page","type-page","status-publish","hentry","post-preview"],"_links":{"self":[{"href":"https:\/\/blogit.utu.fi\/antiikintutkimus2025\/wp-json\/wp\/v2\/pages\/100","targetHints":{"allow":["GET"]}}],"collection":[{"href":"https:\/\/blogit.utu.fi\/antiikintutkimus2025\/wp-json\/wp\/v2\/pages"}],"about":[{"href":"https:\/\/blogit.utu.fi\/antiikintutkimus2025\/wp-json\/wp\/v2\/types\/page"}],"author":[{"embeddable":true,"href":"https:\/\/blogit.utu.fi\/antiikintutkimus2025\/wp-json\/wp\/v2\/users\/29028"}],"replies":[{"embeddable":true,"href":"https:\/\/blogit.utu.fi\/antiikintutkimus2025\/wp-json\/wp\/v2\/comments?post=100"}],"version-history":[{"count":26,"href":"https:\/\/blogit.utu.fi\/antiikintutkimus2025\/wp-json\/wp\/v2\/pages\/100\/revisions"}],"predecessor-version":[{"id":228,"href":"https:\/\/blogit.utu.fi\/antiikintutkimus2025\/wp-json\/wp\/v2\/pages\/100\/revisions\/228"}],"wp:attachment":[{"href":"https:\/\/blogit.utu.fi\/antiikintutkimus2025\/wp-json\/wp\/v2\/media?parent=100"}],"curies":[{"name":"wp","href":"https:\/\/api.w.org\/{rel}","templated":true}]}}