{"id":123,"date":"2025-01-13T17:07:52","date_gmt":"2025-01-13T15:07:52","guid":{"rendered":"https:\/\/blogit.utu.fi\/antiikintutkimus2025\/?page_id=123"},"modified":"2025-01-17T16:06:50","modified_gmt":"2025-01-17T14:06:50","slug":"kaytannon-ohjeita","status":"publish","type":"page","link":"https:\/\/blogit.utu.fi\/antiikintutkimus2025\/kaytannon-ohjeita\/","title":{"rendered":"K\u00e4yt\u00e4nn\u00f6n asioita"},"content":{"rendered":"\n<h3 class=\"wp-block-heading\"><strong>Konferenssipaikka<\/strong><\/h3>\n\n\n\n<p>Antiikintutkimuksen p\u00e4iv\u00e4t j\u00e4rjestet\u00e4\u00e4n Turun yliopiston Arcanum-rakennuksessa (Arcanuminkuja 1). P\u00e4\u00e4sis\u00e4\u00e4nk\u00e4ynti on rakennuksen l\u00e4nsipuolella.<\/p>\n\n\n\n<p>Turun yliopiston <a href=\"https:\/\/blogit.utu.fi\/antiikintutkimus2025\/wp-content\/uploads\/sites\/713\/2025\/01\/Kartta-2024.pdf\">kampuskartta<\/a>.<\/p>\n\n\n\n<h3 class=\"wp-block-heading\">Saapuminen ja liikkuminen Turussa<\/h3>\n\n\n\n<p>Turun yliopistolle on helppo saapua bussilla, junalla tai autolla.<\/p>\n\n\n\n<h4 class=\"wp-block-heading\">Bussilla<\/h4>\n\n\n\n<p>Helsingin suunnasta saapuvilla busseilla l\u00e4himm\u00e4t pys\u00e4kit ovat TYKS\/Yliopisto (H\u00e4meenkatu) ja Tuomiokirkko. Kannattaa tarkistaa lippua ostaessa, pys\u00e4htyyk\u00f6 kyseinen vuoro n\u00e4ill\u00e4 pys\u00e4keill\u00e4. Useimmat muut bussit saapuvat Turun linja-autoasemalle, josta on lyhyt k\u00e4velymatka yliopistolle Tuomaansillan kautta.<\/p>\n\n\n\n<h4 class=\"wp-block-heading\">Junalla<\/h4>\n\n\n\n<p>Helsingin suunnasta saapuvilla junilla yliopistoa l\u00e4hin asema on Kupittaan asema. Tampereen suunnasta saapuvat junat pys\u00e4htyv\u00e4t Logomon asemalla.<\/p>\n\n\n\n<h4 class=\"wp-block-heading\">Autolla<\/h4>\n\n\n\n<p>Pys\u00e4k\u00f6inti Turun yliopiston kampusalueella on maksullista maanantaista perjantaihin klo 8\u201316. Muuna aikana yliopiston parkkialueet ovat vapaassa k\u00e4yt\u00f6ss\u00e4 lukuun ottamatta henkil\u00f6kohtaisia paikkoja, jotka on varattu paikan lunastaneille vuorokauden ymp\u00e4ri. Alueelta l\u00f6ytyy my\u00f6s lyhytaikaispys\u00e4k\u00f6intiin tarkoitettuja tuntiveloitteisia parkkipaikkoja. Parkkimaksu suoritetaan mobiilimaksuna (eParking, EasyPark ja ParkMan).<\/p>\n\n\n\n<p>Lis\u00e4tietoa pys\u00e4k\u00f6innist\u00e4 ja parkkipaikkojen sijainnista Turun yliopiston kampuksella l\u00f6yd\u00e4t t\u00e4\u00e4lt\u00e4: <a href=\"https:\/\/www.utu.fi\/fi\/yliopisto\/turun-kampus\/pys\u00e4kointi\" target=\"_blank\" rel=\"noreferrer noopener\">Pys\u00e4k\u00f6inti Turun yliopiston kampuksella<\/a><\/p>\n\n\n\n<h4 class=\"wp-block-heading\">Paikallisliikenne<\/h4>\n\n\n\n<p>Turussa palvelevat paikallisliikenteen eli F\u00f6lin bussit. Aikataulu- ja reittihaku l\u00f6ytyy <a href=\"https:\/\/www.foli.fi\/fi\" target=\"_blank\" rel=\"noreferrer noopener\">F\u00f6lin verkkosivuilta<\/a> ja <a href=\"https:\/\/www.foli.fi\/fi\/liput\/f\u00f6lisovellus\" target=\"_blank\" rel=\"noreferrer noopener\">mobiilisovelluksesta<\/a>. Konferenssiin ilmoittautuneille l\u00e4hetet\u00e4\u00e4n s\u00e4hk\u00f6postilla F\u00f6lin bussilippu QR-koodin muodossa. Lippu on voimassa 22.\u201325.1.2025. Bussilipun voi my\u00f6s ostaa l\u00e4himaksulla bussiin noustessa tai mobiilisovelluksesta.<\/p>\n\n\n\n<h3 class=\"wp-block-heading\" id=\"konferenssi-illallinen\"><strong>Konferenssi-illalli<\/strong>nen<\/h3>\n\n\n\n<p>Konferenssi-illallinen j\u00e4rjestet\u00e4\u00e4n torstaina 23.1. klo 19.00 alkaen ravintola Gr\u00e4ddassa (Piispankatu 15). Illallisen j\u00e4lkeen on mahdollista jatkaa iltaa Proffan kellari -baarissa, josta on varattu p\u00f6yti\u00e4 konferenssiosallistujia varten. Illallisen ruokalistan l\u00f6yd\u00e4t <a href=\"https:\/\/blogit.utu.fi\/antiikintutkimus2025\/wp-content\/uploads\/sites\/713\/2024\/11\/ATP-konferenssi-illallinen-23.1.2025.pdf\">t\u00e4st\u00e4 linkist\u00e4<\/a>.<\/p>\n\n\n\n<figure class=\"wp-block-image size-large\"><img loading=\"lazy\" decoding=\"async\" width=\"1024\" height=\"639\" src=\"https:\/\/blogit.utu.fi\/antiikintutkimus2025\/wp-content\/uploads\/sites\/713\/2025\/01\/Nayttokuva-2025-1-15-kello-14.26.12-1024x639.jpg\" alt=\"\" class=\"wp-image-200\" srcset=\"https:\/\/blogit.utu.fi\/antiikintutkimus2025\/wp-content\/uploads\/sites\/713\/2025\/01\/Nayttokuva-2025-1-15-kello-14.26.12-1024x639.jpg 1024w, https:\/\/blogit.utu.fi\/antiikintutkimus2025\/wp-content\/uploads\/sites\/713\/2025\/01\/Nayttokuva-2025-1-15-kello-14.26.12-300x187.jpg 300w, https:\/\/blogit.utu.fi\/antiikintutkimus2025\/wp-content\/uploads\/sites\/713\/2025\/01\/Nayttokuva-2025-1-15-kello-14.26.12-768x480.jpg 768w, https:\/\/blogit.utu.fi\/antiikintutkimus2025\/wp-content\/uploads\/sites\/713\/2025\/01\/Nayttokuva-2025-1-15-kello-14.26.12-1536x959.jpg 1536w, https:\/\/blogit.utu.fi\/antiikintutkimus2025\/wp-content\/uploads\/sites\/713\/2025\/01\/Nayttokuva-2025-1-15-kello-14.26.12-676x422.jpg 676w, https:\/\/blogit.utu.fi\/antiikintutkimus2025\/wp-content\/uploads\/sites\/713\/2025\/01\/Nayttokuva-2025-1-15-kello-14.26.12.jpg 1624w\" sizes=\"auto, (max-width: 1024px) 100vw, 1024px\" \/><\/figure>\n\n\n\n<h3 class=\"wp-block-heading\"><strong>Lounaspaikkoja<\/strong><\/h3>\n\n\n\n<p>Perjantain lounas (13.00\u201314.30) on omakustanteinen. Kampukselta ja l\u00e4hialueelta l\u00f6ytyy monipuolinen valikoima lounasravintoloita, esimerkiksi:<\/p>\n\n\n\n<ul class=\"wp-block-list\">\n<li>Yliopistoruokaloita: <a href=\"http:\/\/unica.fi\" data-type=\"link\" data-id=\"unica.fi\" target=\"_blank\" rel=\"noreferrer noopener\">Unica<\/a> &amp; <a href=\"http:\/\/karkafeerna.fi\" data-type=\"link\" data-id=\"karkafeerna.fi\" target=\"_blank\" rel=\"noreferrer noopener\">K\u00e5rkafeerna<\/a>. Arcanumia l\u00e4hinn\u00e4:\n<ul class=\"wp-block-list\">\n<li>Unica: Macciavelli, Assarin ullakko, Galilei, Monttu<\/li>\n\n\n\n<li>K\u00e5rkafeerna: ASA, Aurum, Arken<\/li>\n<\/ul>\n<\/li>\n\n\n\n<li><a href=\"https:\/\/fabbescafe.com\">Fabbes Caf\u00e9<\/a>, Tehtaankatu 6<\/li>\n\n\n\n<li><a href=\"https:\/\/gradda.fi\">Gr\u00e4dda<\/a>, Piispankatu 15<\/li>\n\n\n\n<li><a href=\"https:\/\/rosterturku.com\">Roster<\/a>, Tuomiokirkonkatu 6<\/li>\n\n\n\n<li><a href=\"https:\/\/www.vgwok.fi\/ravintolat\/\">VG Wok<\/a>, H\u00e4meenkatu 1<\/li>\n\n\n\n<li><a href=\"https:\/\/aurinkoinen.fi\/kahvilat\/turku-hameenkatu\/\">Naantalin Aurinkoinen<\/a>, H\u00e4meenkatu 3<\/li>\n\n\n\n<li><a href=\"https:\/\/kembuzcafe.my.canva.site\/kembuz-cafe\">Kembuz Caf\u00e9<\/a>, H\u00e4meenkatu 3b<\/li>\n\n\n\n<li><a href=\"https:\/\/www.delhidarbar.fi\/fi\/\">Delhi Darbar<\/a>, H\u00e4meenkatu 8<\/li>\n\n\n\n<li><a href=\"https:\/\/www.ravintolakuori.fi\">Ravintola Kuori<\/a>, H\u00e4meenkatu 8<\/li>\n\n\n\n<li><a href=\"https:\/\/yangtze.fi\">Yangtze<\/a>, H\u00e4meenkatu 9<\/li>\n\n\n\n<li>Subway, H\u00e4meenkatu 7<\/li>\n\n\n\n<li>Hesburger, Rehtorinpellonkatu 2<\/li>\n<\/ul>\n","protected":false},"excerpt":{"rendered":"<p>Konferenssipaikka Antiikintutkimuksen p\u00e4iv\u00e4t j\u00e4rjestet\u00e4\u00e4n Turun yliopiston Arcanum-rakennuksessa (Arcanuminkuja 1). P\u00e4\u00e4sis\u00e4\u00e4nk\u00e4ynti on rakennuksen l\u00e4nsipuolella. Turun yliopiston kampuskartta. Saapuminen ja liikkuminen Turussa Turun yliopistolle on helppo saapua bussilla, junalla tai autolla. Bussilla Helsingin suunnasta saapuvilla busseilla l\u00e4himm\u00e4t pys\u00e4kit ovat TYKS\/Yliopisto (H\u00e4meenkatu) ja Tuomiokirkko. Kannattaa tarkistaa lippua ostaessa, pys\u00e4htyyk\u00f6 kyseinen vuoro n\u00e4ill\u00e4 pys\u00e4keill\u00e4. Useimmat muut bussit saapuvat Turun [&hellip;]<\/p>\n","protected":false},"author":29028,"featured_media":0,"parent":0,"menu_order":0,"comment_status":"closed","ping_status":"closed","template":"","meta":{"footnotes":""},"class_list":["post-123","page","type-page","status-publish","hentry","post-preview"],"_links":{"self":[{"href":"https:\/\/blogit.utu.fi\/antiikintutkimus2025\/wp-json\/wp\/v2\/pages\/123","targetHints":{"allow":["GET"]}}],"collection":[{"href":"https:\/\/blogit.utu.fi\/antiikintutkimus2025\/wp-json\/wp\/v2\/pages"}],"about":[{"href":"https:\/\/blogit.utu.fi\/antiikintutkimus2025\/wp-json\/wp\/v2\/types\/page"}],"author":[{"embeddable":true,"href":"https:\/\/blogit.utu.fi\/antiikintutkimus2025\/wp-json\/wp\/v2\/users\/29028"}],"replies":[{"embeddable":true,"href":"https:\/\/blogit.utu.fi\/antiikintutkimus2025\/wp-json\/wp\/v2\/comments?post=123"}],"version-history":[{"count":26,"href":"https:\/\/blogit.utu.fi\/antiikintutkimus2025\/wp-json\/wp\/v2\/pages\/123\/revisions"}],"predecessor-version":[{"id":248,"href":"https:\/\/blogit.utu.fi\/antiikintutkimus2025\/wp-json\/wp\/v2\/pages\/123\/revisions\/248"}],"wp:attachment":[{"href":"https:\/\/blogit.utu.fi\/antiikintutkimus2025\/wp-json\/wp\/v2\/media?parent=123"}],"curies":[{"name":"wp","href":"https:\/\/api.w.org\/{rel}","templated":true}]}}