{"id":2,"date":"2024-08-26T20:16:07","date_gmt":"2024-08-26T17:16:07","guid":{"rendered":"https:\/\/blogit.utu.fi\/antiikintutkimus2025\/?page_id=2"},"modified":"2025-01-28T14:06:23","modified_gmt":"2025-01-28T12:06:23","slug":"esimerkkisivu","status":"publish","type":"page","link":"https:\/\/blogit.utu.fi\/antiikintutkimus2025\/","title":{"rendered":"Antiikintutkimuksen p\u00e4iv\u00e4t"},"content":{"rendered":"\n<p>Antiikintutkimuksen p\u00e4iv\u00e4t pidettiin 23.\u201324.1.2025 Turun yliopistolla. Kiitos kaikille konferenssiin osallistuneille!<\/p>\n\n\n\n<figure class=\"wp-block-image size-large\"><img loading=\"lazy\" decoding=\"async\" width=\"1024\" height=\"768\" src=\"https:\/\/blogit.utu.fi\/antiikintutkimus2025\/wp-content\/uploads\/sites\/713\/2025\/01\/IMG_4826-1024x768.jpeg\" alt=\"\" class=\"wp-image-261\" srcset=\"https:\/\/blogit.utu.fi\/antiikintutkimus2025\/wp-content\/uploads\/sites\/713\/2025\/01\/IMG_4826-1024x768.jpeg 1024w, https:\/\/blogit.utu.fi\/antiikintutkimus2025\/wp-content\/uploads\/sites\/713\/2025\/01\/IMG_4826-300x225.jpeg 300w, https:\/\/blogit.utu.fi\/antiikintutkimus2025\/wp-content\/uploads\/sites\/713\/2025\/01\/IMG_4826-768x576.jpeg 768w, https:\/\/blogit.utu.fi\/antiikintutkimus2025\/wp-content\/uploads\/sites\/713\/2025\/01\/IMG_4826-1536x1152.jpeg 1536w, https:\/\/blogit.utu.fi\/antiikintutkimus2025\/wp-content\/uploads\/sites\/713\/2025\/01\/IMG_4826-2048x1536.jpeg 2048w, https:\/\/blogit.utu.fi\/antiikintutkimus2025\/wp-content\/uploads\/sites\/713\/2025\/01\/IMG_4826-676x507.jpeg 676w\" sizes=\"auto, (max-width: 1024px) 100vw, 1024px\" \/><figcaption class=\"wp-element-caption\">Rehtori Marjo Kaartinen avasi Antiikintutkimuksen p\u00e4iv\u00e4t<\/figcaption><\/figure>\n\n\n\n<figure class=\"wp-block-image size-large\"><img loading=\"lazy\" decoding=\"async\" width=\"1024\" height=\"768\" src=\"https:\/\/blogit.utu.fi\/antiikintutkimus2025\/wp-content\/uploads\/sites\/713\/2025\/01\/IMG_4837-1024x768.jpeg\" alt=\"\" class=\"wp-image-271\" srcset=\"https:\/\/blogit.utu.fi\/antiikintutkimus2025\/wp-content\/uploads\/sites\/713\/2025\/01\/IMG_4837-1024x768.jpeg 1024w, https:\/\/blogit.utu.fi\/antiikintutkimus2025\/wp-content\/uploads\/sites\/713\/2025\/01\/IMG_4837-300x225.jpeg 300w, https:\/\/blogit.utu.fi\/antiikintutkimus2025\/wp-content\/uploads\/sites\/713\/2025\/01\/IMG_4837-768x576.jpeg 768w, https:\/\/blogit.utu.fi\/antiikintutkimus2025\/wp-content\/uploads\/sites\/713\/2025\/01\/IMG_4837-1536x1152.jpeg 1536w, https:\/\/blogit.utu.fi\/antiikintutkimus2025\/wp-content\/uploads\/sites\/713\/2025\/01\/IMG_4837-2048x1536.jpeg 2048w, https:\/\/blogit.utu.fi\/antiikintutkimus2025\/wp-content\/uploads\/sites\/713\/2025\/01\/IMG_4837-676x507.jpeg 676w\" sizes=\"auto, (max-width: 1024px) 100vw, 1024px\" \/><figcaption class=\"wp-element-caption\">Konferenssissa kuultiin etenkin nuorten tutkijoiden esitelmi\u00e4. Kuvassa v\u00e4it\u00f6skirjatutkija Taneli Puputti Jyv\u00e4skyl\u00e4n yliopistosta.<\/figcaption><\/figure>\n\n\n\n<figure class=\"wp-block-image size-large\"><img loading=\"lazy\" decoding=\"async\" width=\"1024\" height=\"768\" src=\"https:\/\/blogit.utu.fi\/antiikintutkimus2025\/wp-content\/uploads\/sites\/713\/2025\/01\/IMG_4862-1024x768.jpeg\" alt=\"\" class=\"wp-image-266\" srcset=\"https:\/\/blogit.utu.fi\/antiikintutkimus2025\/wp-content\/uploads\/sites\/713\/2025\/01\/IMG_4862-1024x768.jpeg 1024w, https:\/\/blogit.utu.fi\/antiikintutkimus2025\/wp-content\/uploads\/sites\/713\/2025\/01\/IMG_4862-300x225.jpeg 300w, https:\/\/blogit.utu.fi\/antiikintutkimus2025\/wp-content\/uploads\/sites\/713\/2025\/01\/IMG_4862-768x576.jpeg 768w, https:\/\/blogit.utu.fi\/antiikintutkimus2025\/wp-content\/uploads\/sites\/713\/2025\/01\/IMG_4862-1536x1152.jpeg 1536w, https:\/\/blogit.utu.fi\/antiikintutkimus2025\/wp-content\/uploads\/sites\/713\/2025\/01\/IMG_4862-2048x1536.jpeg 2048w, https:\/\/blogit.utu.fi\/antiikintutkimus2025\/wp-content\/uploads\/sites\/713\/2025\/01\/IMG_4862-676x507.jpeg 676w\" sizes=\"auto, (max-width: 1024px) 100vw, 1024px\" \/><figcaption class=\"wp-element-caption\">Kutsuttu puhuja, dosentti Antti Lampinen Turun yliopistosta<\/figcaption><\/figure>\n\n\n\n<figure class=\"wp-block-image size-large\"><img loading=\"lazy\" decoding=\"async\" width=\"1024\" height=\"768\" src=\"https:\/\/blogit.utu.fi\/antiikintutkimus2025\/wp-content\/uploads\/sites\/713\/2025\/01\/IMG_4867-1024x768.jpeg\" alt=\"\" class=\"wp-image-263\" srcset=\"https:\/\/blogit.utu.fi\/antiikintutkimus2025\/wp-content\/uploads\/sites\/713\/2025\/01\/IMG_4867-1024x768.jpeg 1024w, https:\/\/blogit.utu.fi\/antiikintutkimus2025\/wp-content\/uploads\/sites\/713\/2025\/01\/IMG_4867-300x225.jpeg 300w, https:\/\/blogit.utu.fi\/antiikintutkimus2025\/wp-content\/uploads\/sites\/713\/2025\/01\/IMG_4867-768x576.jpeg 768w, https:\/\/blogit.utu.fi\/antiikintutkimus2025\/wp-content\/uploads\/sites\/713\/2025\/01\/IMG_4867-1536x1152.jpeg 1536w, https:\/\/blogit.utu.fi\/antiikintutkimus2025\/wp-content\/uploads\/sites\/713\/2025\/01\/IMG_4867-2048x1536.jpeg 2048w, https:\/\/blogit.utu.fi\/antiikintutkimus2025\/wp-content\/uploads\/sites\/713\/2025\/01\/IMG_4867-676x507.jpeg 676w\" sizes=\"auto, (max-width: 1024px) 100vw, 1024px\" \/><figcaption class=\"wp-element-caption\">Antiikintutkimuksen p\u00e4iville oli mahdollista osallistua my\u00f6s posterilla<\/figcaption><\/figure>\n\n\n\n<figure class=\"wp-block-image size-large\"><img loading=\"lazy\" decoding=\"async\" width=\"1024\" height=\"768\" src=\"https:\/\/blogit.utu.fi\/antiikintutkimus2025\/wp-content\/uploads\/sites\/713\/2025\/01\/IMG_4874-1024x768.jpeg\" alt=\"\" class=\"wp-image-268\" srcset=\"https:\/\/blogit.utu.fi\/antiikintutkimus2025\/wp-content\/uploads\/sites\/713\/2025\/01\/IMG_4874-1024x768.jpeg 1024w, https:\/\/blogit.utu.fi\/antiikintutkimus2025\/wp-content\/uploads\/sites\/713\/2025\/01\/IMG_4874-300x225.jpeg 300w, https:\/\/blogit.utu.fi\/antiikintutkimus2025\/wp-content\/uploads\/sites\/713\/2025\/01\/IMG_4874-768x576.jpeg 768w, https:\/\/blogit.utu.fi\/antiikintutkimus2025\/wp-content\/uploads\/sites\/713\/2025\/01\/IMG_4874-1536x1152.jpeg 1536w, https:\/\/blogit.utu.fi\/antiikintutkimus2025\/wp-content\/uploads\/sites\/713\/2025\/01\/IMG_4874-2048x1536.jpeg 2048w, https:\/\/blogit.utu.fi\/antiikintutkimus2025\/wp-content\/uploads\/sites\/713\/2025\/01\/IMG_4874-676x507.jpeg 676w\" sizes=\"auto, (max-width: 1024px) 100vw, 1024px\" \/><figcaption class=\"wp-element-caption\">Professori Jyri Vaahteran p\u00e4\u00e4t\u00f6ssanat onnistuneen konferenssin j\u00e4lkeen<\/figcaption><\/figure>\n\n\n\n<p>Kuvat: Joonas Vanhala<\/p>\n","protected":false},"excerpt":{"rendered":"<p>Antiikintutkimuksen p\u00e4iv\u00e4t pidettiin 23.\u201324.1.2025 Turun yliopistolla. Kiitos kaikille konferenssiin osallistuneille! Kuvat: Joonas Vanhala<\/p>\n","protected":false},"author":29028,"featured_media":0,"parent":0,"menu_order":0,"comment_status":"closed","ping_status":"open","template":"","meta":{"footnotes":""},"class_list":["post-2","page","type-page","status-publish","hentry","post-preview"],"_links":{"self":[{"href":"https:\/\/blogit.utu.fi\/antiikintutkimus2025\/wp-json\/wp\/v2\/pages\/2","targetHints":{"allow":["GET"]}}],"collection":[{"href":"https:\/\/blogit.utu.fi\/antiikintutkimus2025\/wp-json\/wp\/v2\/pages"}],"about":[{"href":"https:\/\/blogit.utu.fi\/antiikintutkimus2025\/wp-json\/wp\/v2\/types\/page"}],"author":[{"embeddable":true,"href":"https:\/\/blogit.utu.fi\/antiikintutkimus2025\/wp-json\/wp\/v2\/users\/29028"}],"replies":[{"embeddable":true,"href":"https:\/\/blogit.utu.fi\/antiikintutkimus2025\/wp-json\/wp\/v2\/comments?post=2"}],"version-history":[{"count":23,"href":"https:\/\/blogit.utu.fi\/antiikintutkimus2025\/wp-json\/wp\/v2\/pages\/2\/revisions"}],"predecessor-version":[{"id":273,"href":"https:\/\/blogit.utu.fi\/antiikintutkimus2025\/wp-json\/wp\/v2\/pages\/2\/revisions\/273"}],"wp:attachment":[{"href":"https:\/\/blogit.utu.fi\/antiikintutkimus2025\/wp-json\/wp\/v2\/media?parent=2"}],"curies":[{"name":"wp","href":"https:\/\/api.w.org\/{rel}","templated":true}]}}