{"id":215,"date":"2025-01-17T12:46:51","date_gmt":"2025-01-17T10:46:51","guid":{"rendered":"https:\/\/blogit.utu.fi\/antiikintutkimus2025\/?page_id=215"},"modified":"2025-01-24T09:17:56","modified_gmt":"2025-01-24T07:17:56","slug":"ohjelma-2","status":"publish","type":"page","link":"https:\/\/blogit.utu.fi\/antiikintutkimus2025\/ohjelma-2\/","title":{"rendered":"Ohjelma"},"content":{"rendered":"\n<p>Konferenssi pidet\u00e4\u00e4n Arcanumissa (Arcanuminkuja 1) Turun yliopiston alakampuksella 23.\u201324.1.2025. Rekister\u00f6ityminen, kahvitarjoilut ja postereiden esittelyt tapahtuvat Arcanumin p\u00e4\u00e4aulassa, muu ohjelma auditorio Aavassa ja salissa A112 Arcanumin 1. kerroksessa.<\/p>\n\n\n\n<p>Ohjelman voi ladata my\u00f6s pdf-tiedostona <a href=\"https:\/\/blogit.utu.fi\/antiikintutkimus2025\/wp-content\/uploads\/sites\/713\/2025\/01\/ATP2025-ohjelma-\u2013-paivitetty-17.1.2025.pdf\" data-type=\"attachment\" data-id=\"211\">t\u00e4st\u00e4 linkist\u00e4<\/a>.<\/p>\n\n\n\n<p>Esitelmien abstraktit l\u00f6ytyv\u00e4t <a href=\"https:\/\/blogit.utu.fi\/antiikintutkimus2025\/esitelmien-abstraktit\/\" data-type=\"page\" data-id=\"143\">t\u00e4lt\u00e4 sivulta<\/a>.<\/p>\n\n\n\n<p>Postereiden abstraktit l\u00f6ytyv\u00e4t <a href=\"https:\/\/blogit.utu.fi\/antiikintutkimus2025\/postereiden-abstraktit\/\" data-type=\"page\" data-id=\"147\">t\u00e4lt\u00e4 sivulta<\/a>.<\/p>\n\n\n\n<h3 class=\"wp-block-heading\">Torstai 23.1.2025<\/h3>\n\n\n\n<p>11.00 Rekister\u00f6ityminen (Arcanumin aula)<\/p>\n\n\n\n<p>12.00 Rehtorin tervehdyssanat (Aava)<\/p>\n\n\n\n<p>12.15 Konferenssin avaus (Aava)<\/p>\n\n\n\n<p>12.30\u201314.00 Esitelm\u00e4sessio 1A (Aava), puheenjohtaja: Joonas Vanhala<\/p>\n\n\n\n<ul class=\"wp-block-list\">\n<li>Antti Ij\u00e4s (Helsingin yliopisto): Antiikin auktorit Konrad Kyeserin <em>Bellifortiksessa<\/em><\/li>\n\n\n\n<li>Taneli Puputti (Jyv\u00e4skyl\u00e4n yliopisto):<em> Inclinatio imperii<\/em> \u2013 Miksi antiikki p\u00e4\u00e4ttyi? Katsaus humanistihistorioitsija Flavio Biondon (1392\u20131463) ajatteluun<\/li>\n\n\n\n<li>Maria Jokela (Turun yliopisto): Kilpailusta syntynytt\u00e4, testamentista jatkunutta? \u2013 meritaistelun\u00e4yt\u00f6sten synnyst\u00e4<\/li>\n<\/ul>\n\n\n\n<p>12.30\u201314.00 Esitelm\u00e4sessio 1B (A112), puheenjohtaja: Tommi Alho<\/p>\n\n\n\n<ul class=\"wp-block-list\">\n<li>Visa Helenius (Turun yliopisto): Lucretius ja uskonnollinen poikkeavuus<\/li>\n\n\n\n<li>Iida Laur\u00e9n (Helsingin yliopisto): Eletty uskonto: juutalaiset kreikkalaisissa temppeleiss\u00e4<\/li>\n\n\n\n<li>Harri S\u00f6derholm (Helsingin yliopisto): Laskennallisen tekstitutkimuksen n\u00e4k\u00f6kulma marttyyriuden kulttuurievoluutioon<\/li>\n<\/ul>\n\n\n\n<p>14.10\u201315.40 Esitelm\u00e4sessio 2A (Aava), puheenjohtaja: Minna Sepp\u00e4nen<\/p>\n\n\n\n<ul class=\"wp-block-list\">\n<li>Tuomo-Paavo Salokas (Jyv\u00e4skyl\u00e4n yliopisto): Politiikan k\u00e4sitteet latinankielisess\u00e4 retoris-poliittisessa traditiossa n. 87 eaa.\u20131159 jaa.<\/li>\n\n\n\n<li>Saara Honkanen (Helsingin yliopisto): <em>Participium coniunctum<\/em> -rakenteet keskiajan latinankielisill\u00e4 historiankirjoittajilla<\/li>\n\n\n\n<li>Veli-Matti Rissanen (Turun yliopisto): Otsakkeen merkityksest\u00e4 Ciceron kirjeiss\u00e4<\/li>\n<\/ul>\n\n\n\n<p>14.10\u201315.40 Esitelm\u00e4sessio 2B (A112), puheenjohtaja: Jyri Vaahtera<\/p>\n\n\n\n<ul class=\"wp-block-list\">\n<li>Reko Tikka (Turun yliopisto): Vedonly\u00f6nti antiikissa: oletettua oudompaa?<\/li>\n\n\n\n<li>Nikolai Paukkonen (Helsingin yliopisto): Kreikkalaisten miekkojen tyypittely\u00e4 musta- ja punakuviokeramiikan perusteella<\/li>\n\n\n\n<li>Anna-Maria Wilskman (Helsingin yliopisto): Projektiesittely: Vitriineist\u00e4 luokkahuoneisiin: kreikkalais-roomalaiset esineet opetuksen v\u00e4linein\u00e4<\/li>\n<\/ul>\n\n\n\n<p>15.40\u201316.30 Kahvitauko &amp; posterit (Arcanumin aula)<\/p>\n\n\n\n<p>16.30\u201317.15 Kutsuttu puhuja, FT Tommi Alho: Tieteellinen viittaaminen Turun akatemiassa (1640\u20131828) (Aava)<\/p>\n\n\n\n<p>19.00 Konferenssi-illallinen, ravintola Gr\u00e4dda (<a href=\"https:\/\/blogit.utu.fi\/antiikintutkimus2025\/wp-content\/uploads\/sites\/713\/2024\/11\/ATP-konferenssi-illallinen-23.1.2025.pdf\" data-type=\"link\" data-id=\"https:\/\/blogit.utu.fi\/antiikintutkimus2025\/wp-content\/uploads\/sites\/713\/2024\/11\/ATP-konferenssi-illallinen-23.1.2025.pdf\">menu<\/a>, <a href=\"https:\/\/blogit.utu.fi\/antiikintutkimus2025\/kaytannon-ohjeita\/#konferenssi-illallinen\">paikka<\/a>).<\/p>\n\n\n\n<hr class=\"wp-block-separator has-alpha-channel-opacity\" \/>\n\n\n\n<h3 class=\"wp-block-heading\">Perjantai 24.1.2025<\/h3>\n\n\n\n<p>9.15\u201310.45 Esitelm\u00e4sessio 3A (Aava), puheenjohtaja: Maria Jokela<\/p>\n\n\n\n<ul class=\"wp-block-list\">\n<li>Laura Aho (Helsingin yliopisto): Kategorisoinnin haasteet ja mielekkyys \u2013 tapaus syynilmaukset dedikaatioissa<\/li>\n\n\n\n<li>Timo Sironen (Oulun yliopisto): Esiroomalaisen ja roomalaistuvan Apulian tutkimuksen hy\u00f6dynt\u00e4m\u00e4tt\u00f6mien l\u00e4hteiden uusia n\u00e4k\u00f6kulmia<\/li>\n\n\n\n<li>Joonas Vanhala (Turun yliopisto): Fallospiirrokset Pompejin seinill\u00e4<\/li>\n<\/ul>\n\n\n\n<p>9.15\u201310.45 Esitelm\u00e4sessio 3B (A112), puheenjohtaja: Veli-Matti Rissanen<\/p>\n\n\n\n<ul class=\"wp-block-list\">\n<li>Minna Sepp\u00e4nen (Turun yliopisto): \u201dKaivamisia Troijan tasangolla toimittelee toht. Schliemann\u201d: arkeologin kuva suomalaisessa aikalaislehdist\u00f6ss\u00e4<\/li>\n\n\n\n<li>Henna Ala-Lehtim\u00e4ki (Turun yliopisto): Roomalainen luontosuhde pompejilaisessa talossa \u2013 Suomen Rooman-instituutin johtajan ty\u00f6ryhm\u00e4n projektin esittely\u00e4<\/li>\n\n\n\n<li><s>Anna Vuolanto (Kansalliskirjasto\/Helsingin yliopisto): Rituaaleja ja arkip\u00e4iv\u00e4\u00e4 antiikin Ostiassa<\/s><\/li>\n<\/ul>\n\n\n\n<p>10.45\u201311.30 Kahvitauko (Arcanumin aula)<\/p>\n\n\n\n<p>11.30\u201313.00 Esitelm\u00e4sessio 4A (Aava), puheenjohtaja: Antti Lampinen<\/p>\n\n\n\n<ul class=\"wp-block-list\">\n<li>Jyri Vaahtera (Turun yliopisto): Caesarin norsudenaari<\/li>\n\n\n\n<li>Kirsi Simpanen (Helsingin yliopisto): El\u00e4imellisyys, sotaisuus ja sotamerkkien el\u00e4intunnukset<\/li>\n\n\n\n<li>Jasmin Lukkari (Helsingin yliopisto): Rooma ja Pergamon 2. vs. eaa. alussa \u2013 miten Polybioksen ja Liviuksen narratiiveja pit\u00e4isi tulkita?<\/li>\n<\/ul>\n\n\n\n<p>11.30\u201313.00 Esitelm\u00e4sessio 4B (A112), puheenjohtaja: Reko Tikka<\/p>\n\n\n\n<ul class=\"wp-block-list\">\n<li>Sofia Vierula (Helsingin yliopisto): <em>Salua puella tibi est<\/em> \u2013 naisten kirjoituksia sairaudesta antiikin Roomassa<\/li>\n\n\n\n<li>Pia Mustonen (Tampereen yliopisto): Ceres Rooman keisarillisessa ideologiassa<\/li>\n<\/ul>\n\n\n\n<p>13.00\u201314.30 Lounas (omakustanteinen)<\/p>\n\n\n\n<p>14.30\u201315.15 Kutsuttu puhuja, dos. Antti Lampinen: &#8217;Pseudo-Hieronymoksen\u2019 <em>Cosmographia Aethici Istriotae<\/em> (Aava)<\/p>\n\n\n\n<p>15.15\u201316.15 <em>Status quo &amp; quo vadis<\/em> (Antiikintutkimuksen verkosto) (Aava)<\/p>\n\n\n\n<p>16.15 Konferenssin p\u00e4\u00e4t\u00f6ssanat (Aava)<\/p>\n","protected":false},"excerpt":{"rendered":"<p>Konferenssi pidet\u00e4\u00e4n Arcanumissa (Arcanuminkuja 1) Turun yliopiston alakampuksella 23.\u201324.1.2025. Rekister\u00f6ityminen, kahvitarjoilut ja postereiden esittelyt tapahtuvat Arcanumin p\u00e4\u00e4aulassa, muu ohjelma auditorio Aavassa ja salissa A112 Arcanumin 1. kerroksessa. Ohjelman voi ladata my\u00f6s pdf-tiedostona t\u00e4st\u00e4 linkist\u00e4. Esitelmien abstraktit l\u00f6ytyv\u00e4t t\u00e4lt\u00e4 sivulta. Postereiden abstraktit l\u00f6ytyv\u00e4t t\u00e4lt\u00e4 sivulta. Torstai 23.1.2025 11.00 Rekister\u00f6ityminen (Arcanumin aula) 12.00 Rehtorin tervehdyssanat (Aava) 12.15 [&hellip;]<\/p>\n","protected":false},"author":29028,"featured_media":0,"parent":0,"menu_order":0,"comment_status":"closed","ping_status":"closed","template":"","meta":{"footnotes":""},"class_list":["post-215","page","type-page","status-publish","hentry","post-preview"],"_links":{"self":[{"href":"https:\/\/blogit.utu.fi\/antiikintutkimus2025\/wp-json\/wp\/v2\/pages\/215","targetHints":{"allow":["GET"]}}],"collection":[{"href":"https:\/\/blogit.utu.fi\/antiikintutkimus2025\/wp-json\/wp\/v2\/pages"}],"about":[{"href":"https:\/\/blogit.utu.fi\/antiikintutkimus2025\/wp-json\/wp\/v2\/types\/page"}],"author":[{"embeddable":true,"href":"https:\/\/blogit.utu.fi\/antiikintutkimus2025\/wp-json\/wp\/v2\/users\/29028"}],"replies":[{"embeddable":true,"href":"https:\/\/blogit.utu.fi\/antiikintutkimus2025\/wp-json\/wp\/v2\/comments?post=215"}],"version-history":[{"count":10,"href":"https:\/\/blogit.utu.fi\/antiikintutkimus2025\/wp-json\/wp\/v2\/pages\/215\/revisions"}],"predecessor-version":[{"id":257,"href":"https:\/\/blogit.utu.fi\/antiikintutkimus2025\/wp-json\/wp\/v2\/pages\/215\/revisions\/257"}],"wp:attachment":[{"href":"https:\/\/blogit.utu.fi\/antiikintutkimus2025\/wp-json\/wp\/v2\/media?parent=215"}],"curies":[{"name":"wp","href":"https:\/\/api.w.org\/{rel}","templated":true}]}}