{"id":83,"date":"2024-11-25T13:23:46","date_gmt":"2024-11-25T11:23:46","guid":{"rendered":"https:\/\/blogit.utu.fi\/antiikintutkimus2025\/?page_id=83"},"modified":"2024-11-25T13:30:53","modified_gmt":"2024-11-25T11:30:53","slug":"ilmoittautuminen","status":"publish","type":"page","link":"https:\/\/blogit.utu.fi\/antiikintutkimus2025\/ilmoittautuminen\/","title":{"rendered":"Ilmoittautuminen"},"content":{"rendered":"\n<p>Ilmoittautuminen Antiikintutkimuksen p\u00e4iville on auki 10.1.2025 saakka. Konferenssin osallistumismaksu 25 \u20ac sis\u00e4lt\u00e4\u00e4 kahvitukset molempina p\u00e4ivin\u00e4. Illalliskortin hinta on 60 \u20ac.<\/p>\n\n\n\n<p>Konferenssin ohjelma alkaa torstaina 23.1. klo 12 Turun yliopiston Arcanum-rakennuksessa (Arcanuminkuja 1). Tarkempi ohjelma julkaistaan my\u00f6hemmin.<\/p>\n\n\n\n<p>Konferenssiin ja konferenssi-illalliselle ilmoittaudutaan erikseen alla olevien linkkien kautta. Maksu suoritetaan ilmoittautumisen yhteydess\u00e4 verkkomaksuna. Jos ilmoittautumisen tai maksamisen kanssa ilmenee ongelmia, voit olla yhteydess\u00e4 Turun yliopiston toimistopalveluihin (<a href=\"mailto:hum-toimistopalvelut@utu.fi\" target=\"_blank\" rel=\"noreferrer noopener\">hum-toimistopalvelut@utu.fi<\/a>).<\/p>\n\n\n\n<p><a href=\"https:\/\/konsta.utu.fi\/Default.aspx?tabid=88&amp;tap=20364\" target=\"_blank\" rel=\"noreferrer noopener\">Ilmoittautuminen konferenssiin<\/a><\/p>\n\n\n\n<p><a href=\"https:\/\/konsta.utu.fi\/Default.aspx?tabid=88&amp;tap=20365\" target=\"_blank\" rel=\"noreferrer noopener\">Ilmoittautuminen konferenssi-illalliselle<\/a><\/p>\n\n\n\n<p>Konferenssi-illallisen ruokalistan n\u00e4et <a href=\"https:\/\/blogit.utu.fi\/antiikintutkimus2025\/wp-content\/uploads\/sites\/713\/2024\/11\/ATP-konferenssi-illallinen-23.1.2025.pdf\">t\u00e4st\u00e4 linkist\u00e4<\/a>.<\/p>\n\n\n\n<p><\/p>\n","protected":false},"excerpt":{"rendered":"<p>Ilmoittautuminen Antiikintutkimuksen p\u00e4iville on auki 10.1.2025 saakka. Konferenssin osallistumismaksu 25 \u20ac sis\u00e4lt\u00e4\u00e4 kahvitukset molempina p\u00e4ivin\u00e4. Illalliskortin hinta on 60 \u20ac. Konferenssin ohjelma alkaa torstaina 23.1. klo 12 Turun yliopiston Arcanum-rakennuksessa (Arcanuminkuja 1). Tarkempi ohjelma julkaistaan my\u00f6hemmin. Konferenssiin ja konferenssi-illalliselle ilmoittaudutaan erikseen alla olevien linkkien kautta. Maksu suoritetaan ilmoittautumisen yhteydess\u00e4 verkkomaksuna. Jos ilmoittautumisen tai maksamisen kanssa [&hellip;]<\/p>\n","protected":false},"author":29028,"featured_media":0,"parent":0,"menu_order":0,"comment_status":"closed","ping_status":"closed","template":"","meta":{"footnotes":""},"class_list":["post-83","page","type-page","status-publish","hentry","post-preview"],"_links":{"self":[{"href":"https:\/\/blogit.utu.fi\/antiikintutkimus2025\/wp-json\/wp\/v2\/pages\/83","targetHints":{"allow":["GET"]}}],"collection":[{"href":"https:\/\/blogit.utu.fi\/antiikintutkimus2025\/wp-json\/wp\/v2\/pages"}],"about":[{"href":"https:\/\/blogit.utu.fi\/antiikintutkimus2025\/wp-json\/wp\/v2\/types\/page"}],"author":[{"embeddable":true,"href":"https:\/\/blogit.utu.fi\/antiikintutkimus2025\/wp-json\/wp\/v2\/users\/29028"}],"replies":[{"embeddable":true,"href":"https:\/\/blogit.utu.fi\/antiikintutkimus2025\/wp-json\/wp\/v2\/comments?post=83"}],"version-history":[{"count":6,"href":"https:\/\/blogit.utu.fi\/antiikintutkimus2025\/wp-json\/wp\/v2\/pages\/83\/revisions"}],"predecessor-version":[{"id":95,"href":"https:\/\/blogit.utu.fi\/antiikintutkimus2025\/wp-json\/wp\/v2\/pages\/83\/revisions\/95"}],"wp:attachment":[{"href":"https:\/\/blogit.utu.fi\/antiikintutkimus2025\/wp-json\/wp\/v2\/media?parent=83"}],"curies":[{"name":"wp","href":"https:\/\/api.w.org\/{rel}","templated":true}]}}