{"id":112,"date":"2023-05-08T07:42:08","date_gmt":"2023-05-08T07:42:08","guid":{"rendered":"https:\/\/blogit.utu.fi\/apollo\/?page_id=112"},"modified":"2026-02-03T12:08:48","modified_gmt":"2026-02-03T12:08:48","slug":"osallistu","status":"publish","type":"page","link":"https:\/\/blogit.utu.fi\/apollo\/osallistu\/","title":{"rendered":"Osallistu"},"content":{"rendered":"\n<h2 class=\"wp-block-heading\"><strong>Tutki luontoa ja ilmoita havaintosi:<\/strong><\/h2>\n\n\n\n<p><a href=\"https:\/\/inaturalist.laji.fi\/\">https:\/\/inaturalist.laji.fi\/<\/a><\/p>\n\n\n\n<p>&#8221;iNaturalist Suomi on osa kansainv\u00e4list\u00e4 iNaturalist-verkostoa. Palvelun avulla tuotetut havainnot tallentuvat lopulta <strong>Suomen Lajitietokeskukseen<\/strong> ja ovat sen kautta<strong> tutkijoiden, viranomaisten ja harrastajien k\u00e4ytett\u00e4viss\u00e4<\/strong>. Sinun tarvitsee vain havainnoida!&#8221;<\/p>\n\n\n\n<h2 class=\"wp-block-heading\">Tai Laji.fi:<\/h2>\n\n\n\n<p><a href=\"https:\/\/laji.fi\/save-observations\">https:\/\/laji.fi\/save-observations<\/a><\/p>\n\n\n\n<p><em>Kirjoittajan huomio henkil\u00f6ille, jotka haluaisivat omalla pihallaan\/maillaan tehd\u00e4 mahdollisesti joitakin toimia:<\/em><\/p>\n\n\n\n<p>Maan- tai mets\u00e4nomistajana voit tukea apolloa ja muita perhosia lis\u00e4\u00e4m\u00e4ll\u00e4 ja\/tai tarjoamalla pienialaista elinymp\u00e4rist\u00f6jen monimuotoisuutta, kuten vaihtelevia pinnanmuotoja ja kasvillisuutta maillasi. <\/p>\n\n\n\n<p>Kallioalueita olisi hyv\u00e4 pit\u00e4\u00e4 osittain aukeina ja torjua ruohottumista, varsinkin jos aluetta uhkaa umpeenkasvu ja varjostuminen suuressa m\u00e4\u00e4rin. Avoimet kallioalueet tukevat isomaksaruohon esiintymist\u00e4 ja lis\u00e4ksi niiss\u00e4 voi esiinty\u00e4 kasvillisuuslaikkuja, kuten ketoja, jotka tarjoavat mesikasveja monille aikuisille perhosille. Lis\u00e4ksi omalle pihalle voi j\u00e4tt\u00e4\u00e4 pieni\u00e4 laikkuja kukkivia kasveja, joita voi niitt\u00e4\u00e4 kasvukauden aikana vuorotellen. My\u00f6s peltojen vierustoille, ojien laidoille tai mihin tahansa sopivalle alueelle olisi hyv\u00e4 j\u00e4tt\u00e4\u00e4 alueita kukkiville kasveille. Mesikasvien v\u00e4henemist\u00e4 on pidetty yhten\u00e4 syyn\u00e4 joidenkin perhosten taantumiselle. <\/p>\n\n\n\n<p>Suosi eri aikoihin kukkivaa luonnonkasvillisuutta, kuten ohdakkeita, kaunokkeja ja apiloita n\u00e4ytt\u00e4vien puutarhalajikkeiden sijaan. N\u00e4in voit mahdollistaa meden saannin alkukev\u00e4\u00e4st\u00e4 my\u00f6h\u00e4\u00e4n kes\u00e4\u00e4n. Torju\/poista lis\u00e4ksi vieraslajeja, kuten lupiinia, jolloin mahdollistat luonnonkasveille tilaa.<\/p>\n\n\n\n<p>Pienialaista monimuotoisuutta voi lis\u00e4t\u00e4 esim. j\u00e4tt\u00e4m\u00e4ll\u00e4 puu\/kasviaineksen aineksen ker\u00e4\u00e4m\u00e4tt\u00e4 joiltain alueilta, ja mahdollistaa niin varjoisia kuin avoimia alueita yhdess\u00e4. Erilaiset, pienialaiset alueet tarjoavat vaihtelevia pienilmastoja ja elinymp\u00e4rist\u00f6j\u00e4 perhosille, jotka voivat tarjota resursseja (kuten ravintoa) eri el\u00e4m\u00e4nvaiheisiin ja edesauttaa selviytymist\u00e4 vaihtelevista s\u00e4\u00e4olosuhteista. <\/p>\n","protected":false},"excerpt":{"rendered":"<p>Tutki luontoa ja ilmoita havaintosi: https:\/\/inaturalist.laji.fi\/ &#8221;iNaturalist Suomi on osa kansainv\u00e4list\u00e4 iNaturalist-verkostoa. Palvelun avulla tuotetut havainnot tallentuvat lopulta Suomen Lajitietokeskukseen ja ovat sen kautta tutkijoiden, viranomaisten ja harrastajien k\u00e4ytett\u00e4viss\u00e4. Sinun tarvitsee vain havainnoida!&#8221; Tai Laji.fi: https:\/\/laji.fi\/save-observations Kirjoittajan huomio henkil\u00f6ille, jotka haluaisivat omalla pihallaan\/maillaan tehd\u00e4 mahdollisesti joitakin toimia: Maan- tai mets\u00e4nomistajana voit tukea apolloa ja muita [&hellip;]<\/p>\n","protected":false},"author":14663,"featured_media":0,"parent":0,"menu_order":0,"comment_status":"closed","ping_status":"closed","template":"","meta":{"_monsterinsights_skip_tracking":false,"_monsterinsights_sitenote_active":false,"_monsterinsights_sitenote_note":"","_monsterinsights_sitenote_category":0,"footnotes":""},"class_list":["post-112","page","type-page","status-publish","hentry","post-preview"],"_links":{"self":[{"href":"https:\/\/blogit.utu.fi\/apollo\/wp-json\/wp\/v2\/pages\/112","targetHints":{"allow":["GET"]}}],"collection":[{"href":"https:\/\/blogit.utu.fi\/apollo\/wp-json\/wp\/v2\/pages"}],"about":[{"href":"https:\/\/blogit.utu.fi\/apollo\/wp-json\/wp\/v2\/types\/page"}],"author":[{"embeddable":true,"href":"https:\/\/blogit.utu.fi\/apollo\/wp-json\/wp\/v2\/users\/14663"}],"replies":[{"embeddable":true,"href":"https:\/\/blogit.utu.fi\/apollo\/wp-json\/wp\/v2\/comments?post=112"}],"version-history":[{"count":14,"href":"https:\/\/blogit.utu.fi\/apollo\/wp-json\/wp\/v2\/pages\/112\/revisions"}],"predecessor-version":[{"id":449,"href":"https:\/\/blogit.utu.fi\/apollo\/wp-json\/wp\/v2\/pages\/112\/revisions\/449"}],"wp:attachment":[{"href":"https:\/\/blogit.utu.fi\/apollo\/wp-json\/wp\/v2\/media?parent=112"}],"curies":[{"name":"wp","href":"https:\/\/api.w.org\/{rel}","templated":true}]}}