{"id":162,"date":"2023-08-04T10:01:38","date_gmt":"2023-08-04T10:01:38","guid":{"rendered":"https:\/\/blogit.utu.fi\/apollo\/?page_id=162"},"modified":"2026-04-09T05:36:33","modified_gmt":"2026-04-09T05:36:33","slug":"linkkeja","status":"publish","type":"page","link":"https:\/\/blogit.utu.fi\/apollo\/linkkeja\/","title":{"rendered":"Linkkej\u00e4"},"content":{"rendered":"\n<p>Sivustolle on koottu linkkej\u00e4, joista voi hankkia lis\u00e4tietoa elinymp\u00e4rist\u00f6ist\u00e4 ja ker\u00e4t\u00e4 vinkkej\u00e4 kuinka voi auttaa perhosia sek\u00e4 muita hy\u00f6nteisi\u00e4, ja mahdollisesti houkutella niit\u00e4 my\u00f6s omalle pihalle p\u00f6lytt\u00e4m\u00e4\u00e4n. Linkeist\u00e4 l\u00f6ytyy tietoa eri hy\u00f6tyhy\u00f6nteisist\u00e4, kasveista hy\u00f6nteisille ja lis\u00e4ksi sopivista pes\u00e4paikoista. <\/p>\n\n\n\n<p>Linkkien toimivuutta ei tarkisteta s\u00e4\u00e4nn\u00f6llisesti.<\/p>\n\n\n\n<p><a href=\"https:\/\/www.sll.fi\/opi-lisaa\/polyttajat\/polyttajakasviopas\/?plant-archive_q=\">SLL P\u00f6lytt\u00e4j\u00e4kasviopas<\/a><\/p>\n\n\n\n<figure class=\"wp-block-embed is-type-wp-embed is-provider-perhoset-com wp-block-embed-perhoset-com\"><div class=\"wp-block-embed__wrapper\">\n<blockquote class=\"wp-embedded-content\" data-secret=\"enY7H5TfgC\"><a href=\"https:\/\/perhoset.com\/elinymparistoja\/tuoreet-niityt-ja-muut-perinneymparistot\/\">Tuoreet niityt ja muut perinneymp\u00e4rist\u00f6t<\/a><\/blockquote><iframe loading=\"lazy\" class=\"wp-embedded-content\" sandbox=\"allow-scripts\" security=\"restricted\" style=\"position: absolute; visibility: hidden;\" title=\"&#8221;Tuoreet niityt ja muut perinneymp\u00e4rist\u00f6t&#8221; &#8212; perhoset.com\" src=\"https:\/\/perhoset.com\/elinymparistoja\/tuoreet-niityt-ja-muut-perinneymparistot\/embed\/#?secret=KknKIDlHGv#?secret=enY7H5TfgC\" data-secret=\"enY7H5TfgC\" width=\"600\" height=\"338\" frameborder=\"0\" marginwidth=\"0\" marginheight=\"0\" scrolling=\"no\"><\/iframe>\n<\/div><\/figure>\n\n\n\n<p><a href=\"https:\/\/yle.fi\/aihe\/artikkeli\/2020\/03\/27\/nailla-kasveilla-teet-parvekkeesta-tai-puutarhastasi-porriaisten-paratiisin\">https:\/\/yle.fi\/aihe\/artikkeli\/2020\/03\/27\/nailla-kasveilla-teet-parvekkeesta-tai-puutarhastasi-porriaisten-paratiisin<\/a><\/p>\n\n\n\n<p><a href=\"https:\/\/yle.fi\/aihe\/artikkeli\/2018\/05\/08\/haluatko-houkutella-pihaasi-polyttajia-ala-tuhoa-kukkivia-pajuja-ja-avaa\">https:\/\/yle.fi\/aihe\/artikkeli\/2018\/05\/08\/haluatko-houkutella-pihaasi-polyttajia-ala-tuhoa-kukkivia-pajuja-ja-avaa<\/a><\/p>\n\n\n\n<p><a href=\"https:\/\/www.hyonteiskasvi.fi\/kasvit\">https:\/\/www.hyonteiskasvi.fi\/kasvit<\/a><\/p>\n\n\n\n<p><a href=\"https:\/\/www.ruokavirasto.fi\/tuet\/maatalous\/luonnon-monimuotoisuus-maatilalla\/maatalousluonnon-monimuotoisuuden-oppaat\/polyttajat-ja-hyotyhyonteiset\/polyttajat-ja-hyotyhyonteiset\/\">https:\/\/www.ruokavirasto.fi\/tuet\/maatalous\/luonnon-monimuotoisuus-maatilalla\/maatalousluonnon-monimuotoisuuden-oppaat\/polyttajat-ja-hyotyhyonteiset\/polyttajat-ja-hyotyhyonteiset\/<\/a><\/p>\n\n\n\n<p><a href=\"https:\/\/wwf.fi\/wwf-lehti\/wwf-lehti-1-2022\/luonnon-monimuotoisuutta-voi-lisata-helposti-omalla-pihalla-tai-parvekkeella\/\">https:\/\/wwf.fi\/wwf-lehti\/wwf-lehti-1-2022\/luonnon-monimuotoisuutta-voi-lisata-helposti-omalla-pihalla-tai-parvekkeella\/<\/a><\/p>\n\n\n\n<p><a href=\"https:\/\/www.meillakotona.fi\/artikkelit\/luonto-avuksi-puutarhatoissa\">https:\/\/www.meillakotona.fi\/artikkelit\/luonto-avuksi-puutarhatoissa<\/a><\/p>\n\n\n\n<p><a href=\"https:\/\/www.arkipelagia.fi\/perinnemaisemat\">https:\/\/www.arkipelagia.fi\/perinnemaisemat<\/a><\/p>\n\n\n\n<p><a href=\"https:\/\/www.meillakotona.fi\/artikkelit\/5-x-pihan-hyodylliset-hyonteiset\">https:\/\/www.meillakotona.fi\/artikkelit\/5-x-pihan-hyodylliset-hyonteiset<\/a><\/p>\n\n\n\n<p><a href=\"https:\/\/puutarha.net\/artikkelit\/17564\/porriaisten_paratiisi_puutarha_net.htm\">https:\/\/puutarha.net\/artikkelit\/17564\/porriaisten_paratiisi_puutarha_net.htm<\/a><\/p>\n\n\n\n<p><a href=\"https:\/\/sarinpuutarhat.blogspot.com\/2019\/02\/5-vinkkia-joilla-autat-hyonteisia.html\">https:\/\/sarinpuutarhat.blogspot.com\/2019\/02\/5-vinkkia-joilla-autat-hyonteisia.html<\/a><\/p>\n\n\n\n<p><a href=\"https:\/\/www.iltalehti.fi\/piha\/a\/90ee2e87-ab6b-462f-b9b1-a2f4c289c5ee\">https:\/\/www.iltalehti.fi\/piha\/a\/90ee2e87-ab6b-462f-b9b1-a2f4c289c5ee<\/a><\/p>\n\n\n\n<p><a href=\"https:\/\/p\u00e4iv\u00e4perhoset.fi\">https:\/\/p\u00e4iv\u00e4perhoset.fi<\/a><\/p>\n\n\n\n<figure class=\"wp-block-embed is-type-wp-embed is-provider-upota wp-block-embed-upota\"><div class=\"wp-block-embed__wrapper\">\n<blockquote class=\"wp-embedded-content\" data-secret=\"YC6JCj17ta\"><a href=\"https:\/\/pihallaauringontahtiin.com\/nain-teet-puutarhaan-pesapaikkoja-hyonteisille\/\">N\u00e4in teet puutarhaan pes\u00e4paikkoja hy\u00f6nteisille!<\/a><\/blockquote><iframe loading=\"lazy\" class=\"wp-embedded-content\" sandbox=\"allow-scripts\" security=\"restricted\" style=\"position: absolute; visibility: hidden;\" title=\"&#8221;N\u00e4in teet puutarhaan pes\u00e4paikkoja hy\u00f6nteisille!&#8221; &#8212; \" src=\"https:\/\/pihallaauringontahtiin.com\/nain-teet-puutarhaan-pesapaikkoja-hyonteisille\/embed\/#?secret=Qg41W8lS07#?secret=YC6JCj17ta\" data-secret=\"YC6JCj17ta\" width=\"600\" height=\"338\" frameborder=\"0\" marginwidth=\"0\" marginheight=\"0\" scrolling=\"no\"><\/iframe>\n<\/div><\/figure>\n\n\n<div class=\"wp-block-post-date\"><time datetime=\"2023-08-04T10:01:38+00:00\">4 elokuun, 2023<\/time><\/div>","protected":false},"excerpt":{"rendered":"<p>Sivustolle on koottu linkkej\u00e4, joista voi hankkia lis\u00e4tietoa elinymp\u00e4rist\u00f6ist\u00e4 ja ker\u00e4t\u00e4 vinkkej\u00e4 kuinka voi auttaa perhosia sek\u00e4 muita hy\u00f6nteisi\u00e4, ja mahdollisesti houkutella niit\u00e4 my\u00f6s omalle pihalle p\u00f6lytt\u00e4m\u00e4\u00e4n. Linkeist\u00e4 l\u00f6ytyy tietoa eri hy\u00f6tyhy\u00f6nteisist\u00e4, kasveista hy\u00f6nteisille ja lis\u00e4ksi sopivista pes\u00e4paikoista. Linkkien toimivuutta ei tarkisteta s\u00e4\u00e4nn\u00f6llisesti. SLL P\u00f6lytt\u00e4j\u00e4kasviopas https:\/\/yle.fi\/aihe\/artikkeli\/2020\/03\/27\/nailla-kasveilla-teet-parvekkeesta-tai-puutarhastasi-porriaisten-paratiisin https:\/\/yle.fi\/aihe\/artikkeli\/2018\/05\/08\/haluatko-houkutella-pihaasi-polyttajia-ala-tuhoa-kukkivia-pajuja-ja-avaa https:\/\/www.hyonteiskasvi.fi\/kasvit https:\/\/www.ruokavirasto.fi\/tuet\/maatalous\/luonnon-monimuotoisuus-maatilalla\/maatalousluonnon-monimuotoisuuden-oppaat\/polyttajat-ja-hyotyhyonteiset\/polyttajat-ja-hyotyhyonteiset\/ https:\/\/wwf.fi\/wwf-lehti\/wwf-lehti-1-2022\/luonnon-monimuotoisuutta-voi-lisata-helposti-omalla-pihalla-tai-parvekkeella\/ https:\/\/www.meillakotona.fi\/artikkelit\/luonto-avuksi-puutarhatoissa https:\/\/www.arkipelagia.fi\/perinnemaisemat https:\/\/www.meillakotona.fi\/artikkelit\/5-x-pihan-hyodylliset-hyonteiset https:\/\/puutarha.net\/artikkelit\/17564\/porriaisten_paratiisi_puutarha_net.htm https:\/\/sarinpuutarhat.blogspot.com\/2019\/02\/5-vinkkia-joilla-autat-hyonteisia.html [&hellip;]<\/p>\n","protected":false},"author":14663,"featured_media":0,"parent":0,"menu_order":0,"comment_status":"closed","ping_status":"closed","template":"","meta":{"_monsterinsights_skip_tracking":false,"_monsterinsights_sitenote_active":false,"_monsterinsights_sitenote_note":"","_monsterinsights_sitenote_category":0,"footnotes":""},"class_list":["post-162","page","type-page","status-publish","hentry","post-preview"],"_links":{"self":[{"href":"https:\/\/blogit.utu.fi\/apollo\/wp-json\/wp\/v2\/pages\/162","targetHints":{"allow":["GET"]}}],"collection":[{"href":"https:\/\/blogit.utu.fi\/apollo\/wp-json\/wp\/v2\/pages"}],"about":[{"href":"https:\/\/blogit.utu.fi\/apollo\/wp-json\/wp\/v2\/types\/page"}],"author":[{"embeddable":true,"href":"https:\/\/blogit.utu.fi\/apollo\/wp-json\/wp\/v2\/users\/14663"}],"replies":[{"embeddable":true,"href":"https:\/\/blogit.utu.fi\/apollo\/wp-json\/wp\/v2\/comments?post=162"}],"version-history":[{"count":8,"href":"https:\/\/blogit.utu.fi\/apollo\/wp-json\/wp\/v2\/pages\/162\/revisions"}],"predecessor-version":[{"id":452,"href":"https:\/\/blogit.utu.fi\/apollo\/wp-json\/wp\/v2\/pages\/162\/revisions\/452"}],"wp:attachment":[{"href":"https:\/\/blogit.utu.fi\/apollo\/wp-json\/wp\/v2\/media?parent=162"}],"curies":[{"name":"wp","href":"https:\/\/api.w.org\/{rel}","templated":true}]}}