{"id":181,"date":"2023-09-15T07:10:55","date_gmt":"2023-09-15T07:10:55","guid":{"rendered":"https:\/\/blogit.utu.fi\/apollo\/?page_id=181"},"modified":"2025-08-06T08:29:20","modified_gmt":"2025-08-06T08:29:20","slug":"rahoitus","status":"publish","type":"page","link":"https:\/\/blogit.utu.fi\/apollo\/rahoitus\/","title":{"rendered":"Rahoitus"},"content":{"rendered":"\n<p>V\u00e4it\u00f6skirjatutkimus on saanut apurahoja seuraavilta tahoilta:<\/p>\n\n\n\n<p><a href=\"http:\/\/www.societasfff.fi\/?lang=fi\">Societas pro Fauna et Flora Fennica<\/a>  <\/p>\n\n\n\n<p><a href=\"https:\/\/fi.ottomalm.fi\/\">Otto A. Malm Lahjoitusrahasto<\/a> <\/p>\n\n\n\n<p><a href=\"https:\/\/luonnonsuojelunsaatio.fi\/\">Suomen Luonnonsuojelun S\u00e4\u00e4ti\u00f6<\/a>, W\u00e4rtsil\u00e4 Oyj nimikkorahasto<\/p>\n\n\n\n<p><a href=\"https:\/\/skr.fi\/\">Suomen Kulttuurirahasto<\/a>, Kalevi Keyn\u00e4sin nimikkoapurahana, Yleisrahastosta<\/p>\n\n\n\n<p><a href=\"https:\/\/www.oskaroflund.fi\/?lang=fi\">Oskar \u00d6flunds Stiftelse<\/a><\/p>\n\n\n\n<p>Kiitokset my\u00f6s<\/p>\n\n\n\n<p><a href=\"https:\/\/www.metsa.fi\/projekti\/rannikko-life-hanke\/\">Rannikko LIFE -hanke<\/a> ja <a href=\"https:\/\/www.metsa.fi\/\">Mets\u00e4hallitus<\/a> <\/p>\n\n\n\n<p><a href=\"https:\/\/www.arkipelagia.fi\">ARKIPELAGIA-seura * s\u00e4llskapet<\/a><\/p>\n\n\n\n<p>Suuri kiitos kaikille, jotka ovat auttaneet tiedon keruussa vuosien varrella.<\/p>\n\n\n\n<div class=\"wp-block-group is-layout-grid wp-container-core-group-is-layout-9649a0d9 wp-block-group-is-layout-grid\">\n<figure class=\"wp-block-image size-full\"><a href=\"http:\/\/www.societasfff.fi\/?lang=fi\"><img loading=\"lazy\" decoding=\"async\" width=\"253\" height=\"250\" src=\"https:\/\/blogit.utu.fi\/apollo\/wp-content\/uploads\/sites\/673\/2025\/03\/sfff.jpg\" alt=\"\" class=\"wp-image-342\" \/><\/a><\/figure>\n\n\n\n<figure class=\"wp-block-image size-large\"><a href=\"https:\/\/fi.ottomalm.fi\/\"><img loading=\"lazy\" decoding=\"async\" width=\"1024\" height=\"1024\" src=\"https:\/\/blogit.utu.fi\/apollo\/wp-content\/uploads\/sites\/673\/2025\/03\/Otto-A.Malm-logo-FI-black-1024x1024.png\" alt=\"\" class=\"wp-image-341\" srcset=\"https:\/\/blogit.utu.fi\/apollo\/wp-content\/uploads\/sites\/673\/2025\/03\/Otto-A.Malm-logo-FI-black-1024x1024.png 1024w, https:\/\/blogit.utu.fi\/apollo\/wp-content\/uploads\/sites\/673\/2025\/03\/Otto-A.Malm-logo-FI-black-300x300.png 300w, https:\/\/blogit.utu.fi\/apollo\/wp-content\/uploads\/sites\/673\/2025\/03\/Otto-A.Malm-logo-FI-black-150x150.png 150w, https:\/\/blogit.utu.fi\/apollo\/wp-content\/uploads\/sites\/673\/2025\/03\/Otto-A.Malm-logo-FI-black-768x768.png 768w, https:\/\/blogit.utu.fi\/apollo\/wp-content\/uploads\/sites\/673\/2025\/03\/Otto-A.Malm-logo-FI-black-676x676.png 676w, https:\/\/blogit.utu.fi\/apollo\/wp-content\/uploads\/sites\/673\/2025\/03\/Otto-A.Malm-logo-FI-black.png 1182w\" sizes=\"auto, (max-width: 1024px) 100vw, 1024px\" \/><\/a><\/figure>\n\n\n\n<figure class=\"wp-block-gallery has-nested-images columns-default is-cropped wp-block-gallery-1 is-layout-flex wp-block-gallery-is-layout-flex\">\n<figure class=\"wp-block-image size-large\"><a href=\"https:\/\/www.oskaroflund.fi\/?lang=fi\"><img loading=\"lazy\" decoding=\"async\" width=\"581\" height=\"831\" data-id=\"339\" src=\"https:\/\/blogit.utu.fi\/apollo\/wp-content\/uploads\/sites\/673\/2025\/03\/oskar_stiftelse.png\" alt=\"\" class=\"wp-image-339\" srcset=\"https:\/\/blogit.utu.fi\/apollo\/wp-content\/uploads\/sites\/673\/2025\/03\/oskar_stiftelse.png 581w, https:\/\/blogit.utu.fi\/apollo\/wp-content\/uploads\/sites\/673\/2025\/03\/oskar_stiftelse-210x300.png 210w\" sizes=\"auto, (max-width: 581px) 100vw, 581px\" \/><\/a><\/figure>\n<\/figure>\n\n\n\n<figure class=\"wp-block-image size-full\"><a href=\"https:\/\/skr.fi\/\"><img loading=\"lazy\" decoding=\"async\" width=\"713\" height=\"692\" src=\"https:\/\/blogit.utu.fi\/apollo\/wp-content\/uploads\/sites\/673\/2025\/03\/skr-harmaa-jpg-1.jpg\" alt=\"\" class=\"wp-image-343\" srcset=\"https:\/\/blogit.utu.fi\/apollo\/wp-content\/uploads\/sites\/673\/2025\/03\/skr-harmaa-jpg-1.jpg 713w, https:\/\/blogit.utu.fi\/apollo\/wp-content\/uploads\/sites\/673\/2025\/03\/skr-harmaa-jpg-1-300x291.jpg 300w, https:\/\/blogit.utu.fi\/apollo\/wp-content\/uploads\/sites\/673\/2025\/03\/skr-harmaa-jpg-1-676x656.jpg 676w\" sizes=\"auto, (max-width: 713px) 100vw, 713px\" \/><\/a><\/figure>\n\n\n\n<figure class=\"wp-block-image size-full\"><a href=\"https:\/\/luonnonsuojelunsaatio.fi\/\"><img loading=\"lazy\" decoding=\"async\" width=\"375\" height=\"141\" src=\"https:\/\/blogit.utu.fi\/apollo\/wp-content\/uploads\/sites\/673\/2025\/03\/Untitled-1.jpg\" alt=\"\" class=\"wp-image-348\" srcset=\"https:\/\/blogit.utu.fi\/apollo\/wp-content\/uploads\/sites\/673\/2025\/03\/Untitled-1.jpg 375w, https:\/\/blogit.utu.fi\/apollo\/wp-content\/uploads\/sites\/673\/2025\/03\/Untitled-1-300x113.jpg 300w\" sizes=\"auto, (max-width: 375px) 100vw, 375px\" \/><\/a><\/figure>\n\n\n\n<figure class=\"wp-block-image size-full\"><a href=\"https:\/\/www.metsa.fi\/projekti\/rannikko-life-hanke\/\"><img loading=\"lazy\" decoding=\"async\" width=\"256\" height=\"129\" src=\"https:\/\/blogit.utu.fi\/apollo\/wp-content\/uploads\/sites\/673\/2025\/08\/Rannikko_LIFE_logo_7210x358-256x129-1.png\" alt=\"\" class=\"wp-image-416\" \/><\/a><\/figure>\n\n\n\n<figure class=\"wp-block-image size-full\"><a href=\"https:\/\/cinea.ec.europa.eu\/programmes\/life_en\"><img loading=\"lazy\" decoding=\"async\" width=\"2400\" height=\"2400\" src=\"https:\/\/blogit.utu.fi\/apollo\/wp-content\/uploads\/sites\/673\/2025\/08\/life-1-logo-png-transparent.png\" alt=\"\" class=\"wp-image-418\" srcset=\"https:\/\/blogit.utu.fi\/apollo\/wp-content\/uploads\/sites\/673\/2025\/08\/life-1-logo-png-transparent.png 2400w, https:\/\/blogit.utu.fi\/apollo\/wp-content\/uploads\/sites\/673\/2025\/08\/life-1-logo-png-transparent-300x300.png 300w, https:\/\/blogit.utu.fi\/apollo\/wp-content\/uploads\/sites\/673\/2025\/08\/life-1-logo-png-transparent-1024x1024.png 1024w, https:\/\/blogit.utu.fi\/apollo\/wp-content\/uploads\/sites\/673\/2025\/08\/life-1-logo-png-transparent-150x150.png 150w, https:\/\/blogit.utu.fi\/apollo\/wp-content\/uploads\/sites\/673\/2025\/08\/life-1-logo-png-transparent-768x768.png 768w, https:\/\/blogit.utu.fi\/apollo\/wp-content\/uploads\/sites\/673\/2025\/08\/life-1-logo-png-transparent-400x400.png 400w, https:\/\/blogit.utu.fi\/apollo\/wp-content\/uploads\/sites\/673\/2025\/08\/life-1-logo-png-transparent-1536x1536.png 1536w, https:\/\/blogit.utu.fi\/apollo\/wp-content\/uploads\/sites\/673\/2025\/08\/life-1-logo-png-transparent-2048x2048.png 2048w, https:\/\/blogit.utu.fi\/apollo\/wp-content\/uploads\/sites\/673\/2025\/08\/life-1-logo-png-transparent-676x676.png 676w\" sizes=\"auto, (max-width: 2400px) 100vw, 2400px\" \/><\/a><\/figure>\n\n\n\n<figure class=\"wp-block-image size-full\"><a href=\"https:\/\/www.metsa.fi\/\"><img loading=\"lazy\" decoding=\"async\" width=\"1095\" height=\"360\" src=\"https:\/\/blogit.utu.fi\/apollo\/wp-content\/uploads\/sites\/673\/2025\/08\/MH-suomi-ruotsi-saame-VARI.png\" alt=\"\" class=\"wp-image-419\" srcset=\"https:\/\/blogit.utu.fi\/apollo\/wp-content\/uploads\/sites\/673\/2025\/08\/MH-suomi-ruotsi-saame-VARI.png 1095w, https:\/\/blogit.utu.fi\/apollo\/wp-content\/uploads\/sites\/673\/2025\/08\/MH-suomi-ruotsi-saame-VARI-300x99.png 300w, https:\/\/blogit.utu.fi\/apollo\/wp-content\/uploads\/sites\/673\/2025\/08\/MH-suomi-ruotsi-saame-VARI-1024x337.png 1024w, https:\/\/blogit.utu.fi\/apollo\/wp-content\/uploads\/sites\/673\/2025\/08\/MH-suomi-ruotsi-saame-VARI-768x252.png 768w, https:\/\/blogit.utu.fi\/apollo\/wp-content\/uploads\/sites\/673\/2025\/08\/MH-suomi-ruotsi-saame-VARI-676x222.png 676w\" sizes=\"auto, (max-width: 1095px) 100vw, 1095px\" \/><\/a><\/figure>\n\n\n\n<figure class=\"wp-block-image size-full\"><a href=\"https:\/\/www.arkipelagia.fi\/\"><img loading=\"lazy\" decoding=\"async\" width=\"218\" height=\"231\" src=\"https:\/\/blogit.utu.fi\/apollo\/wp-content\/uploads\/sites\/673\/2025\/08\/arkipelagia.jpg\" alt=\"\" class=\"wp-image-415\" \/><\/a><\/figure>\n\n\n\n<figure class=\"wp-block-image size-full\"><a href=\"https:\/\/www.utu.fi\/fi\"><img loading=\"lazy\" decoding=\"async\" width=\"774\" height=\"314\" src=\"https:\/\/blogit.utu.fi\/apollo\/wp-content\/uploads\/sites\/673\/2025\/08\/UTU_logo_FI_RGB.jpg\" alt=\"\" class=\"wp-image-424\" srcset=\"https:\/\/blogit.utu.fi\/apollo\/wp-content\/uploads\/sites\/673\/2025\/08\/UTU_logo_FI_RGB.jpg 774w, https:\/\/blogit.utu.fi\/apollo\/wp-content\/uploads\/sites\/673\/2025\/08\/UTU_logo_FI_RGB-300x122.jpg 300w, https:\/\/blogit.utu.fi\/apollo\/wp-content\/uploads\/sites\/673\/2025\/08\/UTU_logo_FI_RGB-768x312.jpg 768w, https:\/\/blogit.utu.fi\/apollo\/wp-content\/uploads\/sites\/673\/2025\/08\/UTU_logo_FI_RGB-676x274.jpg 676w\" sizes=\"auto, (max-width: 774px) 100vw, 774px\" \/><\/a><\/figure>\n\n\n\n<figure class=\"wp-block-image size-full\"><a href=\"https:\/\/www.utu.fi\/en\"><img loading=\"lazy\" decoding=\"async\" width=\"828\" height=\"308\" src=\"https:\/\/blogit.utu.fi\/apollo\/wp-content\/uploads\/sites\/673\/2025\/08\/UTU_logo_EN_RGB.jpg\" alt=\"\" class=\"wp-image-422\" srcset=\"https:\/\/blogit.utu.fi\/apollo\/wp-content\/uploads\/sites\/673\/2025\/08\/UTU_logo_EN_RGB.jpg 828w, https:\/\/blogit.utu.fi\/apollo\/wp-content\/uploads\/sites\/673\/2025\/08\/UTU_logo_EN_RGB-300x112.jpg 300w, https:\/\/blogit.utu.fi\/apollo\/wp-content\/uploads\/sites\/673\/2025\/08\/UTU_logo_EN_RGB-768x286.jpg 768w, https:\/\/blogit.utu.fi\/apollo\/wp-content\/uploads\/sites\/673\/2025\/08\/UTU_logo_EN_RGB-676x251.jpg 676w\" sizes=\"auto, (max-width: 828px) 100vw, 828px\" \/><\/a><\/figure>\n<\/div>\n\n\n\n<p><\/p>\n","protected":false},"excerpt":{"rendered":"<p>V\u00e4it\u00f6skirjatutkimus on saanut apurahoja seuraavilta tahoilta: Societas pro Fauna et Flora Fennica Otto A. Malm Lahjoitusrahasto Suomen Luonnonsuojelun S\u00e4\u00e4ti\u00f6, W\u00e4rtsil\u00e4 Oyj nimikkorahasto Suomen Kulttuurirahasto, Kalevi Keyn\u00e4sin nimikkoapurahana, Yleisrahastosta Oskar \u00d6flunds Stiftelse Kiitokset my\u00f6s Rannikko LIFE -hanke ja Mets\u00e4hallitus ARKIPELAGIA-seura * s\u00e4llskapet Suuri kiitos kaikille, jotka ovat auttaneet tiedon keruussa vuosien varrella.<\/p>\n","protected":false},"author":14663,"featured_media":0,"parent":0,"menu_order":0,"comment_status":"closed","ping_status":"closed","template":"","meta":{"_monsterinsights_skip_tracking":false,"_monsterinsights_sitenote_active":false,"_monsterinsights_sitenote_note":"","_monsterinsights_sitenote_category":0,"footnotes":""},"class_list":["post-181","page","type-page","status-publish","hentry","post-preview"],"_links":{"self":[{"href":"https:\/\/blogit.utu.fi\/apollo\/wp-json\/wp\/v2\/pages\/181","targetHints":{"allow":["GET"]}}],"collection":[{"href":"https:\/\/blogit.utu.fi\/apollo\/wp-json\/wp\/v2\/pages"}],"about":[{"href":"https:\/\/blogit.utu.fi\/apollo\/wp-json\/wp\/v2\/types\/page"}],"author":[{"embeddable":true,"href":"https:\/\/blogit.utu.fi\/apollo\/wp-json\/wp\/v2\/users\/14663"}],"replies":[{"embeddable":true,"href":"https:\/\/blogit.utu.fi\/apollo\/wp-json\/wp\/v2\/comments?post=181"}],"version-history":[{"count":7,"href":"https:\/\/blogit.utu.fi\/apollo\/wp-json\/wp\/v2\/pages\/181\/revisions"}],"predecessor-version":[{"id":429,"href":"https:\/\/blogit.utu.fi\/apollo\/wp-json\/wp\/v2\/pages\/181\/revisions\/429"}],"wp:attachment":[{"href":"https:\/\/blogit.utu.fi\/apollo\/wp-json\/wp\/v2\/media?parent=181"}],"curies":[{"name":"wp","href":"https:\/\/api.w.org\/{rel}","templated":true}]}}