{"id":330,"date":"2025-03-31T06:28:52","date_gmt":"2025-03-31T06:28:52","guid":{"rendered":"https:\/\/blogit.utu.fi\/apollo\/?page_id=330"},"modified":"2025-11-18T09:42:02","modified_gmt":"2025-11-18T09:42:02","slug":"muita-julkaisuja","status":"publish","type":"page","link":"https:\/\/blogit.utu.fi\/apollo\/muita-julkaisuja\/","title":{"rendered":"Muita julkaisuja"},"content":{"rendered":"\n<h5 class=\"wp-block-heading\"><a href=\"https:\/\/urn.fi\/URN:ISBN:978-952-02-0473-0\">Conserving the Apollo Butterfly in the Finnish Archipelago: Ecology, habitat restoration and social dimensions<\/a> Kukkonen, Jonna (2025-12-12)<\/h5>\n\n\n\n<h5 class=\"wp-block-heading\"><a href=\"https:\/\/urn.fi\/URN:NBN:fi-fe2023060953883\" data-type=\"link\" data-id=\"https:\/\/urn.fi\/URN:NBN:fi-fe2023060953883\">Exploring the impacts of microclimatic temperature on occupancy of the Apollo butterfly (Parnassius apollo)<\/a>  Laaksonlaita, Jussi (2023-04-25)<\/h5>\n\n\n\n<h5 class=\"wp-block-heading\"><a href=\"https:\/\/urn.fi\/URN:NBN:fi-fe2021051930683\" data-type=\"link\" data-id=\"https:\/\/urn.fi\/URN:NBN:fi-fe2021051930683\">Investigating the current occupancy of the endangered butterfly Parnassius apollo and the abundance of its host plant Sedum telephium in the Archipelago Sea<\/a>  Kukkonen, Jonna (2021-04-06)<\/h5>\n\n\n\n<h5 class=\"wp-block-heading\"><a href=\"http:\/\/urn.fi\/URN:ISBN:952-10-1739-2\" data-type=\"link\" data-id=\"http:\/\/urn.fi\/URN:ISBN:952-10-1739-2\">Influence of resource distribution and abundance on the population structure and dynamics of Parnassius apollo<\/a>  Fred, Marianne (2004-04)<\/h5>\n\n\n\n<h5 class=\"wp-block-heading\"><a href=\"http:\/\/hdl.handle.net\/10138\/31896\">A case study of a patchy population of the Apollo butterfly (<em>Parnassius apollo<\/em>): the importance of nectar sources<\/a>  Fred, Marianne (1998)<\/h5>\n\n\n\n<h5 class=\"wp-block-heading\"><a href=\"http:\/\/hdl.handle.net\/10138\/31802\">Apolloperhosen (Parnassius apollo L:) levinneisyyden ja runsauden muutokset Suomessa 1900-luvulla<\/a> H\u00e4kkinen, Sirkka-Liisa (1976)<\/h5>\n\n\n\n<h5 class=\"wp-block-heading\"><a href=\"https:\/\/edition.fi\/thy\/catalog\/book\/1176\" data-type=\"link\" data-id=\"https:\/\/edition.fi\/thy\/catalog\/book\/1176\">Suomalaisten lajien historiallinen kartasto<\/a>  Latva, Otto; L\u00e4hdesm\u00e4ki, Heta; Uusitalo, Harri ja Kallioniemi, Noora (2025-03-27)<\/h5>\n\n\n\n<h5 class=\"wp-block-heading\"><a href=\"http:\/\/urn.fi\/URN:ISBN:978-952-11-4638-1\" data-type=\"link\" data-id=\"http:\/\/urn.fi\/URN:ISBN:978-952-11-4638-1\">Euroopan unionin luontodirektii-vin liitteen IV lajien (pl. lepakot) esittelyt<\/a>  Nieminen, M. &amp; Ahola, A. (toim.) 2017. Suomen Ymp\u00e4rist\u00f6 1. Ymp\u00e4rist\u00f6ministeri\u00f6.<\/h5>\n\n\n\n<h5 class=\"wp-block-heading\"><a href=\"https:\/\/www.utu.fi\/fi\/ajankohtaista\/aurora\/uhanalaisen-apolloperhosen-voi-viela-nahda-muutamilla-paikoilla-etelaisessa\" data-type=\"link\" data-id=\"https:\/\/www.utu.fi\/fi\/ajankohtaista\/aurora\/uhanalaisen-apolloperhosen-voi-viela-nahda-muutamilla-paikoilla-etelaisessa\"><strong>Uhanalaisen apolloperhosen voi viel\u00e4 n\u00e4hd\u00e4 muutamilla paikoilla etel\u00e4isess\u00e4 Suomessa \u2013 voidaanko lajin katoamista est\u00e4\u00e4?<\/strong><\/a>  Aurora 3\/2025<\/h5>\n\n\n\n<h5 class=\"wp-block-heading\"><a href=\"https:\/\/punainenkirja.laji.fi\/results\/MX.60724?checklist=MR.424\" data-type=\"link\" data-id=\"https:\/\/punainenkirja.laji.fi\/results\/MX.60724?checklist=MR.424\">Apollo \u2013 <em>Parnassius apollo<\/em><\/a>  Punainen Kirja 2019<\/h5>\n\n\n\n<h5 class=\"wp-block-heading\"><a href=\"https:\/\/www.suomen-perhoset.fi\/isoapollo\/\">Isoapollo<\/a>  Suomen perhoset<a href=\"https:\/\/laji.fi\/taxon\/MX.60724\" data-type=\"link\" data-id=\"https:\/\/laji.fi\/taxon\/MX.60724\"><br>Isoapollo (apollo) \u2013 <em>Parnassius apollo<\/em><\/a>  Laji.fi<\/h5>\n\n\n\n<h5 class=\"wp-block-heading\"><a href=\"https:\/\/www.google.com\/url?sa=t&amp;source=web&amp;rct=j&amp;opi=89978449&amp;url=https:\/\/www.ymparisto.fi\/sites\/default\/files\/documents\/Isoapollo.pdf&amp;ved=2ahUKEwjo3anL9bOMAxV0HxAIHW44Ok4QFnoECGMQAQ&amp;usg=AOvVaw0QnJFDTxi7_9bfXoaRFilq\" data-type=\"link\" data-id=\"https:\/\/www.google.com\/url?sa=t&amp;source=web&amp;rct=j&amp;opi=89978449&amp;url=https:\/\/www.ymparisto.fi\/sites\/default\/files\/documents\/Isoapollo.pdf&amp;ved=2ahUKEwjo3anL9bOMAxV0HxAIHW44Ok4QFnoECGMQAQ&amp;usg=AOvVaw0QnJFDTxi7_9bfXoaRFilq\">Isoapollo (apollo)<\/a>  Ymparisto.fi (2022)<\/h5>\n\n\n\n<h5 class=\"wp-block-heading\"><a href=\"https:\/\/www.perhoset.fi\/historia\/papilionidae\/par-apollo.htm\" data-type=\"link\" data-id=\"https:\/\/www.perhoset.fi\/historia\/papilionidae\/par-apollo.htm\">Parnassius apollo (Linnaeus, 1758)<\/a>  Suomen Perhostutkijain Seura<\/h5>\n\n\n\n<h5 class=\"wp-block-heading\"><a href=\"https:\/\/suomenluonto.fi\/artikkelit\/isoapollo-maamme-suurin-perhonen-on-suojelun-valiinputoaja\/\">Isoapollo \u2013 maamme suurin perhonen on suojelun v\u00e4liinputoaja<\/a>  Suomen Luonto 5\/2020<\/h5>\n\n\n\n<h5 class=\"wp-block-heading\"><a href=\"https:\/\/www.apu.fi\/artikkelit\/isoapollo-keskikesan-kaunotar\">Isoapollo on keskikes\u00e4n kaunotar<\/a>  Apu 8.8.2017 <\/h5>\n\n\n\n<h5 class=\"wp-block-heading\"><a href=\"https:\/\/www.teos.fi\/Perhosten+ennatyskirja\" data-type=\"link\" data-id=\"https:\/\/www.teos.fi\/Perhosten+ennatyskirja\">PERHOSTEN ENN\u00c4TYSKIRJA<\/a>  <em>Katja Bargum &amp; Jenny Lucander<\/em> 2024<\/h5>\n","protected":false},"excerpt":{"rendered":"<p>Conserving the Apollo Butterfly in the Finnish Archipelago: Ecology, habitat restoration and social dimensions Kukkonen, Jonna (2025-12-12) Exploring the impacts of microclimatic temperature on occupancy of the Apollo butterfly (Parnassius apollo) Laaksonlaita, Jussi (2023-04-25) Investigating the current occupancy of the endangered butterfly Parnassius apollo and the abundance of its host plant Sedum telephium in the [&hellip;]<\/p>\n","protected":false},"author":14663,"featured_media":0,"parent":0,"menu_order":0,"comment_status":"closed","ping_status":"closed","template":"","meta":{"_monsterinsights_skip_tracking":false,"_monsterinsights_sitenote_active":false,"_monsterinsights_sitenote_note":"","_monsterinsights_sitenote_category":0,"footnotes":""},"class_list":["post-330","page","type-page","status-publish","hentry","post-preview"],"_links":{"self":[{"href":"https:\/\/blogit.utu.fi\/apollo\/wp-json\/wp\/v2\/pages\/330","targetHints":{"allow":["GET"]}}],"collection":[{"href":"https:\/\/blogit.utu.fi\/apollo\/wp-json\/wp\/v2\/pages"}],"about":[{"href":"https:\/\/blogit.utu.fi\/apollo\/wp-json\/wp\/v2\/types\/page"}],"author":[{"embeddable":true,"href":"https:\/\/blogit.utu.fi\/apollo\/wp-json\/wp\/v2\/users\/14663"}],"replies":[{"embeddable":true,"href":"https:\/\/blogit.utu.fi\/apollo\/wp-json\/wp\/v2\/comments?post=330"}],"version-history":[{"count":8,"href":"https:\/\/blogit.utu.fi\/apollo\/wp-json\/wp\/v2\/pages\/330\/revisions"}],"predecessor-version":[{"id":437,"href":"https:\/\/blogit.utu.fi\/apollo\/wp-json\/wp\/v2\/pages\/330\/revisions\/437"}],"wp:attachment":[{"href":"https:\/\/blogit.utu.fi\/apollo\/wp-json\/wp\/v2\/media?parent=330"}],"curies":[{"name":"wp","href":"https:\/\/api.w.org\/{rel}","templated":true}]}}