{"id":67,"date":"2023-04-24T06:54:43","date_gmt":"2023-04-24T06:54:43","guid":{"rendered":"https:\/\/blogit.utu.fi\/apollo\/?page_id=67"},"modified":"2025-03-31T09:24:58","modified_gmt":"2025-03-31T09:24:58","slug":"kyselytutkimus-2","status":"publish","type":"page","link":"https:\/\/blogit.utu.fi\/apollo\/kyselytutkimus-2\/","title":{"rendered":"Kyselytutkimus"},"content":{"rendered":"\n<h2 class=\"wp-block-heading\">Kyselytutkimukseen saatiin 245 vastausta, suuret kiitokset kaikille osallistujille!<\/h2>\n\n\n\n<p>Kyselytutkimukseen ker\u00e4ttiin vastauksia 8.5. \u2013 31.8.2023 webropol nettilomakkeella. Kyselytutkimuksella pyrittiin kartoittamaan saaristossa liikkuvien ja\/tai asuvien mielipiteit\u00e4 apolloperhosesta ja luonnonhoidosta. <\/p>\n\n\n\n<p>Tuloksista on julkaistu tieteellinen artikkeli, jonka p\u00e4\u00e4see lukemaan linkist\u00e4:<\/p>\n\n\n\n<p><a href=\"https:\/\/onlinelibrary.wiley.com\/share\/author\/H2NM88BCP5JJY3K9IEDV?target=10.1111\/rec.70018\">https:\/\/onlinelibrary.wiley.com\/doi\/10.1111\/rec.70018<\/a><\/p>\n\n\n\n<p><\/p>\n\n\n\n<p><\/p>\n","protected":false},"excerpt":{"rendered":"<p>Kyselytutkimukseen saatiin 245 vastausta, suuret kiitokset kaikille osallistujille! Kyselytutkimukseen ker\u00e4ttiin vastauksia 8.5. \u2013 31.8.2023 webropol nettilomakkeella. Kyselytutkimuksella pyrittiin kartoittamaan saaristossa liikkuvien ja\/tai asuvien mielipiteit\u00e4 apolloperhosesta ja luonnonhoidosta. Tuloksista on julkaistu tieteellinen artikkeli, jonka p\u00e4\u00e4see lukemaan linkist\u00e4: https:\/\/onlinelibrary.wiley.com\/doi\/10.1111\/rec.70018<\/p>\n","protected":false},"author":14663,"featured_media":0,"parent":0,"menu_order":0,"comment_status":"closed","ping_status":"closed","template":"","meta":{"_monsterinsights_skip_tracking":false,"_monsterinsights_sitenote_active":false,"_monsterinsights_sitenote_note":"","_monsterinsights_sitenote_category":0,"footnotes":""},"class_list":["post-67","page","type-page","status-publish","hentry","post-preview"],"_links":{"self":[{"href":"https:\/\/blogit.utu.fi\/apollo\/wp-json\/wp\/v2\/pages\/67","targetHints":{"allow":["GET"]}}],"collection":[{"href":"https:\/\/blogit.utu.fi\/apollo\/wp-json\/wp\/v2\/pages"}],"about":[{"href":"https:\/\/blogit.utu.fi\/apollo\/wp-json\/wp\/v2\/types\/page"}],"author":[{"embeddable":true,"href":"https:\/\/blogit.utu.fi\/apollo\/wp-json\/wp\/v2\/users\/14663"}],"replies":[{"embeddable":true,"href":"https:\/\/blogit.utu.fi\/apollo\/wp-json\/wp\/v2\/comments?post=67"}],"version-history":[{"count":5,"href":"https:\/\/blogit.utu.fi\/apollo\/wp-json\/wp\/v2\/pages\/67\/revisions"}],"predecessor-version":[{"id":351,"href":"https:\/\/blogit.utu.fi\/apollo\/wp-json\/wp\/v2\/pages\/67\/revisions\/351"}],"wp:attachment":[{"href":"https:\/\/blogit.utu.fi\/apollo\/wp-json\/wp\/v2\/media?parent=67"}],"curies":[{"name":"wp","href":"https:\/\/api.w.org\/{rel}","templated":true}]}}