{"id":70,"date":"2023-04-24T07:00:06","date_gmt":"2023-04-24T07:00:06","guid":{"rendered":"https:\/\/blogit.utu.fi\/apollo\/?page_id=70"},"modified":"2025-05-13T08:22:19","modified_gmt":"2025-05-13T08:22:19","slug":"tieteellinen-artikkeli","status":"publish","type":"page","link":"https:\/\/blogit.utu.fi\/apollo\/tieteellinen-artikkeli\/","title":{"rendered":"Tieteelliset artikkelit"},"content":{"rendered":"\n<p>I <strong>Tutkimuksesta on julkaistu tieteellinen artikkeli 24.6.2022<\/strong>:<\/p>\n\n\n\n<p>&#8221;A strong decline of the endangered Apollo butterfly over 20&nbsp;years in the archipelago of southern Finland&#8221;<\/p>\n\n\n\n<p>Journal of Insect Conservation<\/p>\n\n\n\n<p>Artikkelin voi kokonaisuudessaan lukea linkist\u00e4:<\/p>\n\n\n\n<p><a href=\"https:\/\/link.springer.com\/article\/10.1007\/s10841-022-00413-3\">https:\/\/link.springer.com\/article\/10.1007\/s10841-022-00413-3<\/a><\/p>\n\n\n\n<p class=\"has-text-align-center\">\u2a3e\u0f0a\udb40\udc3a<\/p>\n\n\n\n<p>II <strong>Tutkimuksesta on julkaistu tieteellinen artikkeli 9.8.2024<\/strong>:<\/p>\n\n\n\n<p>&#8221;Conserving apollo butterflies: habitat characteristics and conservation implications in Southwest Finland.&#8221;<\/p>\n\n\n\n<p>Journal of Insect Conservation<\/p>\n\n\n\n<p>Artikkelin voi kokonaisuudessaan lukea linkist\u00e4:<\/p>\n\n\n\n<p><a href=\"https:\/\/link.springer.com\/article\/10.1007\/s10841-024-00617-9\">https:\/\/link.springer.com\/article\/10.1007\/s10841-024-00617-9<\/a><\/p>\n\n\n\n<p class=\"has-text-align-center\">\u0f50\u0f72\u0f0f\u0f4b\u0f80\udb40\udc2e<\/p>\n\n\n\n<p><strong>POSTERI<\/strong><\/p>\n\n\n\n<div class=\"wp-block-media-text is-stacked-on-mobile\"><figure class=\"wp-block-media-text__media\"><img loading=\"lazy\" decoding=\"async\" width=\"974\" height=\"1024\" src=\"https:\/\/blogit.utu.fi\/apollo\/wp-content\/uploads\/sites\/673\/2024\/08\/poster_noikos_2024_jmk-974x1024.jpg\" alt=\"\" class=\"wp-image-218 size-full\" srcset=\"https:\/\/blogit.utu.fi\/apollo\/wp-content\/uploads\/sites\/673\/2024\/08\/poster_noikos_2024_jmk-974x1024.jpg 974w, https:\/\/blogit.utu.fi\/apollo\/wp-content\/uploads\/sites\/673\/2024\/08\/poster_noikos_2024_jmk-285x300.jpg 285w, https:\/\/blogit.utu.fi\/apollo\/wp-content\/uploads\/sites\/673\/2024\/08\/poster_noikos_2024_jmk-768x808.jpg 768w, https:\/\/blogit.utu.fi\/apollo\/wp-content\/uploads\/sites\/673\/2024\/08\/poster_noikos_2024_jmk-1461x1536.jpg 1461w, https:\/\/blogit.utu.fi\/apollo\/wp-content\/uploads\/sites\/673\/2024\/08\/poster_noikos_2024_jmk-1947x2048.jpg 1947w\" sizes=\"auto, (max-width: 974px) 100vw, 974px\" \/><\/figure><div class=\"wp-block-media-text__content\">\n<p>Posteri ensimm\u00e4isest\u00e4 artikkelista Nordic Oikos 2024 -konferenssiin, joka j\u00e4jestettiin Lund, Ruotsissa maaliskuussa 2024.<\/p>\n\n\n\n<p><\/p>\n<\/div><\/div>\n\n\n\n<p class=\"has-text-align-center\">\u2a3e\u0f0a\udb40\udc3a<\/p>\n\n\n\n<p> III <strong>Tutkimuksesta on julkaistu tieteellinen artikkeli 5.3.2025<\/strong>:<\/p>\n\n\n\n<p>&#8221;Pro-environmental values foster support for both general and local ecological management&#8221;<\/p>\n\n\n\n<p> Restoration Ecology<\/p>\n\n\n\n<p>Artikkelin voi kokonaisuudessaan lukea linkist\u00e4:<\/p>\n\n\n\n<p><a href=\"https:\/\/onlinelibrary.wiley.com\/doi\/10.1111\/rec.70018\">https:\/\/onlinelibrary.wiley.com\/doi\/10.1111\/rec.70018<\/a><\/p>\n\n\n\n<p class=\"has-text-align-center\">\u0f50\u0f72\u0f0f\u0f4b\u0f80\udb40\udc2e<\/p>\n","protected":false},"excerpt":{"rendered":"<p>I Tutkimuksesta on julkaistu tieteellinen artikkeli 24.6.2022: &#8221;A strong decline of the endangered Apollo butterfly over 20&nbsp;years in the archipelago of southern Finland&#8221; Journal of Insect Conservation Artikkelin voi kokonaisuudessaan lukea linkist\u00e4: https:\/\/link.springer.com\/article\/10.1007\/s10841-022-00413-3 \u2a3e\u0f0a\udb40\udc3a II Tutkimuksesta on julkaistu tieteellinen artikkeli 9.8.2024: &#8221;Conserving apollo butterflies: habitat characteristics and conservation implications in Southwest Finland.&#8221; Journal of Insect [&hellip;]<\/p>\n","protected":false},"author":14663,"featured_media":0,"parent":0,"menu_order":0,"comment_status":"closed","ping_status":"closed","template":"","meta":{"_monsterinsights_skip_tracking":false,"_monsterinsights_sitenote_active":false,"_monsterinsights_sitenote_note":"","_monsterinsights_sitenote_category":0,"footnotes":""},"class_list":["post-70","page","type-page","status-publish","hentry","post-preview"],"_links":{"self":[{"href":"https:\/\/blogit.utu.fi\/apollo\/wp-json\/wp\/v2\/pages\/70","targetHints":{"allow":["GET"]}}],"collection":[{"href":"https:\/\/blogit.utu.fi\/apollo\/wp-json\/wp\/v2\/pages"}],"about":[{"href":"https:\/\/blogit.utu.fi\/apollo\/wp-json\/wp\/v2\/types\/page"}],"author":[{"embeddable":true,"href":"https:\/\/blogit.utu.fi\/apollo\/wp-json\/wp\/v2\/users\/14663"}],"replies":[{"embeddable":true,"href":"https:\/\/blogit.utu.fi\/apollo\/wp-json\/wp\/v2\/comments?post=70"}],"version-history":[{"count":10,"href":"https:\/\/blogit.utu.fi\/apollo\/wp-json\/wp\/v2\/pages\/70\/revisions"}],"predecessor-version":[{"id":404,"href":"https:\/\/blogit.utu.fi\/apollo\/wp-json\/wp\/v2\/pages\/70\/revisions\/404"}],"wp:attachment":[{"href":"https:\/\/blogit.utu.fi\/apollo\/wp-json\/wp\/v2\/media?parent=70"}],"curies":[{"name":"wp","href":"https:\/\/api.w.org\/{rel}","templated":true}]}}