{"id":78,"date":"2023-04-24T07:21:36","date_gmt":"2023-04-24T07:21:36","guid":{"rendered":"https:\/\/blogit.utu.fi\/apollo\/?page_id=78"},"modified":"2025-11-18T09:39:15","modified_gmt":"2025-11-18T09:39:15","slug":"tervetuloa","status":"publish","type":"page","link":"https:\/\/blogit.utu.fi\/apollo\/tervetuloa\/","title":{"rendered":"Tervetuloa"},"content":{"rendered":"\n<p>Tervetuloa Turun yliopiston blogit sivustolle! <\/p>\n\n\n\n<p>T\u00e4m\u00e4n sivuston aiheena on apolloperhonen ja siit\u00e4 teht\u00e4v\u00e4 v\u00e4it\u00f6skirjatutkimus.<\/p>\n\n\n\n<p>V\u00e4it\u00f6skirja on  julkaistu: <a href=\"https:\/\/urn.fi\/URN:ISBN:978-952-02-0473-0\">https:\/\/urn.fi\/URN:ISBN:978-952-02-0473-0<\/a><\/p>\n\n\n\n<p>Ylh\u00e4\u00e4ll\u00e4 olevista painikkeista p\u00e4\u00e4set lukemaan aiheesta enemm\u00e4n.<\/p>\n\n\n<div class=\"wp-block-image is-style-default\">\n<figure class=\"aligncenter size-full is-resized\"><img loading=\"lazy\" decoding=\"async\" width=\"554\" height=\"485\" src=\"https:\/\/blogit.utu.fi\/apollo\/wp-content\/uploads\/sites\/673\/2023\/04\/apollo_perhonen_jmk_2022.jpg\" alt=\"\" class=\"wp-image-15\" style=\"width:305px;height:267px\" srcset=\"https:\/\/blogit.utu.fi\/apollo\/wp-content\/uploads\/sites\/673\/2023\/04\/apollo_perhonen_jmk_2022.jpg 554w, https:\/\/blogit.utu.fi\/apollo\/wp-content\/uploads\/sites\/673\/2023\/04\/apollo_perhonen_jmk_2022-300x263.jpg 300w, https:\/\/blogit.utu.fi\/apollo\/wp-content\/uploads\/sites\/673\/2023\/04\/apollo_perhonen_jmk_2022-260x228.jpg 260w\" sizes=\"auto, (max-width: 554px) 100vw, 554px\" \/><\/figure><\/div>\n\n\n<p><em>Kuva Jonna M. Kukkonen 2022.<\/em><\/p>\n\n\n\n<figure class=\"wp-block-embed is-type-video is-provider-youtube wp-block-embed-youtube wp-embed-aspect-4-3 wp-has-aspect-ratio\"><div class=\"wp-block-embed__wrapper\">\n<iframe loading=\"lazy\" title=\"Apolloperhosten kanta on taantunut Saaristomerell\u00e4\" width=\"676\" height=\"507\" src=\"https:\/\/www.youtube.com\/embed\/KlvCFYt3Zoc?feature=oembed\" frameborder=\"0\" allow=\"accelerometer; autoplay; clipboard-write; encrypted-media; gyroscope; picture-in-picture; web-share\" referrerpolicy=\"strict-origin-when-cross-origin\" allowfullscreen><\/iframe>\n<\/div><\/figure>\n","protected":false},"excerpt":{"rendered":"<p>Tervetuloa Turun yliopiston blogit sivustolle! T\u00e4m\u00e4n sivuston aiheena on apolloperhonen ja siit\u00e4 teht\u00e4v\u00e4 v\u00e4it\u00f6skirjatutkimus. V\u00e4it\u00f6skirja on julkaistu: https:\/\/urn.fi\/URN:ISBN:978-952-02-0473-0 Ylh\u00e4\u00e4ll\u00e4 olevista painikkeista p\u00e4\u00e4set lukemaan aiheesta enemm\u00e4n. Kuva Jonna M. Kukkonen 2022.<\/p>\n","protected":false},"author":14663,"featured_media":0,"parent":0,"menu_order":0,"comment_status":"closed","ping_status":"closed","template":"","meta":{"_monsterinsights_skip_tracking":false,"_monsterinsights_sitenote_active":false,"_monsterinsights_sitenote_note":"","_monsterinsights_sitenote_category":0,"footnotes":""},"class_list":["post-78","page","type-page","status-publish","hentry","post-preview"],"_links":{"self":[{"href":"https:\/\/blogit.utu.fi\/apollo\/wp-json\/wp\/v2\/pages\/78","targetHints":{"allow":["GET"]}}],"collection":[{"href":"https:\/\/blogit.utu.fi\/apollo\/wp-json\/wp\/v2\/pages"}],"about":[{"href":"https:\/\/blogit.utu.fi\/apollo\/wp-json\/wp\/v2\/types\/page"}],"author":[{"embeddable":true,"href":"https:\/\/blogit.utu.fi\/apollo\/wp-json\/wp\/v2\/users\/14663"}],"replies":[{"embeddable":true,"href":"https:\/\/blogit.utu.fi\/apollo\/wp-json\/wp\/v2\/comments?post=78"}],"version-history":[{"count":8,"href":"https:\/\/blogit.utu.fi\/apollo\/wp-json\/wp\/v2\/pages\/78\/revisions"}],"predecessor-version":[{"id":435,"href":"https:\/\/blogit.utu.fi\/apollo\/wp-json\/wp\/v2\/pages\/78\/revisions\/435"}],"wp:attachment":[{"href":"https:\/\/blogit.utu.fi\/apollo\/wp-json\/wp\/v2\/media?parent=78"}],"curies":[{"name":"wp","href":"https:\/\/api.w.org\/{rel}","templated":true}]}}