{"id":132,"date":"2020-09-14T13:26:07","date_gmt":"2020-09-14T13:26:07","guid":{"rendered":"https:\/\/blogit.utu.fi\/ark3d\/?page_id=132"},"modified":"2020-09-15T06:00:19","modified_gmt":"2020-09-15T06:00:19","slug":"etusivu","status":"publish","type":"page","link":"https:\/\/blogit.utu.fi\/ark3d\/","title":{"rendered":"Etusivu"},"content":{"rendered":"\n<p>Turun yliopiston arkeologian oppiaineen, Turun museokeskuksen ja Aboa Vetus &amp; Ars Nova -museon yhteinen <em>Arkeologisten kokoelmien 3D-digitoinnin opetus- tutkimus- ja tiedotushanke<\/em> toteutettiin vuosina 2019\u20132020 Opetus- ja kulttuuriministeri\u00f6n tuella.&nbsp;<\/p>\n\n\n\n<p>Hanke tutki arkeologisten l\u00f6yt\u00f6jen 3D-digitointiprosessia sek\u00e4 siihen liittyvi\u00e4 ajankohtaisia laitteita, ohjelmistoja ja menetelmi\u00e4. P\u00e4\u00e4m\u00e4\u00e4r\u00e4n\u00e4 oli kartoittaa erilaisille arkeologisille esinetyypeille ja k\u00e4ytt\u00e4jille parhaiten sopivia 3D-digitointiratkaisuja ja tuoda siten 3D-digitointi luontevaksi osaksi arkeologista tutkimusta.&nbsp;<\/p>\n\n\n\n<p>Tietoa hankittiin kirjallisuuskatsauksella, lukuisin yhteydenotoin esineiden 3D-digitointia harjoittaviin museoihin, tutkijoihin ja harrastajiin sek\u00e4 omakohtaisin kokeiluin rakennevaloskannereiden sek\u00e4 digitaalisen fotogrammetrian parissa. Keskustelua 3D-digitoinnin tilasta ja tarpeista suomalaisen arkeologian parissa her\u00e4teltiin my\u00f6s vuoden 2019 arkeologip\u00e4ivill\u00e4 3D-digitointity\u00f6pajan muodossa. Kev\u00e4\u00e4ll\u00e4 2020 Turun yliopiston arkeologian oppiaineessa toteutettu 3D-digitointikurssi perehdytti perus- ja jatkotutkinto-opiskelijoita ajankohtaisen aiheen pariin.&nbsp;<\/p>\n\n\n\n<p>Hankkeen aikana 3D-digitoitiin arkeologisia l\u00f6yt\u00f6j\u00e4 museoiden ja oppiaineen kokoelmista. L\u00f6yt\u00f6aineisto oli vaihtelevaa, kiviesineist\u00e4 rautakautisiin pronssikoruihin ja historiallisen ajan monipuoliseen esineist\u00f6\u00f6n. Tuotetut 3D-digitoinnit suunnattiin tieteellisen tutkimuksen k\u00e4ytt\u00f6\u00f6n (arkeologian oppiaineen ennen julkaisematon kokoelma roomalaisaikaisia koruja) sek\u00e4 museoty\u00f6h\u00f6n, arkeologisen l\u00f6yt\u00f6aineiston visualisointiin suurelle yleis\u00f6lle (Aboa Vetus &amp; Ars Novan sek\u00e4 Turun museokeskuksen kokoelmat).&nbsp;<\/p>\n\n\n\n<p>Hankkeen tuloksia julkaistaan n\u00e4ill\u00e4 sivuilla syksyn 2020 aikana. L\u00e4mmin kiitos kaikille hanketta tukeneille ja siihen osallistuneille =)&nbsp;<\/p>\n\n\n\n<p>Lis\u00e4tiedot:&nbsp;<\/p>\n\n\n\n<p>FT Visa Immonen vialim (at) utu.fi\u00a0<\/p>\n\n\n\n<p>FM Annukka Debenjak-Ij\u00e4s annukka.debenjak-ijas (at) utu.fi\u00a0<\/p>\n","protected":false},"excerpt":{"rendered":"<p>Turun yliopiston arkeologian oppiaineen, Turun museokeskuksen ja Aboa Vetus &amp; Ars Nova -museon yhteinen Arkeologisten kokoelmien 3D-digitoinnin opetus- tutkimus- ja tiedotushanke toteutettiin vuosina 2019\u20132020 Opetus- ja kulttuuriministeri\u00f6n tuella.&nbsp; Hanke tutki arkeologisten l\u00f6yt\u00f6jen 3D-digitointiprosessia sek\u00e4 siihen liittyvi\u00e4 ajankohtaisia laitteita, ohjelmistoja ja menetelmi\u00e4. P\u00e4\u00e4m\u00e4\u00e4r\u00e4n\u00e4 oli kartoittaa erilaisille arkeologisille esinetyypeille ja k\u00e4ytt\u00e4jille parhaiten sopivia 3D-digitointiratkaisuja ja tuoda siten&hellip;<\/p>\n<p class=\"more-link-wrapper\"><a class=\"more-link\" href=\"https:\/\/blogit.utu.fi\/ark3d\/\">Continue<\/a><\/p>\n","protected":false},"author":26697,"featured_media":0,"parent":0,"menu_order":0,"comment_status":"closed","ping_status":"closed","template":"","meta":{"footnotes":""},"class_list":["post-132","page","type-page","status-publish","hentry"],"_links":{"self":[{"href":"https:\/\/blogit.utu.fi\/ark3d\/wp-json\/wp\/v2\/pages\/132","targetHints":{"allow":["GET"]}}],"collection":[{"href":"https:\/\/blogit.utu.fi\/ark3d\/wp-json\/wp\/v2\/pages"}],"about":[{"href":"https:\/\/blogit.utu.fi\/ark3d\/wp-json\/wp\/v2\/types\/page"}],"author":[{"embeddable":true,"href":"https:\/\/blogit.utu.fi\/ark3d\/wp-json\/wp\/v2\/users\/26697"}],"replies":[{"embeddable":true,"href":"https:\/\/blogit.utu.fi\/ark3d\/wp-json\/wp\/v2\/comments?post=132"}],"version-history":[{"count":5,"href":"https:\/\/blogit.utu.fi\/ark3d\/wp-json\/wp\/v2\/pages\/132\/revisions"}],"predecessor-version":[{"id":297,"href":"https:\/\/blogit.utu.fi\/ark3d\/wp-json\/wp\/v2\/pages\/132\/revisions\/297"}],"wp:attachment":[{"href":"https:\/\/blogit.utu.fi\/ark3d\/wp-json\/wp\/v2\/media?parent=132"}],"curies":[{"name":"wp","href":"https:\/\/api.w.org\/{rel}","templated":true}]}}