{"id":138,"date":"2020-09-14T13:29:08","date_gmt":"2020-09-14T13:29:08","guid":{"rendered":"https:\/\/blogit.utu.fi\/ark3d\/?page_id=138"},"modified":"2020-09-14T16:28:23","modified_gmt":"2020-09-14T16:28:23","slug":"3d-digitointikurssi","status":"publish","type":"page","link":"https:\/\/blogit.utu.fi\/ark3d\/3d-digitointikurssi\/","title":{"rendered":"3D-digitointikurssi"},"content":{"rendered":"\n<p>Maalis- ja huhtikuun 2020 aikana 3D-digitointihanke j\u00e4rjesti Turun yliopiston arkeologian oppiaineessa 3D-digitointikurssin. Kurssilla k\u00e4siteltiin erilaisia 3D-digitointimenetelmi\u00e4 sek\u00e4 k\u00e4yt\u00e4nn\u00f6n kautta 3D-digitoinnin tuottamista fotogrammetrialla ja rakennevaloskannerilla. 3D-digitointien rakenteeseen ja muokkaamiseen tutustuttiin Blender-ohjelman avulla.&nbsp;<\/p>\n\n\n\n<p>Vierasluennoitsijat perehdyttiv\u00e4t kurssilaisia 3D-digitointien jakamiseen ja tallentamiseen sek\u00e4 3D-digitointien k\u00e4ytt\u00f6\u00f6n arkeologisen tutkimuksen ja yleis\u00f6ty\u00f6n parissa. Osa luennoista toteutettiin verkkopohjaisina, ja n\u00e4m\u00e4 luennot ovat katseltavissa Turun yliopiston arkeologian oppiaineen Youtube-kanavalla:\u00a0<\/p>\n\n\n\n<figure class=\"wp-block-embed-youtube wp-block-embed is-type-video is-provider-youtube wp-embed-aspect-16-9 wp-has-aspect-ratio\"><div class=\"wp-block-embed__wrapper\">\n<iframe loading=\"lazy\" title=\"Luento: Esineiden fotogrammetriakuvaus\" width=\"1140\" height=\"641\" src=\"https:\/\/www.youtube.com\/embed\/P7bjvrE8pLw?feature=oembed\" frameborder=\"0\" allow=\"accelerometer; autoplay; encrypted-media; gyroscope; picture-in-picture\" allowfullscreen><\/iframe>\n<\/div><\/figure>\n\n\n\n<figure class=\"wp-block-embed-youtube wp-block-embed is-type-video is-provider-youtube wp-embed-aspect-16-9 wp-has-aspect-ratio\"><div class=\"wp-block-embed__wrapper\">\n<iframe loading=\"lazy\" title=\"Luento: 3D-digitointien jakaminen ja tallennus\" width=\"1140\" height=\"641\" src=\"https:\/\/www.youtube.com\/embed\/5UznPMtf6m4?feature=oembed\" frameborder=\"0\" allow=\"accelerometer; autoplay; encrypted-media; gyroscope; picture-in-picture\" allowfullscreen><\/iframe>\n<\/div><\/figure>\n\n\n\n<figure class=\"wp-block-embed-youtube wp-block-embed is-type-video is-provider-youtube wp-embed-aspect-16-9 wp-has-aspect-ratio\"><div class=\"wp-block-embed__wrapper\">\n<iframe loading=\"lazy\" title=\"Luento: 3D-digitoinnit arkeologisessa tutkimuksessa\" width=\"1140\" height=\"641\" src=\"https:\/\/www.youtube.com\/embed\/TZTjWkIAeRk?feature=oembed\" frameborder=\"0\" allow=\"accelerometer; autoplay; encrypted-media; gyroscope; picture-in-picture\" allowfullscreen><\/iframe>\n<\/div><\/figure>\n\n\n\n<figure class=\"wp-block-embed-youtube wp-block-embed is-type-video is-provider-youtube wp-embed-aspect-16-9 wp-has-aspect-ratio\"><div class=\"wp-block-embed__wrapper\">\n<iframe loading=\"lazy\" title=\"Luento: 3D-digitoinnit yleis\u00f6ty\u00f6ss\u00e4\" width=\"1140\" height=\"641\" src=\"https:\/\/www.youtube.com\/embed\/2f3T5UY9aCs?feature=oembed\" frameborder=\"0\" allow=\"accelerometer; autoplay; encrypted-media; gyroscope; picture-in-picture\" allowfullscreen><\/iframe>\n<\/div><\/figure>\n","protected":false},"excerpt":{"rendered":"<p>Maalis- ja huhtikuun 2020 aikana 3D-digitointihanke j\u00e4rjesti Turun yliopiston arkeologian oppiaineessa 3D-digitointikurssin. Kurssilla k\u00e4siteltiin erilaisia 3D-digitointimenetelmi\u00e4 sek\u00e4 k\u00e4yt\u00e4nn\u00f6n kautta 3D-digitoinnin tuottamista fotogrammetrialla ja rakennevaloskannerilla. 3D-digitointien rakenteeseen ja muokkaamiseen tutustuttiin Blender-ohjelman avulla.&nbsp; Vierasluennoitsijat perehdyttiv\u00e4t kurssilaisia 3D-digitointien jakamiseen ja tallentamiseen sek\u00e4 3D-digitointien k\u00e4ytt\u00f6\u00f6n arkeologisen tutkimuksen ja yleis\u00f6ty\u00f6n parissa. Osa luennoista toteutettiin verkkopohjaisina, ja n\u00e4m\u00e4 luennot ovat katseltavissa&hellip;<\/p>\n<p class=\"more-link-wrapper\"><a class=\"more-link\" href=\"https:\/\/blogit.utu.fi\/ark3d\/3d-digitointikurssi\/\">Continue<\/a><\/p>\n","protected":false},"author":26697,"featured_media":0,"parent":0,"menu_order":0,"comment_status":"closed","ping_status":"closed","template":"","meta":{"footnotes":""},"class_list":["post-138","page","type-page","status-publish","hentry"],"_links":{"self":[{"href":"https:\/\/blogit.utu.fi\/ark3d\/wp-json\/wp\/v2\/pages\/138","targetHints":{"allow":["GET"]}}],"collection":[{"href":"https:\/\/blogit.utu.fi\/ark3d\/wp-json\/wp\/v2\/pages"}],"about":[{"href":"https:\/\/blogit.utu.fi\/ark3d\/wp-json\/wp\/v2\/types\/page"}],"author":[{"embeddable":true,"href":"https:\/\/blogit.utu.fi\/ark3d\/wp-json\/wp\/v2\/users\/26697"}],"replies":[{"embeddable":true,"href":"https:\/\/blogit.utu.fi\/ark3d\/wp-json\/wp\/v2\/comments?post=138"}],"version-history":[{"count":6,"href":"https:\/\/blogit.utu.fi\/ark3d\/wp-json\/wp\/v2\/pages\/138\/revisions"}],"predecessor-version":[{"id":264,"href":"https:\/\/blogit.utu.fi\/ark3d\/wp-json\/wp\/v2\/pages\/138\/revisions\/264"}],"wp:attachment":[{"href":"https:\/\/blogit.utu.fi\/ark3d\/wp-json\/wp\/v2\/media?parent=138"}],"curies":[{"name":"wp","href":"https:\/\/api.w.org\/{rel}","templated":true}]}}