{"id":144,"date":"2020-09-14T13:30:07","date_gmt":"2020-09-14T13:30:07","guid":{"rendered":"https:\/\/blogit.utu.fi\/ark3d\/?page_id=144"},"modified":"2020-09-15T06:04:42","modified_gmt":"2020-09-15T06:04:42","slug":"hankkeen-materiaalit","status":"publish","type":"page","link":"https:\/\/blogit.utu.fi\/ark3d\/hankkeen-materiaalit\/","title":{"rendered":"Hankkeen materiaalit"},"content":{"rendered":"\n<p>Hankkeen aikana ker\u00e4tyt tiedot koottiin l\u00e4hdeviitteineen arkeologisten l\u00f6yt\u00f6jen 3D-digitointiohjeisiin, jotka julkaistaan Turun yliopiston arkeologian oppiaineen Karhunhammas \u2013julkaisusarjassa (in press). Ohjeet kattavat koko 3D-digitointiprosessin elinkaaren, aina suunnittelusta ja aineiston valinnasta eri digitointimenetelmiin, prosessinhallintaan ja tuotetun aineiston k\u00e4ytt\u00e4miseen, jakamiseen ja tallettamiseen.&nbsp;<\/p>\n\n\n\n<p>Lis\u00e4ksi hankkeessa tuotettiin kuvalliset ohjeet esineiden 3D-digitointiin fotogrammetrian keinoin Turun yliopiston arkeologian oppiaineen kuvauskalustolla, sek\u00e4 digitointien j\u00e4lkik\u00e4sittelyyn avoimen l\u00e4hdekoodin <em>Blender<\/em>-ohjelmalla.&nbsp;<\/p>\n\n\n\n<div class=\"wp-block-file\"><a href=\"https:\/\/blogit.utu.fi\/ark3d\/wp-content\/uploads\/sites\/510\/2020\/09\/Fotogrammetria_valokuvausohje_14092020.pdf\">Fotogrammetria_valokuvausohje_14092020<\/a><a href=\"https:\/\/blogit.utu.fi\/ark3d\/wp-content\/uploads\/sites\/510\/2020\/09\/Fotogrammetria_valokuvausohje_14092020.pdf\" class=\"wp-block-file__button\" download>Download<\/a><\/div>\n\n\n\n<div class=\"wp-block-file\"><a href=\"https:\/\/blogit.utu.fi\/ark3d\/wp-content\/uploads\/sites\/510\/2020\/09\/RAWtherapee_ohje_14092020.pdf\">RAWtherapee_ohje_14092020<\/a><a href=\"https:\/\/blogit.utu.fi\/ark3d\/wp-content\/uploads\/sites\/510\/2020\/09\/RAWtherapee_ohje_14092020.pdf\" class=\"wp-block-file__button\" download>Download<\/a><\/div>\n\n\n\n<div class=\"wp-block-file\"><a href=\"https:\/\/blogit.utu.fi\/ark3d\/wp-content\/uploads\/sites\/510\/2020\/09\/RealityCapture-ohje_14092020.pdf\">RealityCapture-ohje_14092020<\/a><a href=\"https:\/\/blogit.utu.fi\/ark3d\/wp-content\/uploads\/sites\/510\/2020\/09\/RealityCapture-ohje_14092020.pdf\" class=\"wp-block-file__button\" download>Download<\/a><\/div>\n\n\n\n<div class=\"wp-block-file\"><a href=\"https:\/\/blogit.utu.fi\/ark3d\/wp-content\/uploads\/sites\/510\/2020\/09\/Metashape-ohje_14092020.pdf\">Metashape-ohje_14092020<\/a><a href=\"https:\/\/blogit.utu.fi\/ark3d\/wp-content\/uploads\/sites\/510\/2020\/09\/Metashape-ohje_14092020.pdf\" class=\"wp-block-file__button\" download>Download<\/a><\/div>\n\n\n\n<div class=\"wp-block-file\"><a href=\"https:\/\/blogit.utu.fi\/ark3d\/wp-content\/uploads\/sites\/510\/2020\/09\/Blender-ohje_14092020.pdf\">Blender-ohje_14092020<\/a><a href=\"https:\/\/blogit.utu.fi\/ark3d\/wp-content\/uploads\/sites\/510\/2020\/09\/Blender-ohje_14092020.pdf\" class=\"wp-block-file__button\" download>Download<\/a><\/div>\n\n\n\n<p>Ohjeisiin liittyv\u00e4t kysymykset ja kommentit: annukka.debenjak-ijas (at) utu.fi. Ohjeita pyrit\u00e4\u00e4n p\u00e4ivitt\u00e4m\u00e4\u00e4n palautteen pohjalta =)\u00a0<\/p>\n","protected":false},"excerpt":{"rendered":"<p>Hankkeen aikana ker\u00e4tyt tiedot koottiin l\u00e4hdeviitteineen arkeologisten l\u00f6yt\u00f6jen 3D-digitointiohjeisiin, jotka julkaistaan Turun yliopiston arkeologian oppiaineen Karhunhammas \u2013julkaisusarjassa (in press). Ohjeet kattavat koko 3D-digitointiprosessin elinkaaren, aina suunnittelusta ja aineiston valinnasta eri digitointimenetelmiin, prosessinhallintaan ja tuotetun aineiston k\u00e4ytt\u00e4miseen, jakamiseen ja tallettamiseen.&nbsp; Lis\u00e4ksi hankkeessa tuotettiin kuvalliset ohjeet esineiden 3D-digitointiin fotogrammetrian keinoin Turun yliopiston arkeologian oppiaineen kuvauskalustolla, sek\u00e4 digitointien&hellip;<\/p>\n<p class=\"more-link-wrapper\"><a class=\"more-link\" href=\"https:\/\/blogit.utu.fi\/ark3d\/hankkeen-materiaalit\/\">Continue<\/a><\/p>\n","protected":false},"author":26697,"featured_media":0,"parent":0,"menu_order":0,"comment_status":"closed","ping_status":"closed","template":"","meta":{"footnotes":""},"class_list":["post-144","page","type-page","status-publish","hentry"],"_links":{"self":[{"href":"https:\/\/blogit.utu.fi\/ark3d\/wp-json\/wp\/v2\/pages\/144","targetHints":{"allow":["GET"]}}],"collection":[{"href":"https:\/\/blogit.utu.fi\/ark3d\/wp-json\/wp\/v2\/pages"}],"about":[{"href":"https:\/\/blogit.utu.fi\/ark3d\/wp-json\/wp\/v2\/types\/page"}],"author":[{"embeddable":true,"href":"https:\/\/blogit.utu.fi\/ark3d\/wp-json\/wp\/v2\/users\/26697"}],"replies":[{"embeddable":true,"href":"https:\/\/blogit.utu.fi\/ark3d\/wp-json\/wp\/v2\/comments?post=144"}],"version-history":[{"count":5,"href":"https:\/\/blogit.utu.fi\/ark3d\/wp-json\/wp\/v2\/pages\/144\/revisions"}],"predecessor-version":[{"id":303,"href":"https:\/\/blogit.utu.fi\/ark3d\/wp-json\/wp\/v2\/pages\/144\/revisions\/303"}],"wp:attachment":[{"href":"https:\/\/blogit.utu.fi\/ark3d\/wp-json\/wp\/v2\/media?parent=144"}],"curies":[{"name":"wp","href":"https:\/\/api.w.org\/{rel}","templated":true}]}}