{"id":150,"date":"2020-09-14T13:30:28","date_gmt":"2020-09-14T13:30:28","guid":{"rendered":"https:\/\/blogit.utu.fi\/ark3d\/?page_id=150"},"modified":"2020-09-22T10:08:19","modified_gmt":"2020-09-22T10:08:19","slug":"3d-digitoinnit","status":"publish","type":"page","link":"https:\/\/blogit.utu.fi\/ark3d\/3d-digitoinnit\/","title":{"rendered":"3D-digitoinnit"},"content":{"rendered":"\n<p class=\"has-text-align-left\">Maalis-, huhti- ja toukokuun 2020 aikana hankkeessa 3D-digitoitiin noin 100 arkeologista l\u00f6yt\u00f6\u00e4 museoiden ja arkeologian oppiaineen kokoelmista. Turun museokeskuksen kokoelmista valikoitiin esihistoriallisia kiviesineit\u00e4 sek\u00e4 historiallisen ajan esineist\u00f6\u00e4. Aboa Vetuksen kokoelmista 3D-digitoitiin edustavia esimerkkej\u00e4 historiallisen ajan kaupunkiarkeologisista l\u00f6yd\u00f6ist\u00e4, jotka sopivat museon n\u00e4yttely- ja yleis\u00f6ty\u00f6n tavoitteisiin. Arkeologian oppiaineen kokoelmista valikoitiin 3D-digitoitaviksi joukko tutkimuksellisesti arvokkaita roomalaisaikaisia solkia sek\u00e4 ranne- ja kaularenkaita.&nbsp;<\/p>\n\n\n\n<p>3D-digitointien yksinkertaistettuihin esikatseluversioihin voit tutustua Sketchfab-palvelussa:<\/p>\n\n\n\n<p>Turun museokeskuksen kokoelma: <a rel=\"noreferrer noopener\" href=\"https:\/\/sketchfab.com\/turunmuseokeskus\/collections\/ark3d-turun-museokeskuksen-kokoelmat\" target=\"_blank\">https:\/\/sketchfab.com\/turunmuseokeskus\/collections\/ark3d-turun-museokeskuksen-kokoelmat<\/a><\/p>\n\n\n\n<div class=\"sketchfab-embed-wrapper\">\n    <\/div>\n\n\n\n<p>Turun yliopiston arkeologian oppiaineen kokoelma: <a rel=\"noreferrer noopener\" href=\"https:\/\/sketchfab.com\/turunmuseokeskus\/collections\/ark3d-ty-arkeologian-oppiaineen-kokoelma\" target=\"_blank\">https:\/\/sketchfab.com\/turunmuseokeskus\/collections\/ark3d-ty-arkeologian-oppiaineen-kokoelma<\/a><\/p>\n\n\n\n<div class=\"sketchfab-embed-wrapper\">\n    <\/div>\n\n\n\n<p>Aboa Vetus et Ars Nova -museon kokoelma: <a rel=\"noreferrer noopener\" href=\"https:\/\/sketchfab.com\/turunmuseokeskus\/collections\/ark3d-aboa-vetus-et-ars-novan-kokoelmat\" target=\"_blank\">https:\/\/sketchfab.com\/turunmuseokeskus\/collections\/ark3d-aboa-vetus-et-ars-novan-kokoelmat<\/a><\/p>\n\n\n\n<div class=\"sketchfab-embed-wrapper\">\n    <\/div>\n\n\n\n\n<p><\/p>\n\n\n\n<p>Alkuper\u00e4iset 3D-digitoinnit ovat pyydett\u00e4ess\u00e4 saatavilla CC BY-NC-SA 4.0 -k\u00e4ytt\u00f6oikeudella hankkeen toimijoilta: Turun museokeskuksen aineistot kaupunkiarkeologian tutkija Tanja Ratilaiselta, Aboa Vetus et Ars Nova -museon aineistot\u00a0kokoelmista vastaavan museolehtorin kautta\u00a0ja arkeologian oppiaineen aineistot Turun yliopiston Historian, kulttuurin ja taiteiden tutkimuksen arkistosta. 3D-digitointien kuvailutiedot sek\u00e4 3D-digitointiprosessin tiedot l\u00f6yd\u00e4t oheisesta metatietoexcelist\u00e4 (kaikki digitoinnit) sek\u00e4 kokoelmakohtaisista prosessikuvauksista.\u00a0<\/p>\n\n\n\n<div class=\"wp-block-file\"><a href=\"https:\/\/blogit.utu.fi\/ark3d\/wp-content\/uploads\/sites\/510\/2020\/09\/Ark3D_hanke_metatiedot_14092020.xlsx\">Ark3D_hanke_metatiedot_14092020<\/a><a href=\"https:\/\/blogit.utu.fi\/ark3d\/wp-content\/uploads\/sites\/510\/2020\/09\/Ark3D_hanke_metatiedot_14092020.xlsx\" class=\"wp-block-file__button\" download>Download<\/a><\/div>\n\n\n\n<div class=\"wp-block-file\"><a href=\"https:\/\/blogit.utu.fi\/ark3d\/wp-content\/uploads\/sites\/510\/2020\/09\/AV_Metatietolomake_yleistiedot.pdf\">AV_Metatietolomake_yleistiedot<\/a><a href=\"https:\/\/blogit.utu.fi\/ark3d\/wp-content\/uploads\/sites\/510\/2020\/09\/AV_Metatietolomake_yleistiedot.pdf\" class=\"wp-block-file__button\" download>Download<\/a><\/div>\n\n\n\n<div class=\"wp-block-file\"><a href=\"https:\/\/blogit.utu.fi\/ark3d\/wp-content\/uploads\/sites\/510\/2020\/09\/TMK_Metatietolomake_yleistiedot.pdf\">TMK_Metatietolomake_yleistiedot<\/a><a href=\"https:\/\/blogit.utu.fi\/ark3d\/wp-content\/uploads\/sites\/510\/2020\/09\/TMK_Metatietolomake_yleistiedot.pdf\" class=\"wp-block-file__button\" download>Download<\/a><\/div>\n\n\n\n<div class=\"wp-block-file\"><a href=\"https:\/\/blogit.utu.fi\/ark3d\/wp-content\/uploads\/sites\/510\/2020\/09\/TYA_Metatietolomake_yleistiedot.pdf\">TYA_Metatietolomake_yleistiedot<\/a><a href=\"https:\/\/blogit.utu.fi\/ark3d\/wp-content\/uploads\/sites\/510\/2020\/09\/TYA_Metatietolomake_yleistiedot.pdf\" class=\"wp-block-file__button\" download>Download<\/a><\/div>\n","protected":false},"excerpt":{"rendered":"<p>Maalis-, huhti- ja toukokuun 2020 aikana hankkeessa 3D-digitoitiin noin 100 arkeologista l\u00f6yt\u00f6\u00e4 museoiden ja arkeologian oppiaineen kokoelmista. Turun museokeskuksen kokoelmista valikoitiin esihistoriallisia kiviesineit\u00e4 sek\u00e4 historiallisen ajan esineist\u00f6\u00e4. Aboa Vetuksen kokoelmista 3D-digitoitiin edustavia esimerkkej\u00e4 historiallisen ajan kaupunkiarkeologisista l\u00f6yd\u00f6ist\u00e4, jotka sopivat museon n\u00e4yttely- ja yleis\u00f6ty\u00f6n tavoitteisiin. Arkeologian oppiaineen kokoelmista valikoitiin 3D-digitoitaviksi joukko tutkimuksellisesti arvokkaita roomalaisaikaisia solkia sek\u00e4&hellip;<\/p>\n<p class=\"more-link-wrapper\"><a class=\"more-link\" href=\"https:\/\/blogit.utu.fi\/ark3d\/3d-digitoinnit\/\">Continue<\/a><\/p>\n","protected":false},"author":26697,"featured_media":0,"parent":0,"menu_order":0,"comment_status":"closed","ping_status":"closed","template":"","meta":{"footnotes":""},"class_list":["post-150","page","type-page","status-publish","hentry"],"_links":{"self":[{"href":"https:\/\/blogit.utu.fi\/ark3d\/wp-json\/wp\/v2\/pages\/150","targetHints":{"allow":["GET"]}}],"collection":[{"href":"https:\/\/blogit.utu.fi\/ark3d\/wp-json\/wp\/v2\/pages"}],"about":[{"href":"https:\/\/blogit.utu.fi\/ark3d\/wp-json\/wp\/v2\/types\/page"}],"author":[{"embeddable":true,"href":"https:\/\/blogit.utu.fi\/ark3d\/wp-json\/wp\/v2\/users\/26697"}],"replies":[{"embeddable":true,"href":"https:\/\/blogit.utu.fi\/ark3d\/wp-json\/wp\/v2\/comments?post=150"}],"version-history":[{"count":22,"href":"https:\/\/blogit.utu.fi\/ark3d\/wp-json\/wp\/v2\/pages\/150\/revisions"}],"predecessor-version":[{"id":360,"href":"https:\/\/blogit.utu.fi\/ark3d\/wp-json\/wp\/v2\/pages\/150\/revisions\/360"}],"wp:attachment":[{"href":"https:\/\/blogit.utu.fi\/ark3d\/wp-json\/wp\/v2\/media?parent=150"}],"curies":[{"name":"wp","href":"https:\/\/api.w.org\/{rel}","templated":true}]}}