{"id":82,"date":"2017-11-09T11:16:07","date_gmt":"2017-11-09T11:16:07","guid":{"rendered":"https:\/\/blogit.utu.fi\/asla\/?page_id=82"},"modified":"2018-11-01T09:33:05","modified_gmt":"2018-11-01T07:33:05","slug":"publications","status":"publish","type":"page","link":"https:\/\/blogit.utu.fi\/asla\/publications\/","title":{"rendered":"Publications"},"content":{"rendered":"\n<div class=\"twitter-share\"><a href=\"https:\/\/twitter.com\/intent\/tweet\" class=\"twitter-share-button\">Tweet<\/a><\/div>\n<p>Howe A &amp; Alaattinoglu D (2019), Contesting Femicide: Feminism and the Power of Law Revisited. Routledge 2019. Including Allaattinoglu &amp; Niemi, Legal education &#8211; Challenging the Finnish criminal law syllabus. And Rantala M, Finland on trial.<\/p>\n<p>Isotalo A (2017), Nuoriin kohdistuva seurustelusuhdev\u00e4kivalta rikosilmoitusaineistossa. Oikeus 46(4), 2017, 442-462.<\/p>\n<p>Isotalo A (2017), V\u00e4kivalta ongelma my\u00f6s nuorten parisuhteissa. Alio, Turun Sanomat 18.4.2017.<\/p>\n<p>Niemi J, #metoo haastaa seksuaalirikoslain. Vieraskyn\u00e4, Helsingin Sanomat 27.1.2018.<\/p>\n<p style=\"text-align: justify\"><span style=\"color: #000000\">Aa S. van der, Niemi J., Sosa L., Ferreira A. &amp; Baldry A. (2015): Mapping the legislation and assessing the impact of Protection Orders in the European Member States. Wolf Legal Publishers, Oisterwijk 2015.<\/span><\/p>\n<p style=\"text-align: justify\"><span style=\"color: #000000\">Andersson U. (2016): Communications of autonomy and vulnerability in criminal proceedings. I: International Journal of Law, Language and Discourse, Volume 6.<\/span><\/p>\n<p style=\"text-align: justify\"><span style=\"color: #000000\">Hong T. (2017): Valtion huolellisuusvelvollisuus kunniaan liittyv\u00e4n v\u00e4kivallan tunnistamisessa. Teoksessa Niemi J., Kainulainen H. &amp; Honkatukia P. (toim.): Sukupuolistunut v\u00e4kivalta: Oikeudellinen ja sosiaalinen ongelma. Vastapaino 2017, s. 305-323.<\/span><\/p>\n<p style=\"text-align: justify\"><span style=\"color: #000000\">Kainulainen H. &amp; Niemi J. (2017): Parisuhdev\u00e4kivallan tunnistaminen rikosoikeudellisessa j\u00e4rjestelm\u00e4ss\u00e4. Teoksessa Niemi J., Kainulainen H. &amp; Honkatukia P. (toim.): Sukupuolistunut v\u00e4kivalta: Oikeudellinen ja sosiaalinen ongelma. Vastapaino 2017, s. 138-155.<\/span><\/p>\n<p style=\"text-align: justify\"><span style=\"color: #000000\">Kyt\u00f6l\u00e4 M. (2017): \u00c4idin oikeus, is\u00e4n kannustin \u2013 Vanhempainp\u00e4iv\u00e4raha sukupuolistuneena s\u00e4\u00e4ntelyn\u00e4. Lakimies 2\/2017, s. 195-215.<\/span><\/p>\n<p style=\"text-align: justify\"><span style=\"color: #000000\">Kyt\u00f6l\u00e4 M. (2017): Vanhempainraha: Kertomus heteronormatiivisesta ydinperheest\u00e4. Oikeus 3\/2017, s. 329\u2013346.<\/span><\/p>\n<p style=\"text-align: justify\"><span style=\"color: #000000\">Niemi J. &amp; Majlander S. (2017): \u201dJa\u2026 min\u00e4 j\u00e4in henkiin\u201d \u2013 l\u00e4hestymiskielto ja suojelutarkoitus. Lakimies 6\/2017, s. 747\u2013766.<\/span><\/p>\n<p style=\"text-align: justify\"><span style=\"color: #000000\">Niemi J. (2015): Finnish Reforms of Procedural Law: A Success Story? In Lin L., Zengyi X. &amp; Liukkonen U. (eds.):\u00a0 Rule of Law Development and Judicial Reform: A Comparison Between China and Finland. Social Sciences Academic Press 2015, s. 84\u2013100.<\/span><\/p>\n<p style=\"text-align: justify\"><span style=\"color: #000000\">Niemi J. (2015): Onko &#8216;oikeus ja sukupuoli&#8217; oikeudenala? Lakimies 7\u20138\/2015, s. 1022\u20131039.<\/span><\/p>\n<p style=\"text-align: justify\"><span style=\"color: #000000\">Tapani J. (2015): Seksuaalipalvelujen oston rangaistavuus \u2013 tuottamusvastuuta vai jotakin muuta? Defensor Legis 4\/2015, s. 680\u2013694.<\/span><\/p>\n<p style=\"text-align: justify\"><span style=\"color: #000000\">Tolonen H. (2016): Lapsi, rikos ja suojelu: Oikeudenk\u00e4ynnille asetettavista vaatimuksista EIT:n uuden ratkaisuk\u00e4yt\u00e4nn\u00f6n valossa. Teoksessa Hakalehto S. &amp; Toivonen V. (toim.): Lapsen oikeudet lastensuojelussa. Kauppakamari 2016, s. 342\u2013368.<\/span><\/p>\n<p style=\"text-align: justify\"><span style=\"color: #000000\">Tolonen H.: Kuka asiani omistaa? Alaik\u00e4inen l\u00e4heisasianomistaja ja oikeus kielt\u00e4yty\u00e4 todistamasta. Juhlakirja Tuula Linna, forthcoming.<\/span><\/p>\n\n<div class=\"twitter-share\"><a href=\"https:\/\/twitter.com\/intent\/tweet\" class=\"twitter-share-button\">Tweet<\/a><\/div>\n","protected":false},"excerpt":{"rendered":"<p>Howe A &amp; Alaattinoglu D (2019), Contesting Femicide: Feminism and the Power of Law Revisited. Routledge 2019. Including Allaattinoglu &amp; Niemi, Legal education &#8211; Challenging the Finnish criminal law syllabus. And Rantala M, Finland on trial. Isotalo A (2017), Nuoriin kohdistuva seurustelusuhdev\u00e4kivalta rikosilmoitusaineistossa. Oikeus 46(4), 2017, 442-462. Isotalo A (2017), V\u00e4kivalta ongelma my\u00f6s nuorten parisuhteissa. [&hellip;]<\/p>\n","protected":false},"author":4011,"featured_media":0,"parent":0,"menu_order":4,"comment_status":"closed","ping_status":"closed","template":"","meta":{"footnotes":""},"class_list":["post-82","page","type-page","status-publish","hentry","post-preview"],"_links":{"self":[{"href":"https:\/\/blogit.utu.fi\/asla\/wp-json\/wp\/v2\/pages\/82","targetHints":{"allow":["GET"]}}],"collection":[{"href":"https:\/\/blogit.utu.fi\/asla\/wp-json\/wp\/v2\/pages"}],"about":[{"href":"https:\/\/blogit.utu.fi\/asla\/wp-json\/wp\/v2\/types\/page"}],"author":[{"embeddable":true,"href":"https:\/\/blogit.utu.fi\/asla\/wp-json\/wp\/v2\/users\/4011"}],"replies":[{"embeddable":true,"href":"https:\/\/blogit.utu.fi\/asla\/wp-json\/wp\/v2\/comments?post=82"}],"version-history":[{"count":10,"href":"https:\/\/blogit.utu.fi\/asla\/wp-json\/wp\/v2\/pages\/82\/revisions"}],"predecessor-version":[{"id":1352,"href":"https:\/\/blogit.utu.fi\/asla\/wp-json\/wp\/v2\/pages\/82\/revisions\/1352"}],"wp:attachment":[{"href":"https:\/\/blogit.utu.fi\/asla\/wp-json\/wp\/v2\/media?parent=82"}],"curies":[{"name":"wp","href":"https:\/\/api.w.org\/{rel}","templated":true}]}}