{"id":2,"date":"2015-10-16T09:56:52","date_gmt":"2015-10-16T09:56:52","guid":{"rendered":"http:\/\/blogit.utu.fi\/avomeri\/?page_id=2"},"modified":"2015-11-12T13:14:15","modified_gmt":"2015-11-12T13:14:15","slug":"sample-page","status":"publish","type":"page","link":"https:\/\/blogit.utu.fi\/avomeri\/sample-page\/","title":{"rendered":"Hankkeen tausta ja tavoitteet"},"content":{"rendered":"<p>Avoimessa yliopistossa opiskelee vuosittain 7 500 aikuista. Avoimen yliopiston 12 opintojen suunnittelijaa vastaa opintotarjonnasta ja opetuksesta yhdess\u00e4 tiedekuntien ja yhteisty\u00f6verkostojen kanssa. Vuonna 2014 toteutetun avoimen yliopisto-opetuksen itsearvioinnin j\u00e4lkeen tavoitteena on avoimen yliopiston oppimisymp\u00e4rist\u00f6n modernisointi. T\u00e4ss\u00e4 haetaan uusia ideoita niin johdon, opintojen suunnittelun kuin hallinnon tasolla. Avoimesta yliopistosta liikkuvuuteen osallistuu eri henkil\u00f6st\u00f6ryhmi\u00e4 erilaisilla painotuksilla. Yhteisen\u00e4 tavoitteena on lis\u00e4t\u00e4 avoimen yliopisto-opetuksen laatua sek\u00e4 vahvistaa kansainv\u00e4lisi\u00e4 verkostoja, joiden avulla aikuiskoulutuksen kehitt\u00e4mist\u00e4 jatketaan pidemm\u00e4ll\u00e4 aikav\u00e4lill\u00e4 esimerkiksi kehitt\u00e4mishankkeissa, opettajavaihdoissa ja yhteisiss\u00e4 koulutuksissa.<\/p>\n<p>Merenkulkualan koulutus- ja tutkimuskeskuksen aikuiskoulutuksessa huomioidaan merenkulun erityispiirteet, kansainv\u00e4lisyys ja erityisesti Suomen riippuvuus logistisesti merenkulusta. Aikuiskoulutuksen tavoitteena on palvella merenkulun ty\u00f6el\u00e4m\u00e4n tarpeita kansainv\u00e4lisesti. T\u00e4m\u00e4 edellytt\u00e4\u00e4 verkostoitumista ja vuorovaikutusta merenkulun toimijoiden ja alan oppilaitosten kesken Euroopan laajuisesti.\u00a0 Erilaisten j\u00e4rjest\u00f6jen ja konferenssien kautta saadaan uusinta tietoa, osaamista ja parhaita k\u00e4yt\u00e4nteit\u00e4 tuotua my\u00f6s Euroopan ulkopuolisilta toimijoilta.Osaamista ja kehitt\u00e4mist\u00e4 tapahtuu eri tasoilla, joten liikkuvuuteen osallistuu henkil\u00f6kuntaa eri teht\u00e4vist\u00e4 ja hallinnon eri tasoilta. Painopisteit\u00e4 ovat erityisesti uudet opetuksen muodot ja v\u00e4lineet, laajojen opintokokonaisuuksien kehitt\u00e4minen, sis\u00e4ll\u00f6t, p\u00e4ivitett\u00e4vyys, toteutus ja arviointi sek\u00e4 osallistujien riitt\u00e4v\u00e4t kielelliset valmiudet my\u00f6s merenkulun erikoissanaston ja fraasien (SMCP, Standard Marine Communication Phrases) osalta.<\/p>\n","protected":false},"excerpt":{"rendered":"<p>Avoimessa yliopistossa opiskelee vuosittain 7 500 aikuista. Avoimen yliopiston 12 opintojen suunnittelijaa vastaa opintotarjonnasta ja opetuksesta yhdess\u00e4 tiedekuntien ja yhteisty\u00f6verkostojen kanssa. Vuonna 2014 toteutetun avoimen yliopisto-opetuksen itsearvioinnin j\u00e4lkeen tavoitteena on avoimen yliopiston oppimisymp\u00e4rist\u00f6n modernisointi. T\u00e4ss\u00e4 haetaan uusia ideoita niin johdon, &hellip; <a href=\"https:\/\/blogit.utu.fi\/avomeri\/sample-page\/\">Continue reading <span class=\"meta-nav\">&rarr;<\/span><\/a><\/p>\n","protected":false},"author":24,"featured_media":0,"parent":0,"menu_order":0,"comment_status":"closed","ping_status":"open","template":"","meta":{"footnotes":""},"class_list":["post-2","page","type-page","status-publish","hentry"],"_links":{"self":[{"href":"https:\/\/blogit.utu.fi\/avomeri\/wp-json\/wp\/v2\/pages\/2","targetHints":{"allow":["GET"]}}],"collection":[{"href":"https:\/\/blogit.utu.fi\/avomeri\/wp-json\/wp\/v2\/pages"}],"about":[{"href":"https:\/\/blogit.utu.fi\/avomeri\/wp-json\/wp\/v2\/types\/page"}],"author":[{"embeddable":true,"href":"https:\/\/blogit.utu.fi\/avomeri\/wp-json\/wp\/v2\/users\/24"}],"replies":[{"embeddable":true,"href":"https:\/\/blogit.utu.fi\/avomeri\/wp-json\/wp\/v2\/comments?post=2"}],"version-history":[{"count":4,"href":"https:\/\/blogit.utu.fi\/avomeri\/wp-json\/wp\/v2\/pages\/2\/revisions"}],"predecessor-version":[{"id":14,"href":"https:\/\/blogit.utu.fi\/avomeri\/wp-json\/wp\/v2\/pages\/2\/revisions\/14"}],"wp:attachment":[{"href":"https:\/\/blogit.utu.fi\/avomeri\/wp-json\/wp\/v2\/media?parent=2"}],"curies":[{"name":"wp","href":"https:\/\/api.w.org\/{rel}","templated":true}]}}