{"id":50,"date":"2016-11-29T08:58:58","date_gmt":"2016-11-29T08:58:58","guid":{"rendered":"http:\/\/blogit.utu.fi\/avomeri\/?page_id=50"},"modified":"2016-11-29T09:30:45","modified_gmt":"2016-11-29T09:30:45","slug":"tapahtumat","status":"publish","type":"page","link":"https:\/\/blogit.utu.fi\/avomeri\/tapahtumat\/","title":{"rendered":"Tapahtumat"},"content":{"rendered":"<p>Ensimm\u00e4iset aikuiskoulutuksen liikkujat kertovat kokemuksistaan ja oppimastaan job shadowing -jaksoilla, koulutuksissa ja seminaareissa <strong>ma 12.12.2016 klo 9.30-11.00<\/strong> ICT-talon luokassa B2033.Osallistua voi my\u00f6s verkon v\u00e4lityksell\u00e4 os. <a href=\"https:\/\/webmeeting.utu.fi\/satuhakanurmi\/\" target=\"_blank\">https:\/\/webmeeting.utu.fi\/satuhakanurmi\/<\/a><\/p>\n<p>Liikkumassa ovat t\u00e4h\u00e4n menness\u00e4 olleet kehitysp\u00e4\u00e4llikk\u00f6 Petteri Sinervo, opintosihteerit Sari Ky\u00f6sti\u00f6 ja Elina Iso-Ilom\u00e4ki, suunnittelija Johanna Vuorenmaa, osastonjohtaja Mervi Varja ja suunnittelija Eija Siltari.<\/p>\n<p>Loppukev\u00e4\u00e4st\u00e4\/alkukes\u00e4st\u00e4 2017 j\u00e4rjestet\u00e4\u00e4n uusia levitystilaisuuksia. Kaikki parikymment\u00e4 liikkuvuutta tehd\u00e4\u00e4n ennen hankkeen p\u00e4\u00e4ttymist\u00e4 1.6.2017.<\/p>\n","protected":false},"excerpt":{"rendered":"<p>Ensimm\u00e4iset aikuiskoulutuksen liikkujat kertovat kokemuksistaan ja oppimastaan job shadowing -jaksoilla, koulutuksissa ja seminaareissa ma 12.12.2016 klo 9.30-11.00 ICT-talon luokassa B2033.Osallistua voi my\u00f6s verkon v\u00e4lityksell\u00e4 os. https:\/\/webmeeting.utu.fi\/satuhakanurmi\/ Liikkumassa ovat t\u00e4h\u00e4n menness\u00e4 olleet kehitysp\u00e4\u00e4llikk\u00f6 Petteri Sinervo, opintosihteerit Sari Ky\u00f6sti\u00f6 ja Elina Iso-Ilom\u00e4ki, &hellip; <a href=\"https:\/\/blogit.utu.fi\/avomeri\/tapahtumat\/\">Continue reading <span class=\"meta-nav\">&rarr;<\/span><\/a><\/p>\n","protected":false},"author":24,"featured_media":0,"parent":0,"menu_order":0,"comment_status":"closed","ping_status":"closed","template":"","meta":{"footnotes":""},"class_list":["post-50","page","type-page","status-publish","hentry"],"_links":{"self":[{"href":"https:\/\/blogit.utu.fi\/avomeri\/wp-json\/wp\/v2\/pages\/50","targetHints":{"allow":["GET"]}}],"collection":[{"href":"https:\/\/blogit.utu.fi\/avomeri\/wp-json\/wp\/v2\/pages"}],"about":[{"href":"https:\/\/blogit.utu.fi\/avomeri\/wp-json\/wp\/v2\/types\/page"}],"author":[{"embeddable":true,"href":"https:\/\/blogit.utu.fi\/avomeri\/wp-json\/wp\/v2\/users\/24"}],"replies":[{"embeddable":true,"href":"https:\/\/blogit.utu.fi\/avomeri\/wp-json\/wp\/v2\/comments?post=50"}],"version-history":[{"count":3,"href":"https:\/\/blogit.utu.fi\/avomeri\/wp-json\/wp\/v2\/pages\/50\/revisions"}],"predecessor-version":[{"id":57,"href":"https:\/\/blogit.utu.fi\/avomeri\/wp-json\/wp\/v2\/pages\/50\/revisions\/57"}],"wp:attachment":[{"href":"https:\/\/blogit.utu.fi\/avomeri\/wp-json\/wp\/v2\/media?parent=50"}],"curies":[{"name":"wp","href":"https:\/\/api.w.org\/{rel}","templated":true}]}}