{"id":10,"date":"2015-10-05T10:54:26","date_gmt":"2015-10-05T10:54:26","guid":{"rendered":"http:\/\/blogit.utu.fi\/avot\/?page_id=10"},"modified":"2016-09-06T13:30:37","modified_gmt":"2016-09-06T10:30:37","slug":"yhteystiedot","status":"publish","type":"page","link":"https:\/\/blogit.utu.fi\/avot\/yhteystiedot\/","title":{"rendered":"Yhteystiedot"},"content":{"rendered":"<p>Kehit\u00e4mme ketter\u00e4\u00e4 avoimen korkeakoulutuksen mallia erilaisten ty\u00f6pakettien avulla konkreettisessa yhteisty\u00f6ss\u00e4 kumppaneiden kanssa. Kun organisaatiosi haluaa tulla mukaan pilotoimaan ty\u00f6el\u00e4m\u00e4l\u00e4ht\u00f6ist\u00e4 avointa korkeakouluopetusta ota yhteytt\u00e4 pilottien yhteyshenkil\u00f6ihin tai l\u00e4himp\u00e4\u00e4n paikalliseen korkeakouluun.<\/p>\n<p><strong>Pilottien vet\u00e4jien yhteystiedot:<\/strong><\/p>\n<p><strong>Toimintamallin kehitt\u00e4minen<\/strong><br \/>\nMerja Karjalainen, Jyv\u00e4skyl\u00e4n yliopiston avoin yliopisto<br \/>\nmerja.karjalainen(at)jyu.fi, 050 441 3687<\/p>\n<p><strong>IT-pilotti<\/strong><br \/>\nVille Lepp\u00e4nen, Turun yliopiston IT-laitos<br \/>\nville.leppanen(at)utu.fi, <span class=\"formula-content\"><span class=\" default-formula-text-color\" dir=\"auto\">0<\/span><span class=\"number\" dir=\"auto\">40 739 3060<\/span><\/span><\/p>\n<p><strong>Sote-pilotti<\/strong><br \/>\nSirpa Yl\u00f6nen, Diakonia-ammattikorkeakoulun avoin ammattikorkeakoulu<br \/>\nsirpa.ylonen(at)diak.fi, 050-569 5397<\/p>\n<p><strong>Biotalous- ymp\u00e4rist\u00f6pilotti<\/strong><br \/>\nHelena Puhakka-Tarvainen, Karelia-ammattikorkeakoulu<br \/>\nhelena.puhakka-tarvainen(at)karelia.fi, 050 430 2418<\/p>\n<p><strong>Hankehallinto<\/strong><br \/>\nProjektip\u00e4\u00e4llikk\u00f6<br \/>\nSatu Hakanurmi, Turun yliopiston avoin yliopisto<br \/>\nsatu.hakanurmi(at)utu.fi, 040 531 8079<\/p>\n<p><a href=\"https:\/\/docs.google.com\/spreadsheets\/d\/1ZIOmKAIzUJTCr7icyx40WgnEXSAP0-jZX2GsSC5GHrQ\/edit?pli=1#gid=0\" target=\"_blank\">Kaikkien hankkeessa mukana olevien yhteystiedot.<\/a><\/p>\n","protected":false},"excerpt":{"rendered":"<p>Kehit\u00e4mme ketter\u00e4\u00e4 avoimen korkeakoulutuksen mallia erilaisten ty\u00f6pakettien avulla konkreettisessa yhteisty\u00f6ss\u00e4 kumppaneiden kanssa. Kun organisaatiosi haluaa tulla mukaan pilotoimaan ty\u00f6el\u00e4m\u00e4l\u00e4ht\u00f6ist\u00e4 avointa korkeakouluopetusta ota yhteytt\u00e4 pilottien yhteyshenkil\u00f6ihin tai l\u00e4himp\u00e4\u00e4n paikalliseen korkeakouluun. Pilottien vet\u00e4jien yhteystiedot: Toimintamallin kehitt\u00e4minen Merja Karjalainen, Jyv\u00e4skyl\u00e4n yliopiston avoin yliopisto &hellip; <a href=\"https:\/\/blogit.utu.fi\/avot\/yhteystiedot\/\">Lue loppuun <span class=\"meta-nav\">&rarr;<\/span><\/a><\/p>\n","protected":false},"author":24,"featured_media":0,"parent":0,"menu_order":3,"comment_status":"closed","ping_status":"closed","template":"","meta":{"footnotes":""},"class_list":["post-10","page","type-page","status-publish","hentry"],"_links":{"self":[{"href":"https:\/\/blogit.utu.fi\/avot\/wp-json\/wp\/v2\/pages\/10","targetHints":{"allow":["GET"]}}],"collection":[{"href":"https:\/\/blogit.utu.fi\/avot\/wp-json\/wp\/v2\/pages"}],"about":[{"href":"https:\/\/blogit.utu.fi\/avot\/wp-json\/wp\/v2\/types\/page"}],"author":[{"embeddable":true,"href":"https:\/\/blogit.utu.fi\/avot\/wp-json\/wp\/v2\/users\/24"}],"replies":[{"embeddable":true,"href":"https:\/\/blogit.utu.fi\/avot\/wp-json\/wp\/v2\/comments?post=10"}],"version-history":[{"count":8,"href":"https:\/\/blogit.utu.fi\/avot\/wp-json\/wp\/v2\/pages\/10\/revisions"}],"predecessor-version":[{"id":151,"href":"https:\/\/blogit.utu.fi\/avot\/wp-json\/wp\/v2\/pages\/10\/revisions\/151"}],"wp:attachment":[{"href":"https:\/\/blogit.utu.fi\/avot\/wp-json\/wp\/v2\/media?parent=10"}],"curies":[{"name":"wp","href":"https:\/\/api.w.org\/{rel}","templated":true}]}}