{"id":15,"date":"2015-10-05T11:06:45","date_gmt":"2015-10-05T11:06:45","guid":{"rendered":"http:\/\/blogit.utu.fi\/avot\/?page_id=15"},"modified":"2016-01-29T15:36:21","modified_gmt":"2016-01-29T12:36:21","slug":"avoimet-tapahtumat","status":"publish","type":"page","link":"https:\/\/blogit.utu.fi\/avot\/avoimet-tapahtumat\/","title":{"rendered":"Avoimet tapahtumat"},"content":{"rendered":"<p><strong>Ty\u00f6el\u00e4m\u00e4l\u00e4ht\u00f6inen avoin korkeakoulutus ja opetussuunnitelmaty\u00f6<br \/>\nAVOT \u2013hankeen ty\u00f6seminaari 17.2.2016 <\/strong><\/p>\n<p>Ruusupuisto, Alvar Aallon katu 9, 40600 Jyv\u00e4skyl\u00e4 (<a href=\"http:\/\/kartta.jkl.fi\/IMS\/?layers=Opaskartta&amp;cp=6903036,486116&amp;z=2&amp;title=Ruusupuisto\" target=\"_blank\">kartta<\/a>) ja verkossa alla ilmoitetuissa osoitteissa.<\/p>\n<p><strong>Kohderyhm\u00e4:<\/strong> Ty\u00f6el\u00e4m\u00e4ss\u00e4 tarvittavan osaamisen kehitt\u00e4misest\u00e4 kiinnostuneet yrityksiss\u00e4, julkisella sektorilla ja korkeakouluissa.<\/p>\n<p><strong>P\u00e4iv\u00e4n tavoitteet: <\/strong>Avoimen korkeakouluopetuksen opetussuunnitelmien ja pedagogisten ratkaisujen kehitt\u00e4minen ty\u00f6el\u00e4m\u00e4l\u00e4ht\u00f6isesti.<\/p>\n<p><strong>Ilmoittautuminen: <\/strong>12.2.2016 menness\u00e4 <a href=\"http:\/\/www.avoin.jyu.fi\/avot\" target=\"_blank\">www.avoin.jyu.fi\/avot<\/a><\/p>\n<p><strong>Ohjelma<\/strong><\/p>\n<p>12.00 &#8211; 12.05\u00a0 <strong>Avaussanat, salissa RUU D 101 Juho<br \/>\n<\/strong>johtaja Jukka Lerkkanen, Jyv\u00e4skyl\u00e4n yliopiston avoin yliopisto<\/p>\n<p>12.05 \u2013 13.00\u00a0 <strong>Ty\u00f6el\u00e4m\u00e4l\u00e4heisyys ja opetussuunnitelmat korkeakoulutuksessa, salissa RUU D 101 Juho\u00a0 <\/strong>professori P\u00e4ivi Tynj\u00e4l\u00e4, Koulutuksen tutkimuslaitos, Jyv\u00e4skyl\u00e4n yliopisto<\/p>\n<p>13.00 -14.00\u00a0 <strong>Iso remontti ja kuinka se tehtiin? Havaintoja restonomikoulutuksen opetussuunnitelmauudistuksen takapihalta, salissa RUU D 101 Juho <\/strong>Koulutusp\u00e4\u00e4llikk\u00f6 Minna-Maaria Hiekkataipale ja lehtori Karoliina V\u00e4is\u00e4nen, Jyv\u00e4skyl\u00e4n ammattikorkeakoulu, matkailu- ja palveluliiketoiminta-ala <strong>sek\u00e4 <\/strong>Tuija Sinisalo, <a href=\"http:\/\/www.jyvaskyla.fi\/ruokapalvelu\" target=\"_blank\">Kyl\u00e4n Kattaus<\/a><\/p>\n<p>Verkon kautta osallistuminen klo 12-14: <a href=\"http:\/\/moniviestin.jyu.fi\/ohjelmat\/erillis\/avoin\/AVOT\">http:\/\/moniviestin.jyu.fi\/ohjelmat\/erillis\/avoin\/AVOT<\/a><\/p>\n<p>14.00 \u2013 14.30\u00a0 Kahvi<\/p>\n<p>14.30 \u2013 16.00\u00a0 Rinnakkaisryhm\u00e4t:<\/p>\n<p><strong>Teema 1: Uudet ty\u00f6el\u00e4m\u00e4l\u00e4ht\u00f6iset menetelm\u00e4t ja oppimisymp\u00e4rist\u00f6t: capstone ty\u00f6skentely ICT-alan koulutuksessa, salissa RUU E 207 Toivo, verkon kautta osallistuminen <a href=\"https:\/\/connect.jyu.fi\/avoinpika\/\" target=\"_blank\">https:\/\/connect.jyu.fi\/avoinpika\/<\/a><br \/>\n<\/strong>Puheenjohtaja Ville Lepp\u00e4nen, Turun yliopisto<\/p>\n<p>Yliopistonopettaja Maritta Pirhonen Jyv\u00e4skyl\u00e4n yliopistosta esittelee ty\u00f6el\u00e4m\u00e4l\u00e4ht\u00f6ist\u00e4 projektikoulutusta Jyv\u00e4skyl\u00e4n yliopiston IT-tiedekunnassa ja erikoistutkija Janne Lahtiranta Turun yliopistosta esittelee k\u00e4yt\u00e4nn\u00f6nl\u00e4heist\u00e4 opetusta terveysteknologia-alalla.<\/p>\n<p><strong>Teema 2: Ty\u00f6el\u00e4m\u00e4l\u00e4ht\u00f6inen opetussuunnitelmaty\u00f6 sosiaali- ja terveysalalla, salissa RUU E 204 Onni, verkon kautta osallistuminen <a href=\"https:\/\/connect.jyu.fi\/avoinhallinto\/\" target=\"_blank\">https:\/\/connect.jyu.fi\/avoinhallinto\/<\/a><\/strong><br \/>\nPuheenjohtaja Kirsi Sukula-Ruusunen, DIAK<\/p>\n<p>Ryhm\u00e4ss\u00e4 jaetaan kokemuksia ty\u00f6el\u00e4m\u00e4l\u00e4ht\u00f6isyydest\u00e4 opetussuunnitelmaty\u00f6ss\u00e4 sosiaali- ja terveysalalla sek\u00e4 jaetaan hyvi\u00e4 k\u00e4yt\u00e4nt\u00f6j\u00e4 ty\u00f6el\u00e4m\u00e4yhteisty\u00f6st\u00e4 opintojen toteutuksessa.<\/p>\n<p><strong>Teema 3:<\/strong> <strong>Ty\u00f6el\u00e4m\u00e4yhteisty\u00f6 opetussuunnitelmien laadinnassa ja toteutuksessa\u00a0biotalous- ja ymp\u00e4rist\u00f6alalla, salissa<\/strong> <strong>RUU E 304 Isa, verkon kautta osallistuminen <a href=\"https:\/\/connect.jyu.fi\/avoinohjaus\/\" target=\"_blank\">https:\/\/connect.jyu.fi\/avoinohjaus\/<\/a><\/strong><br \/>\nPuheenjohtaja lehtori Pentti Ojaj\u00e4rvi, Karelia-ammattikorkeakoulu<\/p>\n<p>Ryhm\u00e4ss\u00e4 esitell\u00e4\u00e4n eri korkeakoulujen hyvi\u00e4 k\u00e4yt\u00e4nteit\u00e4 opetussuunnitelmaty\u00f6ss\u00e4. Esimerkiksi Karelia-ammattikorkeakoulu esittelee mets\u00e4talouden ja energia- ja ymp\u00e4rist\u00f6tekniikan koulutusohjelmien opetussuunnitelmaty\u00f6t\u00e4 vuosina 2013 &#8211; 2014 sek\u00e4 vesist\u00f6puolen tiivist\u00e4 ty\u00f6el\u00e4m\u00e4yhteisty\u00f6t\u00e4 opintojaksojen toteutuksessa.<\/p>\n<p>16.00-16.30 \u00a0\u00a0\u00a0<strong>Teemaryhmien t\u00f6rm\u00e4ytys, salissa RUU D 101 Juho<\/strong><\/p>\n<p>16.30 \u2013 17.30 <strong>AVOT -hankkeen mallinnusryhm\u00e4n ty\u00f6skentely, salissa RUU D 101 Juho<br \/>\n<\/strong>Maarit Korva ja Tytti Pintil\u00e4, Jyv\u00e4skyl\u00e4n ammattikorkeakoulu<br \/>\nElina Ratalahti ja Merja Karjalainen, Jyv\u00e4skyl\u00e4n yliopisto<\/p>\n<p><a href=\"http:\/\/blogit.utu.fi\/avot\/wp-content\/uploads\/sites\/44\/2015\/10\/EU_EAKR_ESR_FI_vertical_20mm_rgb.png\" rel=\"attachment wp-att-30\"><img loading=\"lazy\" decoding=\"async\" class=\"alignnone  wp-image-30\" src=\"https:\/\/blogit.utu.fi\/avot\/wp-content\/uploads\/sites\/44\/2015\/10\/EU_EAKR_ESR_FI_vertical_20mm_rgb-290x300.png\" alt=\"EU_EAKR_ESR_FI_vertical_20mm_rgb\" width=\"111\" height=\"115\" srcset=\"https:\/\/blogit.utu.fi\/avot\/wp-content\/uploads\/sites\/44\/2015\/10\/EU_EAKR_ESR_FI_vertical_20mm_rgb-290x300.png 290w, https:\/\/blogit.utu.fi\/avot\/wp-content\/uploads\/sites\/44\/2015\/10\/EU_EAKR_ESR_FI_vertical_20mm_rgb.png 354w\" sizes=\"auto, (max-width: 111px) 100vw, 111px\" \/><\/a> <a href=\"http:\/\/blogit.utu.fi\/avot\/wp-content\/uploads\/sites\/44\/2015\/10\/VipuvoimaaEU_2014_2020_rgb.png\" rel=\"attachment wp-att-29\"><img loading=\"lazy\" decoding=\"async\" class=\"alignnone  wp-image-29\" src=\"https:\/\/blogit.utu.fi\/avot\/wp-content\/uploads\/sites\/44\/2015\/10\/VipuvoimaaEU_2014_2020_rgb-300x212.png\" alt=\"VipuvoimaaEU_2014_2020_rgb\" width=\"115\" height=\"85\" \/><\/a><\/p>\n<p>&nbsp;<\/p>\n<p>&nbsp;<\/p>\n","protected":false},"excerpt":{"rendered":"<p>Ty\u00f6el\u00e4m\u00e4l\u00e4ht\u00f6inen avoin korkeakoulutus ja opetussuunnitelmaty\u00f6 AVOT \u2013hankeen ty\u00f6seminaari 17.2.2016 Ruusupuisto, Alvar Aallon katu 9, 40600 Jyv\u00e4skyl\u00e4 (kartta) ja verkossa alla ilmoitetuissa osoitteissa. Kohderyhm\u00e4: Ty\u00f6el\u00e4m\u00e4ss\u00e4 tarvittavan osaamisen kehitt\u00e4misest\u00e4 kiinnostuneet yrityksiss\u00e4, julkisella sektorilla ja korkeakouluissa. P\u00e4iv\u00e4n tavoitteet: Avoimen korkeakouluopetuksen opetussuunnitelmien ja pedagogisten &hellip; <a href=\"https:\/\/blogit.utu.fi\/avot\/avoimet-tapahtumat\/\">Lue loppuun <span class=\"meta-nav\">&rarr;<\/span><\/a><\/p>\n","protected":false},"author":24,"featured_media":0,"parent":0,"menu_order":2,"comment_status":"open","ping_status":"open","template":"","meta":{"footnotes":""},"class_list":["post-15","page","type-page","status-publish","hentry"],"_links":{"self":[{"href":"https:\/\/blogit.utu.fi\/avot\/wp-json\/wp\/v2\/pages\/15","targetHints":{"allow":["GET"]}}],"collection":[{"href":"https:\/\/blogit.utu.fi\/avot\/wp-json\/wp\/v2\/pages"}],"about":[{"href":"https:\/\/blogit.utu.fi\/avot\/wp-json\/wp\/v2\/types\/page"}],"author":[{"embeddable":true,"href":"https:\/\/blogit.utu.fi\/avot\/wp-json\/wp\/v2\/users\/24"}],"replies":[{"embeddable":true,"href":"https:\/\/blogit.utu.fi\/avot\/wp-json\/wp\/v2\/comments?post=15"}],"version-history":[{"count":20,"href":"https:\/\/blogit.utu.fi\/avot\/wp-json\/wp\/v2\/pages\/15\/revisions"}],"predecessor-version":[{"id":104,"href":"https:\/\/blogit.utu.fi\/avot\/wp-json\/wp\/v2\/pages\/15\/revisions\/104"}],"wp:attachment":[{"href":"https:\/\/blogit.utu.fi\/avot\/wp-json\/wp\/v2\/media?parent=15"}],"curies":[{"name":"wp","href":"https:\/\/api.w.org\/{rel}","templated":true}]}}