{"id":17,"date":"2015-10-05T11:09:20","date_gmt":"2015-10-05T11:09:20","guid":{"rendered":"http:\/\/blogit.utu.fi\/avot\/?page_id=17"},"modified":"2016-02-03T12:59:35","modified_gmt":"2016-02-03T09:59:35","slug":"arkisto","status":"publish","type":"page","link":"https:\/\/blogit.utu.fi\/avot\/arkisto\/","title":{"rendered":"Arkisto"},"content":{"rendered":"<p><a href=\"http:\/\/blogit.utu.fi\/avot\/digitalisaatio-ja-tyoelaman-osaamistarpeet_ohjelma_esitykset\/\" target=\"_blank\">Digitalisaatio ja ty\u00f6el\u00e4m\u00e4n osaamistarpeet. Ty\u00f6seminaari 17.11.2015<\/a><\/p>\n<p><a href=\"http:\/\/blogit.utu.fi\/avot\/wp-content\/uploads\/sites\/44\/2015\/10\/mediatiedote_AVOTseminaari_02_09_2015.pdf\" target=\"_blank\">Mediatiedote 2.9.2015<\/a><\/p>\n<p>&nbsp;<\/p>\n","protected":false},"excerpt":{"rendered":"<p>Digitalisaatio ja ty\u00f6el\u00e4m\u00e4n osaamistarpeet. Ty\u00f6seminaari 17.11.2015 Mediatiedote 2.9.2015 &nbsp;<\/p>\n","protected":false},"author":24,"featured_media":0,"parent":0,"menu_order":4,"comment_status":"closed","ping_status":"closed","template":"","meta":{"footnotes":""},"class_list":["post-17","page","type-page","status-publish","hentry"],"_links":{"self":[{"href":"https:\/\/blogit.utu.fi\/avot\/wp-json\/wp\/v2\/pages\/17","targetHints":{"allow":["GET"]}}],"collection":[{"href":"https:\/\/blogit.utu.fi\/avot\/wp-json\/wp\/v2\/pages"}],"about":[{"href":"https:\/\/blogit.utu.fi\/avot\/wp-json\/wp\/v2\/types\/page"}],"author":[{"embeddable":true,"href":"https:\/\/blogit.utu.fi\/avot\/wp-json\/wp\/v2\/users\/24"}],"replies":[{"embeddable":true,"href":"https:\/\/blogit.utu.fi\/avot\/wp-json\/wp\/v2\/comments?post=17"}],"version-history":[{"count":5,"href":"https:\/\/blogit.utu.fi\/avot\/wp-json\/wp\/v2\/pages\/17\/revisions"}],"predecessor-version":[{"id":112,"href":"https:\/\/blogit.utu.fi\/avot\/wp-json\/wp\/v2\/pages\/17\/revisions\/112"}],"wp:attachment":[{"href":"https:\/\/blogit.utu.fi\/avot\/wp-json\/wp\/v2\/media?parent=17"}],"curies":[{"name":"wp","href":"https:\/\/api.w.org\/{rel}","templated":true}]}}