{"id":22,"date":"2015-10-05T11:13:15","date_gmt":"2015-10-05T11:13:15","guid":{"rendered":"http:\/\/blogit.utu.fi\/avot\/?page_id=22"},"modified":"2015-11-10T12:41:50","modified_gmt":"2015-11-10T09:41:50","slug":"yrityksille-muille-organisaatioille","status":"publish","type":"page","link":"https:\/\/blogit.utu.fi\/avot\/yrityksille-muille-organisaatioille\/","title":{"rendered":"Yrityksille &amp; organisaatioille"},"content":{"rendered":"<p>Kehit\u00e4mme ty\u00f6ss\u00e4 tarvittavaa osaamista uusien vaatimusten mukaiseksi avoimen korkeakouluopetuksen avulla. Katsomme kohti tulevaisuutta eli osaamiskokonaisuudet luovat pohjaa tuleville ty\u00f6nkuville ja ammateille. T\u00e4t\u00e4 varten ker\u00e4\u00e4mme tietoa IT-alan, sote-alan ja biotalous-ymp\u00e4rist\u00f6alan osaamistarpeista ja etsimme yhteisty\u00f6yrityksi\u00e4 ja organisaatioita ideoimaan osaamiskokonaisuuksia, jotka tukevat ty\u00f6el\u00e4m\u00e4n uudistumista erityisesti kasvu- ja rakennemuutosaloilla. Rakennamme tarjonnan kaikkien avointa korkeakouluopetusta j\u00e4rjest\u00e4vien koulutusorganisaatioiden sis\u00e4ll\u00f6ist\u00e4.\u00a0 Pilotoimme osaamiskokonaisuudet n\u00e4ist\u00e4 kiinnostuneiden organisaatioiden ja henkil\u00f6iden kanssa.<\/p>\n<p>Kerro ajatuksesi! Me otamme kopin ja viemme asiaa eteenp\u00e4in.<\/p>\n<p>Ty\u00f6el\u00e4m\u00e4l\u00e4ht\u00f6inen avoin korkeakouluopetus (AVOT)-hankkeen tavoitteena on kehitt\u00e4\u00e4 avointa korkeakouluopetusta vastaamaan paremmin ty\u00f6el\u00e4m\u00e4n muuttuviin tarpeisiin. Tavoitteena on pysyv\u00e4 toimintamalli eli hankkeen j\u00e4lkeen laajennamme vuoropuhelua my\u00f6s muiden kuin IT-alan, sote-alan ja biotalous-ymp\u00e4rist\u00f6alan toimijoihin.<\/p>\n<p><strong>Saat lis\u00e4tietoa ty\u00f6el\u00e4m\u00e4l\u00e4ht\u00f6isest\u00e4 avoimesta korkeakouluopetuksesta kun ilmoitat meille <a href=\"https:\/\/www.webropolsurveys.com\/S\/DBAA413E52F2FDB2.par\" target=\"_blank\">yhteystietosi<\/a>.<\/strong><\/p>\n<p><a href=\"http:\/\/blogit.utu.fi\/avot\/\">http:\/\/blogit.utu.fi\/avot\/<\/a><\/p>\n","protected":false},"excerpt":{"rendered":"<p>Kehit\u00e4mme ty\u00f6ss\u00e4 tarvittavaa osaamista uusien vaatimusten mukaiseksi avoimen korkeakouluopetuksen avulla. Katsomme kohti tulevaisuutta eli osaamiskokonaisuudet luovat pohjaa tuleville ty\u00f6nkuville ja ammateille. T\u00e4t\u00e4 varten ker\u00e4\u00e4mme tietoa IT-alan, sote-alan ja biotalous-ymp\u00e4rist\u00f6alan osaamistarpeista ja etsimme yhteisty\u00f6yrityksi\u00e4 ja organisaatioita ideoimaan osaamiskokonaisuuksia, jotka tukevat ty\u00f6el\u00e4m\u00e4n &hellip; <a href=\"https:\/\/blogit.utu.fi\/avot\/yrityksille-muille-organisaatioille\/\">Lue loppuun <span class=\"meta-nav\">&rarr;<\/span><\/a><\/p>\n","protected":false},"author":24,"featured_media":0,"parent":0,"menu_order":1,"comment_status":"open","ping_status":"open","template":"","meta":{"footnotes":""},"class_list":["post-22","page","type-page","status-publish","hentry"],"_links":{"self":[{"href":"https:\/\/blogit.utu.fi\/avot\/wp-json\/wp\/v2\/pages\/22","targetHints":{"allow":["GET"]}}],"collection":[{"href":"https:\/\/blogit.utu.fi\/avot\/wp-json\/wp\/v2\/pages"}],"about":[{"href":"https:\/\/blogit.utu.fi\/avot\/wp-json\/wp\/v2\/types\/page"}],"author":[{"embeddable":true,"href":"https:\/\/blogit.utu.fi\/avot\/wp-json\/wp\/v2\/users\/24"}],"replies":[{"embeddable":true,"href":"https:\/\/blogit.utu.fi\/avot\/wp-json\/wp\/v2\/comments?post=22"}],"version-history":[{"count":8,"href":"https:\/\/blogit.utu.fi\/avot\/wp-json\/wp\/v2\/pages\/22\/revisions"}],"predecessor-version":[{"id":66,"href":"https:\/\/blogit.utu.fi\/avot\/wp-json\/wp\/v2\/pages\/22\/revisions\/66"}],"wp:attachment":[{"href":"https:\/\/blogit.utu.fi\/avot\/wp-json\/wp\/v2\/media?parent=22"}],"curies":[{"name":"wp","href":"https:\/\/api.w.org\/{rel}","templated":true}]}}