{"id":54,"date":"2015-10-14T09:34:18","date_gmt":"2015-10-14T06:34:18","guid":{"rendered":"http:\/\/blogit.utu.fi\/avot\/?page_id=54"},"modified":"2016-01-29T15:32:31","modified_gmt":"2016-01-29T12:32:31","slug":"hanke","status":"publish","type":"page","link":"https:\/\/blogit.utu.fi\/avot\/hanke\/","title":{"rendered":"Hanke"},"content":{"rendered":"<p><a href=\"http:\/\/blogit.utu.fi\/avot\/wp-content\/uploads\/sites\/44\/2015\/10\/VipuvoimaaEU_2014_2020_rgb.png\"><img loading=\"lazy\" decoding=\"async\" class=\"alignnone wp-image-29\" src=\"https:\/\/blogit.utu.fi\/avot\/wp-content\/uploads\/sites\/44\/2015\/10\/VipuvoimaaEU_2014_2020_rgb-300x212.png\" alt=\"VipuvoimaaEU_2014_2020_rgb\" width=\"104\" height=\"76\" \/><\/a>\u00a0\u00a0\u00a0 <a href=\"http:\/\/blogit.utu.fi\/avot\/wp-content\/uploads\/sites\/44\/2015\/10\/EU_EAKR_ESR_FI_vertical_20mm_rgb.png\"><img loading=\"lazy\" decoding=\"async\" class=\"alignnone wp-image-30\" src=\"https:\/\/blogit.utu.fi\/avot\/wp-content\/uploads\/sites\/44\/2015\/10\/EU_EAKR_ESR_FI_vertical_20mm_rgb-290x300.png\" alt=\"EU_EAKR_ESR_FI_vertical_20mm_rgb\" width=\"87\" height=\"90\" srcset=\"https:\/\/blogit.utu.fi\/avot\/wp-content\/uploads\/sites\/44\/2015\/10\/EU_EAKR_ESR_FI_vertical_20mm_rgb-290x300.png 290w, https:\/\/blogit.utu.fi\/avot\/wp-content\/uploads\/sites\/44\/2015\/10\/EU_EAKR_ESR_FI_vertical_20mm_rgb.png 354w\" sizes=\"auto, (max-width: 87px) 100vw, 87px\" \/><\/a><\/p>\n<p>AVOT-hankkeessa rakennetaan kasvu- ja rakennemuutosalojen osaamistarpeisiin ketter\u00e4\u00e4 ja kest\u00e4v\u00e4\u00e4 avoimen korkeakouluopetuksen mallia. Tavoitteena on tukea ty\u00f6el\u00e4m\u00e4ss\u00e4 tarvittavaa osaamista hy\u00f6dynt\u00e4m\u00e4ll\u00e4 avoimen korkeakouluopetuksen olemassaolevaa tarjontaa asiakasl\u00e4ht\u00f6isesti paketoituina osaamiskokonaisuuksina.<\/p>\n<p>Toimintamallia kehitet\u00e4\u00e4n vuosina 2015-2018 kolmen pilotin avulla, joita ovat IT-ala, sote-ala ja biotalous-ymp\u00e4rist\u00f6ala. Osaamiskokonaisuuksien sis\u00e4ll\u00f6t ker\u00e4t\u00e4\u00e4n kaikkien avointen yliopistojen ja avointen ammattikorkeakoulujen tarjonnasta.<\/p>\n<p>Ty\u00f6el\u00e4m\u00e4n yhteisty\u00f6kumppanit ovat toimintamallin kehitt\u00e4misess\u00e4 t\u00e4rkeit\u00e4 sill\u00e4 osaamiskokonaisuksia tehd\u00e4\u00e4n nimenomaan ty\u00f6el\u00e4m\u00e4n osaamistarpeisiin. Teemme yhteisty\u00f6t\u00e4 niin ty\u00f6el\u00e4m\u00e4n keskusj\u00e4rjest\u00f6jen kuin yritysten ja julkisten organisaatioiden kanssa.<\/p>\n<p>&nbsp;<\/p>\n","protected":false},"excerpt":{"rendered":"<p>\u00a0\u00a0\u00a0 AVOT-hankkeessa rakennetaan kasvu- ja rakennemuutosalojen osaamistarpeisiin ketter\u00e4\u00e4 ja kest\u00e4v\u00e4\u00e4 avoimen korkeakouluopetuksen mallia. Tavoitteena on tukea ty\u00f6el\u00e4m\u00e4ss\u00e4 tarvittavaa osaamista hy\u00f6dynt\u00e4m\u00e4ll\u00e4 avoimen korkeakouluopetuksen olemassaolevaa tarjontaa asiakasl\u00e4ht\u00f6isesti paketoituina osaamiskokonaisuuksina. Toimintamallia kehitet\u00e4\u00e4n vuosina 2015-2018 kolmen pilotin avulla, joita ovat IT-ala, sote-ala ja biotalous-ymp\u00e4rist\u00f6ala. &hellip; <a href=\"https:\/\/blogit.utu.fi\/avot\/hanke\/\">Lue loppuun <span class=\"meta-nav\">&rarr;<\/span><\/a><\/p>\n","protected":false},"author":24,"featured_media":0,"parent":0,"menu_order":0,"comment_status":"closed","ping_status":"closed","template":"","meta":{"footnotes":""},"class_list":["post-54","page","type-page","status-publish","hentry"],"_links":{"self":[{"href":"https:\/\/blogit.utu.fi\/avot\/wp-json\/wp\/v2\/pages\/54","targetHints":{"allow":["GET"]}}],"collection":[{"href":"https:\/\/blogit.utu.fi\/avot\/wp-json\/wp\/v2\/pages"}],"about":[{"href":"https:\/\/blogit.utu.fi\/avot\/wp-json\/wp\/v2\/types\/page"}],"author":[{"embeddable":true,"href":"https:\/\/blogit.utu.fi\/avot\/wp-json\/wp\/v2\/users\/24"}],"replies":[{"embeddable":true,"href":"https:\/\/blogit.utu.fi\/avot\/wp-json\/wp\/v2\/comments?post=54"}],"version-history":[{"count":5,"href":"https:\/\/blogit.utu.fi\/avot\/wp-json\/wp\/v2\/pages\/54\/revisions"}],"predecessor-version":[{"id":102,"href":"https:\/\/blogit.utu.fi\/avot\/wp-json\/wp\/v2\/pages\/54\/revisions\/102"}],"wp:attachment":[{"href":"https:\/\/blogit.utu.fi\/avot\/wp-json\/wp\/v2\/media?parent=54"}],"curies":[{"name":"wp","href":"https:\/\/api.w.org\/{rel}","templated":true}]}}