{"id":141,"date":"2018-10-11T06:44:16","date_gmt":"2018-10-11T06:44:16","guid":{"rendered":"https:\/\/blogit.utu.fi\/balticsciencenetwork\/?page_id=141"},"modified":"2020-02-21T12:48:30","modified_gmt":"2020-02-21T12:48:30","slug":"verkoston-jasenet","status":"publish","type":"page","link":"https:\/\/blogit.utu.fi\/balticsciencenetwork\/verkoston-jasenet\/","title":{"rendered":"Verkoston j\u00e4senet"},"content":{"rendered":"<div class=\"utu-article-header\">\n<h1 class=\"utu-title\">Verkoston j\u00e4senet<\/h1>\n<div class=\"utu-by-line\">Baltic Science Network tuo yhteen partnereita ja liit\u00e4nn\u00e4isj\u00e4seni\u00e4 kaikista It\u00e4meren alueen valtioista.<\/div>\n<h3 class=\"utu-header-imageCaption\">BSN Powerhouse-hankkeen partnerit<\/h3>\n<p class=\"utu-rte2Element-P\"><strong>P\u00e4\u00e4koordinaattori<\/strong><br \/>\nHamburg Ministry of Science, Research and Equalities<\/p>\n<p class=\"utu-rte2Element-P\"><a href=\"https:\/\/www.hm.ee\/en\">Ministry of Education and Research of Republic of Estonia<\/a><\/p>\n<p class=\"utu-rte2Element-P\"><a href=\"http:\/\/www.smm.lt\/en\">Ministry of Education and Science of the Republic of Lithuania<\/a><\/p>\n<p class=\"utu-rte2Element-P\"><a href=\"http:\/\/www.izm.gov.lv\/en\/\">Ministry of Education and Science of the Republic of Latvia<\/a><\/p>\n<p class=\"utu-rte2Element-P\"><a href=\"http:\/\/en.ug.edu.pl\/\">University of Gdansk<\/a><\/p>\n<p class=\"utu-rte2Element-P\"><a href=\"http:\/\/www.utu.fi\/en\/Pages\/home.aspx\">University of Turku<\/a><\/p>\n<p class=\"utu-rte2Element-P\"><a href=\"http:\/\/www.cbss.org\/\">The International Permanent Secretariat of the Council of the Baltic Sea States<\/a><\/p>\n<p class=\"utu-rte2Element-P\"><a href=\"http:\/\/www.bup.fi\/\">Abo Akademi University\u00a0&#8211; Baltic University Programme<\/a><\/p>\n<p><a href=\"https:\/\/www.daad.de\/de\/\">German Academic Exchange Service (DAAD)<\/a><\/p>\n<p class=\"utu-rte2Element-P\"><a href=\"http:\/\/en.unecon.ru\/\">St. Petersburg State University of Economics (UNECON)<\/a><\/p>\n<p><a href=\"https:\/\/vsf.lrv.lt\/en\/\">The State Studies Foundation<\/a><\/p>\n<p><a href=\"https:\/\/etu.ru\/en\/university\/\">Saint-Petersburg Electrotechnical University (LETI)<\/a><\/p>\n<p class=\"utu-rte2Element-P\">\n<h2 class=\"utu-rte2Element-H2\">Liit\u00e4nn\u00e4isj\u00e4senet<\/h2>\n<p><a href=\"http:\/\/www.nauka.gov.pl\/en\/\">Ministry of Science and Higher Education of the Republic of Poland<\/a><\/p>\n<p><a href=\"http:\/\/bsrun.org\/\">Baltic Sea Region University Network<\/a><\/p>\n<p><a href=\"https:\/\/www.government-mv.de\/The-Ministries\/Ministry-of-Education%2C-Science-and-Culture\/\">Ministry of Education, Science and Cultur of the Land Mecklenburg-Hither Pomerania<\/a><\/p>\n<p><a href=\"http:\/\/www.schleswig-holstein.de\/EN\/StateGovernment\/VIII\/viii_node.html\">Ministry of Social Affairs, Health, Science and Equality, Land of Schleswig-Holstein<\/a><\/p>\n<p class=\"utu-rte2Element-P\"><a href=\"http:\/\/www.vr.se\/inenglish.4.12fff4451215cbd83e4800015152.html\">Swedish Research Council<\/a><\/p>\n<p class=\"utu-rte2Element-P\"><a href=\"http:\/\/mosta.lt\/en\/\">Research and Higher Education Monitoring and Analysis Centre (MOSTA), Lithuania<\/a><\/p>\n<p><a href=\"https:\/\/www.skane.se\/en\/\">Region Sk\u00e5ne<\/a><\/p>\n<p><a href=\"http:\/\/www.desy.de\/\">DESY<\/a><\/p>\n<p class=\"utu-rte2Element-P\"><a href=\"https:\/\/www.xfel.eu\/\">European X-Ray Free-Electron Laser Facility (European XFEL)<\/a><\/p>\n<p><a href=\"https:\/\/www.maxiv.lu.se\/\">MAX IV Laboratory<\/a><\/p>\n<p><a href=\"http:\/\/archimedes.ee\/en\/archimedes-foundation\/\">Archimedes Foundation<\/a><\/p>\n<p><a href=\"https:\/\/www.etag.ee\/en\/\">Estonian Research Council<\/a><\/p>\n<\/div>\n<div class=\"article-content ms-rteElement-H4\">\n<div id=\"ctl00_PlaceHolderMain_RichHtmlField2__ControlWrapper_RichHtmlField\" class=\"ms-rtestate-field\">\n<h3 class=\"utu-rte2Element-H2\">\u200bBaltic Science Network-hankkeen partnerit<\/h3>\n<p class=\"utu-rte2Element-P\"><strong>P\u00e4\u00e4koordinaattori<\/strong><br \/>\nHamburg Ministry of Science, Research and Equalities<\/p>\n<p class=\"utu-rte2Element-P\"><a href=\"http:\/\/www.schleswig-holstein.de\/EN\/StateGovernment\/VIII\/viii_node.html\">Ministry of Social Affairs, Health, Science and Equality, Land of Schleswig-Holstein<\/a><\/p>\n<p class=\"utu-rte2Element-P\"><a href=\"https:\/\/www.hm.ee\/en\">Ministry of Education and Research of Republic of Estonia<\/a><\/p>\n<p class=\"utu-rte2Element-P\"><a href=\"http:\/\/www.smm.lt\/en\">Ministry of Education and Science of the Republic of Lithuania<\/a><\/p>\n<p class=\"utu-rte2Element-P\"><a href=\"http:\/\/www.izm.gov.lv\/en\/\">Ministry of Education and Science of the Republic of Latvia<\/a><\/p>\n<p class=\"utu-rte2Element-P\"><a href=\"http:\/\/en.ug.edu.pl\/\">University of Gdansk<\/a><\/p>\n<p class=\"utu-rte2Element-P\"><a href=\"http:\/\/ufm.dk\/en\">Danish Agency for Science and Innovation, Ministry of Higher Education and Science<\/a><\/p>\n<p class=\"utu-rte2Element-P\"><a href=\"http:\/\/www.vr.se\/inenglish.4.12fff4451215cbd83e4800015152.html\">Swedish Research Council<\/a><\/p>\n<p class=\"utu-rte2Element-P\"><a href=\"http:\/\/www.utu.fi\/en\/Pages\/home.aspx\">University of Turku<\/a><\/p>\n<p class=\"utu-rte2Element-P\"><a href=\"http:\/\/www.cbss.org\/\">The International Permanent Secretariat of the Council of the Baltic Sea States<\/a><\/p>\n<p class=\"utu-rte2Element-P\"><a href=\"http:\/\/www.bup.fi\/\">Abo Akademi University\u00a0&#8211; Baltic University Programme<\/a><\/p>\n<p class=\"utu-rte2Element-P\"><a href=\"http:\/\/mosta.lt\/en\/\">Research and Higher Education Monitoring and Analysis Centre (MOSTA), Lithuania<\/a><\/p>\n<p class=\"utu-rte2Element-P\">\n<h2 class=\"utu-rte2Element-H2\">Liit\u00e4nn\u00e4isj\u00e4senet<\/h2>\n<p class=\"utu-rte2Element-P\"><a href=\"http:\/\/www.minedu.fi\/OPM\/?lang=en\">Ministry of Education and Culture, Finland<\/a><\/p>\n<p class=\"utu-rte2Element-P\"><a href=\"http:\/\/www.government.se\/government-of-sweden\/ministry-of-education-and-research\/\">Ministry of Education and Research, Sweden<\/a><\/p>\n<p class=\"utu-rte2Element-P\"><a href=\"http:\/\/www.nauka.gov.pl\/en\/\">Ministry of Science and Higher Education of the Republic of Poland<\/a><\/p>\n<p class=\"utu-rte2Element-P\">Ministry of Education, Science and Cultur of the Land Mecklenburg-Hither Pomerania<\/p>\n<p class=\"utu-rte2Element-P\">Free and Hanseatic City of Hamburg &#8211; Senate Chancellery<\/p>\n<p class=\"utu-rte2Element-P\"><a href=\"http:\/\/bsrun.org\/\">Baltic Sea Region University Network<\/a><\/p>\n<p class=\"utu-rte2Element-P\"><a href=\"http:\/\/en.unecon.ru\/\">St. Petersburg State University of Economics (UNECON)<\/a><\/p>\n<p class=\"utu-rte2Element-P\"><a href=\"http:\/\/www.bonusportal.org\/\">BONUS &#8211; Baltic Organisations&#8217; Network for Funding Science EEIG<\/a><\/p>\n<p class=\"utu-rte2Element-P\"><a href=\"https:\/\/www.nordforsk.org\/en\">NordForsk<\/a><\/p>\n<p class=\"utu-rte2Element-P\"><a href=\"http:\/\/www.stringnetwork.org\/\">STRING<\/a> &#8211; political crossborder partnership between Hamburg and Schleswig- Holstein in Germany, the Capital Region of Denmark, Region Zealand, and the City of Copenhagen in Denmark, and Region Sk\u00e5ne in Sweden<\/p>\n<\/div>\n<\/div>\n","protected":false},"excerpt":{"rendered":"<p>Verkoston j\u00e4senet Baltic Science Network tuo yhteen partnereita ja liit\u00e4nn\u00e4isj\u00e4seni\u00e4 kaikista It\u00e4meren alueen valtioista. BSN Powerhouse-hankkeen partnerit P\u00e4\u00e4koordinaattori Hamburg Ministry of Science, Research and Equalities Ministry of Education and Research of Republic of Estonia Ministry of Education and Science of the Republic of Lithuania Ministry of Education and Science of the Republic of Latvia University [&hellip;]<\/p>\n","protected":false},"author":311,"featured_media":0,"parent":0,"menu_order":0,"comment_status":"closed","ping_status":"closed","template":"","meta":{"footnotes":""},"class_list":["post-141","page","type-page","status-publish","hentry","post-preview"],"_links":{"self":[{"href":"https:\/\/blogit.utu.fi\/balticsciencenetwork\/wp-json\/wp\/v2\/pages\/141","targetHints":{"allow":["GET"]}}],"collection":[{"href":"https:\/\/blogit.utu.fi\/balticsciencenetwork\/wp-json\/wp\/v2\/pages"}],"about":[{"href":"https:\/\/blogit.utu.fi\/balticsciencenetwork\/wp-json\/wp\/v2\/types\/page"}],"author":[{"embeddable":true,"href":"https:\/\/blogit.utu.fi\/balticsciencenetwork\/wp-json\/wp\/v2\/users\/311"}],"replies":[{"embeddable":true,"href":"https:\/\/blogit.utu.fi\/balticsciencenetwork\/wp-json\/wp\/v2\/comments?post=141"}],"version-history":[{"count":3,"href":"https:\/\/blogit.utu.fi\/balticsciencenetwork\/wp-json\/wp\/v2\/pages\/141\/revisions"}],"predecessor-version":[{"id":285,"href":"https:\/\/blogit.utu.fi\/balticsciencenetwork\/wp-json\/wp\/v2\/pages\/141\/revisions\/285"}],"wp:attachment":[{"href":"https:\/\/blogit.utu.fi\/balticsciencenetwork\/wp-json\/wp\/v2\/media?parent=141"}],"curies":[{"name":"wp","href":"https:\/\/api.w.org\/{rel}","templated":true}]}}