{"id":156,"date":"2018-10-11T07:13:30","date_gmt":"2018-10-11T07:13:30","guid":{"rendered":"https:\/\/blogit.utu.fi\/balticsciencenetwork\/?page_id=156"},"modified":"2018-10-26T10:38:28","modified_gmt":"2018-10-26T10:38:28","slug":"bsn-sidosryhmaseminaari-helsingissa","status":"publish","type":"page","link":"https:\/\/blogit.utu.fi\/balticsciencenetwork\/bsn-sidosryhmaseminaari-helsingissa\/","title":{"rendered":"Baltic Science Network sidosryhm\u00e4seminaari 3.12.2018 Helsingiss\u00e4"},"content":{"rendered":"<p><strong>Baltic Science Network<\/strong> on EU:n It\u00e4meri-strategian lippulaivahanke ja Interreg Baltic Sea Region-ohjelman rahoittama verkosto joka pyrkii parantamaan tiedeyhteisty\u00f6t\u00e4 It\u00e4meren alueella. Baltic Science Network on vuosina 2016-2018 laatinut yhteisi\u00e4 suosituksia ja toimintasuunnitelmia It\u00e4meren koulutus- ja tutkimusyhteisty\u00f6lle<\/p>\n<p><strong>Baltic Science Network-verkoston kansallisen sidosryhm\u00e4kuulemisen tavoitteena on <\/strong>keskustella It\u00e4meren koulutus- ja tutkimusyhteisty\u00f6t\u00e4 tukevien suositusten ja toimintasuunnitelmien jalkauttamisesta Suomessa.<\/p>\n<p><strong>Sidosryhmien kuuleminen j\u00e4rjestet\u00e4\u00e4n ty\u00f6pajamuotoisesti <\/strong>maanantaina 3.12. 2018 klo 9:30 \u2013 15:15. Kokouspaikkana on Helsinki Congress Paasitorni, Paasivuorenkatu 5 A, 00530 Helsinki, puh. 09-7089611.<\/p>\n<p><strong>Kuulemisen kohderyhm\u00e4t<\/strong> ovat ensisijaisesti korkeakoulujen ja tutkimuslaitosten strategiasta ja kehityksest\u00e4, kansainv\u00e4lisist\u00e4 asioista sek\u00e4 tutkimusinfrastruktuureista vastaavat henkil\u00f6t, sek\u00e4 biotieteiden, hyvinvointitutkimuksen sek\u00e4 fotoni- ja neutronitutkimuksen tutkimusryhmien johtajat. Ty\u00f6pajaan kutsutaan ministeri\u00f6iden, Suomen Akatemian ja Business Finlandin edustajia, sek\u00e4 It\u00e4meren tutkimusyhteisty\u00f6h\u00f6n osallistuvia elinkeinoel\u00e4m\u00e4n ja s\u00e4\u00e4ti\u00f6iden edustajia.<\/p>\n<p><strong>Ilmoittautumiset s\u00e4hk\u00f6isesti osoitteessa: <\/strong><a href=\"https:\/\/konsta.utu.fi\/Default.aspx?tabid=88&amp;tap=5263\">https:\/\/konsta.utu.fi\/Default.aspx?tabid=88&amp;tap=5263<\/a><\/p>\n<p>&nbsp;<\/p>\n<p>Voit ladata tilaisuuden ohjelman t\u00e4st\u00e4: <a href=\"https:\/\/blogit.utu.fi\/balticsciencenetwork\/wp-content\/uploads\/sites\/195\/2018\/10\/Baltic-Science-Network-Workshop-3.12.2018-kutsu.pdf\">Baltic Science Network Workshop 3.12.2018 kutsu<\/a>.<\/p>\n<p>&nbsp;<\/p>\n<p><strong>Ty\u00f6pajan j\u00e4rjest\u00e4\u00e4 Turun yliopiston Baltic Science Network-hankkeen\u00a0 koordinaatiotoimisto<\/strong>.<\/p>\n","protected":false},"excerpt":{"rendered":"<p>Baltic Science Network on EU:n It\u00e4meri-strategian lippulaivahanke ja Interreg Baltic Sea Region-ohjelman rahoittama verkosto joka pyrkii parantamaan tiedeyhteisty\u00f6t\u00e4 It\u00e4meren alueella. Baltic Science Network on vuosina 2016-2018 laatinut yhteisi\u00e4 suosituksia ja toimintasuunnitelmia It\u00e4meren koulutus- ja tutkimusyhteisty\u00f6lle Baltic Science Network-verkoston kansallisen sidosryhm\u00e4kuulemisen tavoitteena on keskustella It\u00e4meren koulutus- ja tutkimusyhteisty\u00f6t\u00e4 tukevien suositusten ja toimintasuunnitelmien jalkauttamisesta Suomessa. Sidosryhmien kuuleminen [&hellip;]<\/p>\n","protected":false},"author":311,"featured_media":0,"parent":0,"menu_order":0,"comment_status":"closed","ping_status":"closed","template":"","meta":{"footnotes":""},"class_list":["post-156","page","type-page","status-publish","hentry","post-preview"],"_links":{"self":[{"href":"https:\/\/blogit.utu.fi\/balticsciencenetwork\/wp-json\/wp\/v2\/pages\/156","targetHints":{"allow":["GET"]}}],"collection":[{"href":"https:\/\/blogit.utu.fi\/balticsciencenetwork\/wp-json\/wp\/v2\/pages"}],"about":[{"href":"https:\/\/blogit.utu.fi\/balticsciencenetwork\/wp-json\/wp\/v2\/types\/page"}],"author":[{"embeddable":true,"href":"https:\/\/blogit.utu.fi\/balticsciencenetwork\/wp-json\/wp\/v2\/users\/311"}],"replies":[{"embeddable":true,"href":"https:\/\/blogit.utu.fi\/balticsciencenetwork\/wp-json\/wp\/v2\/comments?post=156"}],"version-history":[{"count":6,"href":"https:\/\/blogit.utu.fi\/balticsciencenetwork\/wp-json\/wp\/v2\/pages\/156\/revisions"}],"predecessor-version":[{"id":230,"href":"https:\/\/blogit.utu.fi\/balticsciencenetwork\/wp-json\/wp\/v2\/pages\/156\/revisions\/230"}],"wp:attachment":[{"href":"https:\/\/blogit.utu.fi\/balticsciencenetwork\/wp-json\/wp\/v2\/media?parent=156"}],"curies":[{"name":"wp","href":"https:\/\/api.w.org\/{rel}","templated":true}]}}