{"id":36,"date":"2018-10-10T12:48:52","date_gmt":"2018-10-10T12:48:52","guid":{"rendered":"https:\/\/blogit.utu.fi\/balticsciencenetwork\/?page_id=36"},"modified":"2018-10-10T12:48:52","modified_gmt":"2018-10-10T12:48:52","slug":"hankkeen-tavoitteet","status":"publish","type":"page","link":"https:\/\/blogit.utu.fi\/balticsciencenetwork\/hankkeen-tavoitteet\/","title":{"rendered":"Hankkeen tavoitteet"},"content":{"rendered":"<div class=\"utu-article-header\">\n<h1 class=\"utu-title\">Hankkeen tavoitteet<\/h1>\n<h4 class=\"utu-by-line\">Baltic Science Networkin tavoitteet on jaettu kuuteen ty\u00f6pakettiin. T\u00e4ll\u00e4 sivulla kerrotaan lyhysti mist\u00e4 on kyse.<\/h4>\n<div class=\"utu-header-image\">\n<div>\n<div id=\"ctl00_PlaceHolderMain_RichImageField1__ControlWrapper_RichImageField\" class=\"ms-rtestate-field\"><\/div>\n<\/div>\n<\/div>\n<\/div>\n<div class=\"article-content ms-rteElement-H4\">\n<div id=\"ctl00_PlaceHolderMain_RichHtmlField2__ControlWrapper_RichHtmlField\" class=\"ms-rtestate-field\">\n<p>\u200bBaltic Science Network pyrkii parantamaan tutkimusyhteisty\u00f6t\u00e4 It\u00e4meren alueella. Hanke pyrkii edist\u00e4m\u00e4\u00e4n alueen etua tiede- ja koulutuspoliittisessa p\u00e4\u00e4t\u00f6ksenteossa It\u00e4meren alueen valtioissa.<\/p>\n<p>It\u00e4meren alue on hyvin kilpailukykyinen, ja yhteisty\u00f6t\u00e4 lis\u00e4\u00e4m\u00e4ll\u00e4 maat voisivat hy\u00f6ty\u00e4 toisistaan enemm\u00e4n. Makroalueellinen vaikuttaminen n\u00e4hd\u00e4\u00e4n hankkeessa t\u00e4rke\u00e4n\u00e4, jotta It\u00e4meren alueen asema nousisi esiin my\u00f6s EU:ssa.<\/p>\n<h2 class=\"utu-rte2Element-H2\">Hankkeen osat<\/h2>\n<h4 class=\"utu-rte2Element-H4\">Liikkuvuus It\u00e4meren alueella<\/h4>\n<p class=\"utu-rte2Element-P\">Hankkeessa kartoitetaan liikkuvuuteen liittyvi\u00e4 haasteita It\u00e4meren alueella ja pyrit\u00e4\u00e4n rakentamaan uusia liikkuvuusty\u00f6kaluja sek\u00e4 vaikuttamaan olemassaoleviin liikkuvuusmahdollisuuksiin, jotta ne tukisivat It\u00e4meren alueen liikkuvuutta paremmin. Liikkuvuus-ty\u00f6pakettia koordinoi Turun yliopisto.<\/p>\n<h4 class=\"utu-rte2Element-H4\">Tutkimuksen ja innovaatioiden laatu<\/h4>\n<p class=\"utu-rte2Element-P\">Tutkimusta ja innovaatioita koskevassa ty\u00f6paketissa pyrit\u00e4\u00e4n parantamaan tutkimusyhteisty\u00f6t\u00e4 It\u00e4meren alueella. Ensin tarkastellaan tutkimusyhteisty\u00f6n haasteita, sitten valitaan muutama t\u00e4rke\u00e4 tieteenala joille kehitet\u00e4\u00e4n strategia tiedeyhteisty\u00f6n ja tutkimusinfrastruktuurin yhteisk\u00e4yt\u00f6n parantamiseksi. Tutkimusyhteisty\u00f6n ty\u00f6pakettia koordinoi Swedish Research Council.<\/p>\n<h4 class=\"utu-rte2Element-H4\">Laajennettu osallistuminen<\/h4>\n<p class=\"utu-rte2Element-P\">Laajennetun osallistumisen ty\u00f6paketissa pyrit\u00e4\u00e4n parantamaan erityisesti Baltian maiden osallistumista kansainv\u00e4liseen tieteelliseen toimintaan. Ty\u00f6pakettia koordinoi Viron koulutus- ja tiedeministeri\u00f6.<\/p>\n<h4 class=\"utu-rte2Element-H4\">Hyvien k\u00e4yt\u00e4nteiden ker\u00e4\u00e4minen ja levitt\u00e4minen<\/h4>\n<p class=\"utu-rte2Element-P\">Hankkeessa pyrit\u00e4\u00e4n my\u00f6s jakamaan tietoa ja kokemuksia osallistujien kesken. Yhten\u00e4 osana MOSTA ker\u00e4\u00e4 esimerkkej\u00e4 hyvist\u00e4 k\u00e4yt\u00e4nteist\u00e4 ja jakaa niit\u00e4 partnereille. Toisaalta hankkeen aikana ker\u00e4t\u00e4\u00e4n kokemusta toimivista ja ei-toimivista k\u00e4yt\u00e4nn\u00f6ist\u00e4, ja t\u00e4t\u00e4 tietoa voidaan k\u00e4ytt\u00e4\u00e4 vastaavien hankkeiden toteutuksessa jatkossa. Ty\u00f6pakettia koordinoi Liettuan Koulutus- ja tiedeministeri\u00f6.<\/p>\n<h4 class=\"utu-rte2Element-H4\">Alueellisten etujen ajaminen EU:ssa ja kansainv\u00e4lisesti<\/h4>\n<p class=\"utu-rte2Element-P\">Hankkeen tarkoituksena on ajaa It\u00e4meren valtioiden etua sek\u00e4 alueellisesti, EU:ssa ett\u00e4 kansainv\u00e4lisesti.<\/p>\n<p class=\"utu-rte2Element-P\">\n<h2 class=\"utu-rte2Element-H2\">Tavoitteena pitk\u00e4n aikav\u00e4lin vaikuttaminen<\/h2>\n<p class=\"utu-rte2Element-P\">Baltic Science Network sai kolmen vuoden\u00a0Interreg Baltic Sea Region -rahoituksen. Verkoston on tarkoitus on jatkaa toimintaansa t\u00e4m\u00e4n j\u00e4lkeenkin. Verkoston toivotaan tarjoavan tukea tiedepoliittiselle p\u00e4\u00e4t\u00f6ksenteolle It\u00e4meren alueen maissa my\u00f6s tulevaisuudessa.<\/p>\n<\/div>\n<\/div>\n","protected":false},"excerpt":{"rendered":"<p>Hankkeen tavoitteet Baltic Science Networkin tavoitteet on jaettu kuuteen ty\u00f6pakettiin. T\u00e4ll\u00e4 sivulla kerrotaan lyhysti mist\u00e4 on kyse. \u200bBaltic Science Network pyrkii parantamaan tutkimusyhteisty\u00f6t\u00e4 It\u00e4meren alueella. Hanke pyrkii edist\u00e4m\u00e4\u00e4n alueen etua tiede- ja koulutuspoliittisessa p\u00e4\u00e4t\u00f6ksenteossa It\u00e4meren alueen valtioissa. It\u00e4meren alue on hyvin kilpailukykyinen, ja yhteisty\u00f6t\u00e4 lis\u00e4\u00e4m\u00e4ll\u00e4 maat voisivat hy\u00f6ty\u00e4 toisistaan enemm\u00e4n. Makroalueellinen vaikuttaminen n\u00e4hd\u00e4\u00e4n hankkeessa t\u00e4rke\u00e4n\u00e4, [&hellip;]<\/p>\n","protected":false},"author":311,"featured_media":0,"parent":0,"menu_order":0,"comment_status":"closed","ping_status":"closed","template":"","meta":{"footnotes":""},"class_list":["post-36","page","type-page","status-publish","hentry","post-preview"],"_links":{"self":[{"href":"https:\/\/blogit.utu.fi\/balticsciencenetwork\/wp-json\/wp\/v2\/pages\/36","targetHints":{"allow":["GET"]}}],"collection":[{"href":"https:\/\/blogit.utu.fi\/balticsciencenetwork\/wp-json\/wp\/v2\/pages"}],"about":[{"href":"https:\/\/blogit.utu.fi\/balticsciencenetwork\/wp-json\/wp\/v2\/types\/page"}],"author":[{"embeddable":true,"href":"https:\/\/blogit.utu.fi\/balticsciencenetwork\/wp-json\/wp\/v2\/users\/311"}],"replies":[{"embeddable":true,"href":"https:\/\/blogit.utu.fi\/balticsciencenetwork\/wp-json\/wp\/v2\/comments?post=36"}],"version-history":[{"count":1,"href":"https:\/\/blogit.utu.fi\/balticsciencenetwork\/wp-json\/wp\/v2\/pages\/36\/revisions"}],"predecessor-version":[{"id":39,"href":"https:\/\/blogit.utu.fi\/balticsciencenetwork\/wp-json\/wp\/v2\/pages\/36\/revisions\/39"}],"wp:attachment":[{"href":"https:\/\/blogit.utu.fi\/balticsciencenetwork\/wp-json\/wp\/v2\/media?parent=36"}],"curies":[{"name":"wp","href":"https:\/\/api.w.org\/{rel}","templated":true}]}}