{"id":18,"date":"2017-09-07T09:06:17","date_gmt":"2017-09-07T09:06:17","guid":{"rendered":"https:\/\/blogit.utu.fi\/bioethics\/?page_id=18"},"modified":"2018-04-20T16:07:23","modified_gmt":"2018-04-20T16:07:23","slug":"klubi-seminar","status":"publish","type":"page","link":"https:\/\/blogit.utu.fi\/bioethics\/klubi-seminar\/","title":{"rendered":"KLUBI SEMINAR"},"content":{"rendered":"<p><em>The Turku Practical Philosophers\u2019 Club<\/em> (KLUBI) is an informal researcher and staff member seminar at the Philosophy Unit of Turku University. It is organised by the Philosophy Unit and the Center for the Study of Bioethics, Finnish Unit. We have two-hour seminars monthly, and there is a half-day session at the end of the terms. The seminars consist of two\/three presentations directly followed by discussion. Presenters are our own researchers, and philosophers from other philosophy departments in Finland and abroad. Participants of the seminar are doctoral students, teaching personal and professors of the Philosophy Unit. In its current format, the KLUBI was established in autumn 2012 as a direct follower of a very similar KERHO seminar at the unit. In case you would like to participate our seminar, please contact Marko Ahteensuu (<a href=\"mailto:mataah@utu.fi\">mataah@utu.fi<\/a>) or\u00a0Helena Siipi (<a href=\"mailto:helsii@utu.fi\">helsii@utu.fi<\/a>).<\/p>\n<p><strong>Turku Moral Science Club <\/strong><\/p>\n<p>Programme, Spring 2018<\/p>\n<p>sh 150<\/p>\n<p>19.1. klo 9.00-10.00 Mikko Puumala: Ensimm\u00e4isen\u00e4 olemisen moraalinen merkitys<\/p>\n<p>9.2. klo 9.15-10.45 Juha R\u00e4ikk\u00e4: Conspiracy Theories and Collective Responsibility<\/p>\n<p>2.3. klo 9.15-10.45 Helena Siipi: Terms of Good Food<\/p>\n<p>16.3. klo 9.15-10.45 Polaris Koi: ADHD outside the genes: distinguishing etiology, ontology, and disadvantage<\/p>\n<p>6.4. klo 9.15-10.45 Susanne Uusitalo: Vulnerability in addiction: On a mission to gain better understanding of addicted individuals&#8217; agency<\/p>\n<p>20.4. klo 9.15-10.45 HUOM sh 169 Jari K\u00e4rkk\u00e4inen: Arvoekstensio ja mulkosilm\u00e4-\u00e4ks\u00e4t<\/p>\n<p>4.5. HUOM klo 13-14 Michael Laakasuo (Helsinki): TBA<\/p>\n<p>25.5. klo 9.15-10.45 Tiia Sudenkaarne: Queer-bioetiikka moraaliteoriana<\/p>\n<p>&nbsp;<\/p>\n<p>Previous programmes of the KLUBI seminars (NB This is not an exhaustive list):<\/p>\n<p><a href=\"https:\/\/blogit.utu.fi\/bioethics\/wp-content\/uploads\/sites\/119\/2017\/12\/XmasKLUBI2017.pdf\">KLUBI Xmas 2017<\/a><\/p>\n<p><a href=\"https:\/\/blogit.utu.fi\/bioethics\/wp-content\/uploads\/sites\/119\/2017\/11\/marrasKLUBI2017-1.pdf\">KLUBI Nov 2017<\/a><\/p>\n<p><a href=\"https:\/\/blogit.utu.fi\/bioethics\/wp-content\/uploads\/sites\/119\/2017\/10\/lokaKLUBI2017.pdf\">KLUBI Oct 2017<\/a><\/p>\n<p><a href=\"https:\/\/blogit.utu.fi\/bioethics\/wp-content\/uploads\/sites\/119\/2017\/09\/KLUBI-Spring-2017.pdf\" rel=\"attachment wp-att-205\">KLUBI Spring 2017<\/a><\/p>\n<p><a href=\"https:\/\/blogit.utu.fi\/bioethics\/wp-content\/uploads\/sites\/119\/2017\/09\/KLUBI-March-2017.pdf\" rel=\"attachment wp-att-202\">KLUBI March 2017<\/a><\/p>\n<p><a href=\"https:\/\/blogit.utu.fi\/bioethics\/wp-content\/uploads\/sites\/119\/2017\/09\/KLUBI-Feb-2017.pdf\" rel=\"attachment wp-att-197\">KLUBI Feb 2017<\/a><\/p>\n<p><a href=\"https:\/\/blogit.utu.fi\/bioethics\/wp-content\/uploads\/sites\/119\/2017\/09\/KLUBI-Xmas2016.pdf\">KLUBI Xmas 2016<\/a><\/p>\n<p><a href=\"https:\/\/blogit.utu.fi\/bioethics\/wp-content\/uploads\/sites\/119\/2017\/09\/MarrasKlubi2016.pdf\">KLUBI Nov 2016<\/a><\/p>\n<p><a href=\"https:\/\/blogit.utu.fi\/bioethics\/wp-content\/uploads\/sites\/119\/2017\/09\/Klubiloka2016.pdf\">KLUBI Oct 2016<\/a><\/p>\n<p><a href=\"https:\/\/blogit.utu.fi\/bioethics\/wp-content\/uploads\/sites\/119\/2017\/09\/Kes\u00e4Klubi2016.pdf\">KLUBI June 2016<\/a><\/p>\n<p><a href=\"https:\/\/blogit.utu.fi\/bioethics\/wp-content\/uploads\/sites\/119\/2017\/09\/maalisKlubi2016.pdf\">KLUBI March 2016<\/a><\/p>\n<p><a href=\"https:\/\/blogit.utu.fi\/bioethics\/wp-content\/uploads\/sites\/119\/2017\/09\/TammiKlubi2016.pdf\">KLUBI Jan 2016<\/a><\/p>\n<p><a href=\"https:\/\/blogit.utu.fi\/bioethics\/wp-content\/uploads\/sites\/119\/2017\/09\/JouluKlubi2015.pdf\">KLUBI Xmas 2015<\/a><\/p>\n<p><a href=\"https:\/\/blogit.utu.fi\/bioethics\/wp-content\/uploads\/sites\/119\/2017\/09\/SyysKlubi2015.pdf\">KLUBI Sept 2015<\/a><\/p>\n<p><a href=\"https:\/\/blogit.utu.fi\/bioethics\/wp-content\/uploads\/sites\/119\/2017\/09\/Kes\u00e4Klubi2015.pdf\">KLUBI June 2015<\/a><\/p>\n<p><a href=\"https:\/\/blogit.utu.fi\/bioethics\/wp-content\/uploads\/sites\/119\/2017\/09\/Kev\u00e4tKlubi2015.pdf\">KLUBI Spring 2015<\/a><\/p>\n<p><a href=\"https:\/\/blogit.utu.fi\/bioethics\/wp-content\/uploads\/sites\/119\/2017\/09\/MaalisKlubi2015.pdf\">KLUBI March 2015<\/a><\/p>\n<p><a href=\"https:\/\/blogit.utu.fi\/bioethics\/wp-content\/uploads\/sites\/119\/2017\/09\/TammiKlubi2015.pdf\">KLUBI Jan 2015<\/a><\/p>\n<p><a href=\"https:\/\/blogit.utu.fi\/bioethics\/wp-content\/uploads\/sites\/119\/2017\/09\/jouluklubi2014.pdf\">KLUBI Xmas 2014<\/a><\/p>\n<p><a href=\"https:\/\/blogit.utu.fi\/bioethics\/wp-content\/uploads\/sites\/119\/2017\/09\/Klubi-November-2014.pdf\">KLUBI Nov 2014<\/a><\/p>\n<p><a href=\"https:\/\/blogit.utu.fi\/bioethics\/wp-content\/uploads\/sites\/119\/2017\/09\/syysklubi2014.pdf\">KLUBI Sept 2014<\/a><\/p>\n<p><a href=\"https:\/\/blogit.utu.fi\/bioethics\/wp-content\/uploads\/sites\/119\/2017\/09\/toukoKLUBI2014.pdf\">KLUBI May 2014<\/a><\/p>\n<p><a href=\"https:\/\/blogit.utu.fi\/bioethics\/wp-content\/uploads\/sites\/119\/2017\/09\/Klubitammikuu2014.pdf\">KLUBI Jan 2014<\/a><\/p>\n<p><a href=\"https:\/\/blogit.utu.fi\/bioethics\/wp-content\/uploads\/sites\/119\/2017\/09\/Klubi-Xmas-Seminar-2013.pdf\">KLUBI Xmas 2013<\/a><\/p>\n<p><a href=\"https:\/\/blogit.utu.fi\/bioethics\/wp-content\/uploads\/sites\/119\/2017\/09\/Klubisyys2013.pdf\">KLUBI Sept 2013<\/a><\/p>\n<p><a href=\"https:\/\/blogit.utu.fi\/bioethics\/wp-content\/uploads\/sites\/119\/2017\/09\/Klubihuhti2013.pdf\">KLUBI April 2013<\/a><\/p>\n<p><a href=\"https:\/\/blogit.utu.fi\/bioethics\/wp-content\/uploads\/sites\/119\/2017\/09\/Klubimaalis2013.pdf\">KLUBI March 2013<\/a><\/p>\n<p><a href=\"https:\/\/blogit.utu.fi\/bioethics\/wp-content\/uploads\/sites\/119\/2017\/09\/Klubi-tammi2013.pdf\">KLUBI Jan 2013<\/a><\/p>\n<p><a href=\"https:\/\/blogit.utu.fi\/bioethics\/wp-content\/uploads\/sites\/119\/2017\/09\/Klubi-Xmas-Seminar-2012.pdf\">KLUBI Xmas 2012<\/a><\/p>\n<p><a href=\"https:\/\/blogit.utu.fi\/bioethics\/wp-content\/uploads\/sites\/119\/2017\/09\/Klubi-marras2012.pdf\">KLUBI Nov 2012<\/a><\/p>\n","protected":false},"excerpt":{"rendered":"<p>The Turku Practical Philosophers\u2019 Club (KLUBI) is an informal researcher and staff member seminar at the Philosophy Unit of Turku University. It is organised by the Philosophy Unit and the Center for the Study of Bioethics, Finnish Unit. We have &hellip; <a href=\"https:\/\/blogit.utu.fi\/bioethics\/klubi-seminar\/\">Continue reading <span class=\"meta-nav\">&rarr;<\/span><\/a><\/p>\n","protected":false},"author":37,"featured_media":0,"parent":0,"menu_order":0,"comment_status":"closed","ping_status":"closed","template":"","meta":{"footnotes":""},"class_list":["post-18","page","type-page","status-publish","hentry"],"_links":{"self":[{"href":"https:\/\/blogit.utu.fi\/bioethics\/wp-json\/wp\/v2\/pages\/18","targetHints":{"allow":["GET"]}}],"collection":[{"href":"https:\/\/blogit.utu.fi\/bioethics\/wp-json\/wp\/v2\/pages"}],"about":[{"href":"https:\/\/blogit.utu.fi\/bioethics\/wp-json\/wp\/v2\/types\/page"}],"author":[{"embeddable":true,"href":"https:\/\/blogit.utu.fi\/bioethics\/wp-json\/wp\/v2\/users\/37"}],"replies":[{"embeddable":true,"href":"https:\/\/blogit.utu.fi\/bioethics\/wp-json\/wp\/v2\/comments?post=18"}],"version-history":[{"count":28,"href":"https:\/\/blogit.utu.fi\/bioethics\/wp-json\/wp\/v2\/pages\/18\/revisions"}],"predecessor-version":[{"id":737,"href":"https:\/\/blogit.utu.fi\/bioethics\/wp-json\/wp\/v2\/pages\/18\/revisions\/737"}],"wp:attachment":[{"href":"https:\/\/blogit.utu.fi\/bioethics\/wp-json\/wp\/v2\/media?parent=18"}],"curies":[{"name":"wp","href":"https:\/\/api.w.org\/{rel}","templated":true}]}}