{"id":227,"date":"2017-09-07T11:40:39","date_gmt":"2017-09-07T11:40:39","guid":{"rendered":"https:\/\/blogit.utu.fi\/bioethics\/?page_id=227"},"modified":"2017-11-06T08:40:15","modified_gmt":"2017-11-06T08:40:15","slug":"activities","status":"publish","type":"page","link":"https:\/\/blogit.utu.fi\/bioethics\/activities\/","title":{"rendered":"ACTIVITIES"},"content":{"rendered":"<p>&nbsp;<\/p>\n<p>-Marko\u00a0Ahteensuu presented \u201d<a href=\"https:\/\/www.academia.edu\/35030935\/Biosecurity_of_Synthetic_Biology_and_Genome_Editing\">Biosecurity of Synthetic Biology and Genome Editing<\/a>\u201d, at the 3rd Nordic Chapter Conference <em>Risk and Security, <\/em>Society for Risk Analysis (SRA) Nordic Chapter, Aalto University, Espoo, Finland, 2-3.11.2017.<\/p>\n<p>-Tiia Sudenkaarne, Secretary, Society for Queer Studies in Finland (SQS).<\/p>\n<p>-Tiia Sudenkaarne, Editor, <a href=\"https:\/\/journal.fi\/sqs\/issue\/view\/4628\"><em>Journal of Queer Studies in Finland<\/em><\/a> (SQSJ).<\/p>\n<p>-Polaris Koi was awarded the Best Presentation Award for his presentation on self-control neuroenhancements in criminal rehabilitation at the <em>Seminar on Technology Ethics 2017<\/em>, organized by TIVIA and the Future Ethics group at the Turku School of Economics.<\/p>\n<p>-Polaris Koi presented on ADHD and the concept of self-control at <em>the 2017 European Society for Philosophy and Psychology conference<\/em>, University of Hertfordshire.<\/p>\n<p>-Polaris Koi is Junior Investigator in the international interdisciplinary research project <a href=\"http:\/\/www.geneticshumanagency.org\">Genetics and Human Agency<\/a>, led by Eric Turkheimer and funded by John Templeton Foundation.<\/p>\n<p>-A <a href=\"https:\/\/link.springer.com\/article\/10.1007\/s11572-017-9423-z\">paper on self-control neuroenhancements in criminal rehabilitation<\/a> authored by Polaris Koi, Susanne Uusitalo and Jarno Tuominen was published Online First (2017) in <em>Criminal Law and Philosophy<\/em>.<\/p>\n<p>-October 2016, Center for the Study of Bioethics participated in organizing the <em>11th \u00a0Gay, Lesbian and Queer Studies Research Seminar<\/em> at University of Turku, under the theme Queer Healings. The main organizer Society for Queer Studies in Finland\u2019s journal will feature a special issue on Queer Healings co-edited by Tiia Sudenkaarne. You can browse the publication <a href=\"https:\/\/journal.fi\/sqs\/issue\/view\/4628\">here<\/a>. (Ote Queer Healings\/Pervot parantumiset -lehdist\u00f6tiedotteesta: &#8220;Parantaminen ja parantuminen ovat <em>voimakkaita, ristivetoisia ja rajoja rikkovia k\u00e4sitteit\u00e4.<\/em> Niit\u00e4 on k\u00e4ytetty niin sukupuolisten ja seksuaalisten kuin muidenkin normien yll\u00e4pit\u00e4miseen, mutta ne on my\u00f6s otettu haltuun queer-vastarinnan v\u00e4lineiksi ja sit\u00e4 tukemaan. (\u2026) Seminaarin keskusteluista liikkeelle l\u00e4htev\u00e4n numeron artikkeleiden yhdeksi kantavaksi teemaksi nousee queer-ajattelun keskeinen strategia \u2013 bin\u00e4\u00e4rivastakohtien purkaminen \u2013 pervoparantamisen mahdollisuutena ja edellytyksen\u00e4. Totuttujen sukupuoli- ja seksuaalisuusbin\u00e4\u00e4rien lis\u00e4ksi uusia rajanvetoja kyseenlaistamalla kirjoittajat haastavat rikkomaan queer-politiikan mukavuusalueen rajoja. Toiseksi artikkelit her\u00e4ttelev\u00e4t pohtimaan parantumisen ja parantamisen aikaa nopeista parannustapahtumista pitkiin prosesseihin. Ent\u00e4 onko parantaminen v\u00e4ltt\u00e4m\u00e4tt\u00e4 aktiivisen toimijan ja passiivisen kohteen v\u00e4linen tapahtuma?&#8221;).<\/p>\n<p>-Helena Siipi presented her work on the value of authenticity at an international conference, ECAP9, European Society of Analytic Philosophy, Munich, Germany, 21. &#8211; 16.8.2017.<\/p>\n<p>-A <a href=\"http:\/\/www.duodecimlehti.fi\/lehti\/\/\/duo13611\">paper on ethical pre-evaluation medical research<\/a> authored by Helena Siipi was published as online first (2017) in Duodecim 2017;133(6):582-6.<\/p>\n<p>-The ethical board of TEHY (Alam\u00e4ki, A., Kangasniemi, M., Kela, T., Kousmanen, L., Kurtti, J., Siipi, H. &amp; Sillanp\u00e4\u00e4, K.) and Kangasniemi, M. (toim.) published a <a href=\"https:\/\/www.tehy.fi\/fi\/system\/files\/mfiles\/julkaisu\/2017\/2017_f4_ammattina_hyva_hoito_ja_palvelu._pohdintoja_terveydenhuollon_etiikasta_id_8235.pdf\">booklet on ethics of health care<\/a>. Tehyn julkaisusarja F, 2017.<\/p>\n<p>-A paper on food and racism authored by Helena Siipi was published at the book Sinokki, J. (eds.) <a href=\"https:\/\/eetos.org\/2017\/01\/08\/eetos-18\/\">Rasismi ja filosofia<\/a>. Eetos-julkaisuja, 2017.<\/p>\n<p>-A <a href=\"http:\/\/link.springer.com\/article\/10.1007\/s13347-016-0244-0\">paper on de-extinction<\/a> authored by Helena Siipi and Leonard Finkelma was published as online first (2017) <em>Philosophy and Technology<\/em>. Online first.\u00a0DOI: 10.1007\/s13347-016-0244-0<\/p>\n<p>-A paper on biodiversity and human-modified entities by Helena Siipi was published in Garson, J., Plutynski, A., and Sarkar, S. (Eds.), <em>Routledge Handbook of Philosophy of Biodiversity<\/em>. London: Routledge, pp. 125-138.<\/p>\n<p>-Participant (Juha R\u00e4ikk\u00e4) in the \u00a0<em><a href=\"http:\/\/blogs.helsinki.fi\/reconfprivacy\/esimerkkisivu\/\">Refiguring Privacy<\/a>\u00a0<\/em>project.<\/p>\n<p>-Participant (Juha R\u00e4ikk\u00e4) in an international interdisciplinary research project <a href=\"https:\/\/uit.no\/prosjekter\/prosjekt?p_document_id=490770\"><em>Globalizing Minority Rights<\/em><\/a> (GMR, 2016-2020), which is funded by The Research Council of Norway. One project theme is concerned with the living conditions of Arctic areas.<\/p>\n<p>-Participant (Juha R\u00e4ikk\u00e4) in a transnational cooperation and research project <a href=\"http:\/\/conspiracytheories.eu\"><em>Comparative Analysis of Conspiracy Theories<\/em><\/a> (COMPACT). The project themes include, for example, GMO conspiracies and reasons for opposition to vaccines.<\/p>\n<p>-A chapter on ethical and legal rules of the game in genome editing authored by Marko Ahteensuu was published as part of a book, <em><a href=\"https:\/\/verkkokauppa.duodecim.fi\/6816.html\">Kiehtovat geenit: mihin geenitietoa k\u00e4ytet\u00e4\u00e4n?<\/a>\u00a0<\/em>(2017), on genes and genetechnology published in Finnish by the Finnish Medical Society Duodecim.<\/p>\n<p>-A book, <a href=\"http:\/\/www.unipressglobal.com\/fi\/filosofia\/444-ihmisen-epataydellisyydesta-ja-muita-kirjoituksia-9789515795083.html\"><em>Ihmisen ep\u00e4t\u00e4ydellisyydest\u00e4 ja muita kirjoituksia<\/em><\/a> (2017), in Finnish written by Juha R\u00e4ikk\u00e4 was published by UniPress. Several chapters discuss bioethical issues.<\/p>\n<p>-Marko Ahteensuu presented his work on <a href=\"https:\/\/www.academia.edu\/34277791\/Genome_Editing_and_Species_Conservation_Aims_Naturalness_in_Facilitated_Adaptation_and_Assisted_Migration\">genome editing and species conservation aims<\/a> at an international conference,\u00a0<a href=\"http:\/\/www.csb.eu.com\/conference\/\"><em>Genome Editing: Biomedical and Ethical Perspectives<\/em><\/a>, Belgrade, Serbia, 20.-21.8.2017.<\/p>\n<p>-Marko Ahteensuu presented his work on <a href=\"https:\/\/www.academia.edu\/34277775\/Genome_Editing_Outside_Professional_Settings_New_Challenges_to_Governance\">genome editing outside institutional contexts<\/a> at an international conference,\u00a0<a href=\"http:\/\/www.espmh.org\"><em>31<sup>st<\/sup> Conference of the European Society for Philosophy of Medicine and Health Care<\/em><\/a>, Belgrade, Serbia, 16.-19.8.2017.<\/p>\n<p>-Tiia Sudenkaarne presented at <em><a href=\"https:\/\/www.ndph.ox.ac.uk\/upcoming-events\/oxford-global-health-and- bioethics-international-conference-17th-18th-july-2017\">Oxford Global Health and Bioethics<\/a><\/em> conference organized by University of Oxford Ethox July 17, 2017. Her title was <em>A Womb of One&#8217;s Own? Feminist and Queer Bioethical Inquiries into Justice and Vulnerability in Surrogacy.<\/em><\/p>\n<p>-Tiia Sudenkaarne presented on an invitation- only panel at the <a href=\"http:\/\/ialmh.org\/congress\/prague-2017\/\"><em>XXXV<sup>th<\/sup> International Congress on Law and Mental Health<\/em> <\/a>held at Charles University July 14, 2017. The conference featured a panel on LGBT bioethics for the first time in its history.<\/p>\n<p>-A popular text on research ethics authored by Helena Siipi was publish at the <a href=\"https:\/\/blogit.utu.fi\/utu\/\">blog of the University of Turku<\/a> 18.4.2017.<\/p>\n<p>-Helena Siipi presented her work on undocumented migrants&#8217; access to health care from the perspective of theories of ethics at an international conference, UNESCO Chair in Bioethics 12th World Conference: Bioethics, medical ethics and health law. Limassol, Cyprus. 21. \u2013 23.3.2017.<\/p>\n<p>-Tiia Sudenkaarne presented at <a href=\"http:\/\/uehiropc.wixsite.com\/2017\"><em>Oxford Uehiro Graduate Student Conference<\/em><\/a> in University of Hawaii Manoa March 16, 2017, on feminist and queer bioethical entanglements.<\/p>\n<p>-A <a href=\"http:\/\/rdcu.be\/osqz\">paper on biosecurity of synthetic biology and genome editing<\/a> authored by Marko Ahteensuu was published as online first (2017) in <em>Science and Engineering Ethics<\/em>.<\/p>\n<p>-A co-authored (H\u00e4llfors, M.H., Vaara, E.M., Ahteensuu, M., Kokko, K., Oksanen, M. &amp; Schulman, L.E.) encyclopedia article on assisted migration\u00a0as a conservation approach under climate change\u00a0was published online in Elsevier\u2019s <a href=\"https:\/\/www.elsevier.com\/books\/encyclopedia-of-the-anthropocene\/dellasala\/978-0-12-809665-9\"><em>Encyclopedia of the Anthropocene<\/em><\/a>\u00a0(2017).<\/p>\n<p>-A co-authored (R\u00e4ikk\u00e4, J. &amp; Ahteensuu, M.) <a href=\"http:\/\/www.sciencedirect.com\/science\/article\/pii\/S2352552516300652\">paper on forgiveness, tolerance, and genetic Enhancement<\/a> was published in\u00a0<em>Ethics, Medicine and Public Health\u00a0<\/em>(2016).<\/p>\n<p>&nbsp;<\/p>\n","protected":false},"excerpt":{"rendered":"<p>&nbsp; -Marko\u00a0Ahteensuu presented \u201dBiosecurity of Synthetic Biology and Genome Editing\u201d, at the 3rd Nordic Chapter Conference Risk and Security, Society for Risk Analysis (SRA) Nordic Chapter, Aalto University, Espoo, Finland, 2-3.11.2017. -Tiia Sudenkaarne, Secretary, Society for Queer Studies in Finland &hellip; <a href=\"https:\/\/blogit.utu.fi\/bioethics\/activities\/\">Continue reading <span class=\"meta-nav\">&rarr;<\/span><\/a><\/p>\n","protected":false},"author":37,"featured_media":0,"parent":0,"menu_order":0,"comment_status":"closed","ping_status":"closed","template":"","meta":{"footnotes":""},"class_list":["post-227","page","type-page","status-publish","hentry"],"_links":{"self":[{"href":"https:\/\/blogit.utu.fi\/bioethics\/wp-json\/wp\/v2\/pages\/227","targetHints":{"allow":["GET"]}}],"collection":[{"href":"https:\/\/blogit.utu.fi\/bioethics\/wp-json\/wp\/v2\/pages"}],"about":[{"href":"https:\/\/blogit.utu.fi\/bioethics\/wp-json\/wp\/v2\/types\/page"}],"author":[{"embeddable":true,"href":"https:\/\/blogit.utu.fi\/bioethics\/wp-json\/wp\/v2\/users\/37"}],"replies":[{"embeddable":true,"href":"https:\/\/blogit.utu.fi\/bioethics\/wp-json\/wp\/v2\/comments?post=227"}],"version-history":[{"count":38,"href":"https:\/\/blogit.utu.fi\/bioethics\/wp-json\/wp\/v2\/pages\/227\/revisions"}],"predecessor-version":[{"id":621,"href":"https:\/\/blogit.utu.fi\/bioethics\/wp-json\/wp\/v2\/pages\/227\/revisions\/621"}],"wp:attachment":[{"href":"https:\/\/blogit.utu.fi\/bioethics\/wp-json\/wp\/v2\/media?parent=227"}],"curies":[{"name":"wp","href":"https:\/\/api.w.org\/{rel}","templated":true}]}}