{"id":649,"date":"2018-02-15T07:08:44","date_gmt":"2018-02-15T07:08:44","guid":{"rendered":"https:\/\/blogit.utu.fi\/bioethics\/?page_id=649"},"modified":"2018-03-14T19:17:53","modified_gmt":"2018-03-14T19:17:53","slug":"reproductive-rights-ethics-and-politics","status":"publish","type":"page","link":"https:\/\/blogit.utu.fi\/bioethics\/activities\/reproductive-rights-ethics-and-politics\/","title":{"rendered":"Reproductive Rights, Ethics and Politics"},"content":{"rendered":"<p><em>March 28, 2018<\/em><\/p>\n<p><em>University of Turku<\/em><\/p>\n<p><em>Publicum, Assistentinkatu 7, hall PUB1<\/em><\/p>\n<p>Center for the Study of Bioethics Finland, Rainbow Families Finland and University of Turku Philosophy, supported by Turku University Foundation, organize a <a href=\"https:\/\/blogit.utu.fi\/bioethics\/wp-content\/uploads\/sites\/119\/2018\/02\/rrights-textBW-copy.jpg\">one day seminar on reproduction rights, ethics and politics<\/a>. We are delighted to host cutting-edge research interrogating kinship, justice and equality, among other issues, with assisted reproduction services, a globally growing market.<\/p>\n<p>A key practice featuring several crucial research themes is surrogacy, an arrangement where a woman carries a baby that is not her genetic offspring for intended parents. One way\u00a0 to tackle and theorize commercialism in surrogacy is not to focus on the commercialist motivation of the surrogate in deciding on ethicality of the practice. Especially surrogates in the Global South tend to get either demonized as purveyors of so-called commercial motherhood or patronized as mindless victims by white, middle-class academic feminism\u2212. Instead, one approach is to analyze surrogacy as work and discuss the just distribution of the profits gained from this reproductive work. Most definitely, the key commercial players in the current, global reproductive game are not the surrogates. Hence it is ethically dubious and moral hedging to not place the transnational healthcare companies in the hot seat when deciding on the morality of commercial surrogacy practices. Conditioning surrogacy as motherhood and simultaneously linking unethical commercialism to the surrogate\u2019s motives shows insufficient understanding of how motherhood is used to manipulate women in bioethical settings (it is used very similarly in both commercial and so-called altruistic surrogacy practices; most grossly in the former, it used\u00a0 as a controlling discourse keeping surrogates at bay). Targeting surrogates\u2019 motives as the defining elements of commercialism also displays insufficient regard to social and global justice: many women work as surrogates for various reasons, some because it is the best choice out of bad ones, but still, albeit controversially, offering many of them ways to improve their otherwise destitute lives.\u00a0 A crucial connection to make and explore is that banning surrogacy in countries with high reproductive healthcare and relatively low income differences benefits the extremely exploitative mechanics of reproductive colonialism. Setting the so-called altruistic motive as the only one possible for the ethical surrogate, she is categorically excluded from benefitting from her reproductive work. What are the ethical justifications making the surrogates the only ones not entitled to benefit from their reproductive work as others (the brokers, the clinics, the stock holders of multinational healthcare companies) so obviously are entitled to these profits from their reproductive work?<\/p>\n<p>Finland has stipulated a total ban on surrogacy since 2007. After a decade of abolition policy, an ethical account of its success is needed. To evaluate the total ban, we have invited a panel of Finnish experts to discuss the ethics and politics of surrogacy. Is it possible to find ethically sustainable surrogacy legislation and\u00a0 practices? The panel will be held in Finnish. All speakers present in English.<\/p>\n<p>Keynote speaker of the seminar is Prof. Amrita Pande, author of <em>Wombs in Labor: Transnational Commercial Surrogacy in India <\/em>(2014: Columbia University Press). She teaches in the Sociology department at University of Cape Town. Her research focuses on the intersection of globalization and intimacy. Her highly influential work on surrogacy has appeared in several leading journals and in numerous edited volumes and newspapers. She is currently involved in a large research project mapping \u201cglobal fertility flows\u201d\u00a0 \u2014 flows of reproductive actors, laborers, bodies and substances (eggs, sperms, embryos) that connect the world in unexpected ways.<\/p>\n<p>Please find further information on all the <a href=\"https:\/\/blogit.utu.fi\/bioethics\/wp-content\/uploads\/sites\/119\/2018\/02\/RREP_Speakers_FINAL2.pdf\">speakers<\/a> and <a href=\"https:\/\/blogit.utu.fi\/bioethics\/wp-content\/uploads\/sites\/119\/2018\/03\/RREP_Panelists-2.pdf\">panelists<\/a> here.<\/p>\n<p>Tea and coffee will be provided by the courtesy of Rainbow Families Finland.<\/p>\n<p>NOTE: Please sing up <a href=\"https:\/\/link.webropolsurveys.com\/S\/A70F6744E5420E24\">here<\/a> to be included in the catering.<\/p>\n<p>Students of sociology and philosophy can get student credit from attendance by using Luentopassi.<\/p>\n<p>&nbsp;<\/p>\n<p><a href=\"https:\/\/blogit.utu.fi\/bioethics\/wp-content\/uploads\/sites\/119\/2018\/02\/RREP_Program_ULTIMATEFINAL.pdf\"><em>PROGRAM <\/em><\/a>(ohjelma suomeksi <a href=\"https:\/\/blogit.utu.fi\/bioethics\/wp-content\/uploads\/sites\/119\/2018\/03\/RREP_Ohjelma_Suomi.pdf\">t\u00e4\u00e4lt\u00e4<\/a>)<\/p>\n<p>9.00\u00a0 Helena Siipi, University of Turku\/Center for the Study of Bioethics Finland: Welcome<\/p>\n<p>9:05\u00a0 Daniela Cutas\u00a0 (Umaja University): Dangerous Liaisons: Parents,\u00a0Children, and Third Party Reproduction<\/p>\n<p>9:30\u00a0 Lise Eriksson (\u00c5bo Academi): Representations of Kinship and\u00a0Parenthood in\u00a0Surrogacy Families in Finland<\/p>\n<p>9.55\u00a0 Rapid Q&amp;A<\/p>\n<p>10.00-10.10\u00a0 Break<\/p>\n<p>10.10\u00a0 Doris Leibetseder (University of Uppsala): QT Reproduction: Queer and\u00a0Transgender Use of Assisted Reproductive Technologies<\/p>\n<p>10.35\u00a0 Mwenza Blell (University of Cambridge): Suspicion in the Clinical\u00a0Encounter: British Pakistani Muslim Men&#8217;s (In)Fertility and the Welfare of the Child<\/p>\n<p>11.00 \u00a0Q&amp;A Discussion for All Speakers<\/p>\n<p>11.45\u201313.15\u00a0 Lunch (not provided)<\/p>\n<p>13.15\u00a0 Sanna Koulu (University of Lapland): Children&#8217;s Rights and Normative Families in the Case Law on Assisted Reproduction<\/p>\n<p>13.45\u00a0\u00a0Keynote Amrita Pande (Univerisity of Cape Town): Wombs in Labor and the\u00a0Paradox of Cross Border Commercial Surrogacy<\/p>\n<p>14.45\u00a0 Q&amp;A Discussion<\/p>\n<p>15.15\u201315.45\u00a0 Coffee and Tea served in the Publicum lobby (remember to sing-up for\u00a0catering)<\/p>\n<p>15.45 \u201317.15\u00a0 Panel: Surrogacy Ethics, Policy and Politics in Finland (IN FINNISH)<\/p>\n<p>17.15\u00a0 Closing Remarks<\/p>\n<p>&nbsp;<\/p>\n<p><em>Panelists<\/em><\/p>\n<p>J.S.D, Ministerial Advisor Riitta Burrell\/ University of Helsinki, Ministry of Social Affairs and Health<\/p>\n<p>DrSocSc, University Lecturer Linda Hart\/University of Turku Sociology<\/p>\n<p>Executive Director Juha J\u00e4ms\u00e4,\/Rainbow Families Finland<\/p>\n<p>PhD,\u00a0 Project Leader Anna Moring\/ Network of Family Diversity<\/p>\n<p>Activist Carolina Nysten, Kohtuuttomat ry (a non-governmental organization for women with uterus-related infertility)<\/p>\n<p>PhD, University Lecturer, Research Fellow Salla Sariola\/University of Turku Sociology; Nuffield Department of Population Health, University of Oxford<\/p>\n<p>PhD, Docent Tuija Takala\/ University of Helsinki Practical Philosophy<\/p>\n<p><em>Moderators<\/em><\/p>\n<p>LLM Marjo Rantala, Doctoral Student\/University of Helsinki Law<\/p>\n<p>MSocSc, MA Tiia Sudenkaarne, Doctoral Student\/University of Turku Practical Philosophy<\/p>\n<p>&nbsp;<\/p>\n<p>Please see the seminar on <a href=\"https:\/\/www.facebook.com\/events\/1550981551637804\/?active_tab=about\">Facebook<\/a>.<\/p>\n<p>&nbsp;<\/p>\n","protected":false},"excerpt":{"rendered":"<p>March 28, 2018 University of Turku Publicum, Assistentinkatu 7, hall PUB1 Center for the Study of Bioethics Finland, Rainbow Families Finland and University of Turku Philosophy, supported by Turku University Foundation, organize a one day seminar on reproduction rights, ethics &hellip; <a href=\"https:\/\/blogit.utu.fi\/bioethics\/activities\/reproductive-rights-ethics-and-politics\/\">Continue reading <span class=\"meta-nav\">&rarr;<\/span><\/a><\/p>\n","protected":false},"author":37,"featured_media":0,"parent":227,"menu_order":0,"comment_status":"closed","ping_status":"closed","template":"","meta":{"footnotes":""},"class_list":["post-649","page","type-page","status-publish","hentry"],"_links":{"self":[{"href":"https:\/\/blogit.utu.fi\/bioethics\/wp-json\/wp\/v2\/pages\/649","targetHints":{"allow":["GET"]}}],"collection":[{"href":"https:\/\/blogit.utu.fi\/bioethics\/wp-json\/wp\/v2\/pages"}],"about":[{"href":"https:\/\/blogit.utu.fi\/bioethics\/wp-json\/wp\/v2\/types\/page"}],"author":[{"embeddable":true,"href":"https:\/\/blogit.utu.fi\/bioethics\/wp-json\/wp\/v2\/users\/37"}],"replies":[{"embeddable":true,"href":"https:\/\/blogit.utu.fi\/bioethics\/wp-json\/wp\/v2\/comments?post=649"}],"version-history":[{"count":14,"href":"https:\/\/blogit.utu.fi\/bioethics\/wp-json\/wp\/v2\/pages\/649\/revisions"}],"predecessor-version":[{"id":725,"href":"https:\/\/blogit.utu.fi\/bioethics\/wp-json\/wp\/v2\/pages\/649\/revisions\/725"}],"up":[{"embeddable":true,"href":"https:\/\/blogit.utu.fi\/bioethics\/wp-json\/wp\/v2\/pages\/227"}],"wp:attachment":[{"href":"https:\/\/blogit.utu.fi\/bioethics\/wp-json\/wp\/v2\/media?parent=649"}],"curies":[{"name":"wp","href":"https:\/\/api.w.org\/{rel}","templated":true}]}}