{"id":248,"date":"2017-12-14T12:01:15","date_gmt":"2017-12-14T12:01:15","guid":{"rendered":"https:\/\/blogit.utu.fi\/bugs\/cases\/"},"modified":"2018-01-30T12:24:35","modified_gmt":"2018-01-30T10:24:35","slug":"cases","status":"publish","type":"page","link":"https:\/\/blogit.utu.fi\/bugs\/cases\/","title":{"rendered":"Tietoa osallistujille"},"content":{"rendered":"<p><strong>Tietoa osallistujille<\/strong><\/p>\n<p>Sosiaalitieteelliseen tutkimukseen voivat osallistua sek\u00e4 rokotetutkimukseen osallistuvat ett\u00e4 kyseiselle matkalle esimerkiksi seuralaisina l\u00e4htev\u00e4t suomalaiset. Osallistujat matkustavat Grand-Popon kyl\u00e4\u00e4n, joka sijaitsee Beniniss\u00e4 L\u00e4nsi-Afrikassa. Noin kaksi kuukautta kest\u00e4v\u00e4 tutkimus k\u00e4sitt\u00e4\u00e4 kyselyn ennen matkaa ja matkan aikana\/matkan j\u00e4lkeen. Lis\u00e4ksi osaa matkailijoista haastatellaan matkaa ennen, matkan aikana ja j\u00e4lkeen, heid\u00e4n oman suostumuksensa ja ajallisten mahdollisuuksiensa mukaan. Joillakin matkoilla sosiologit ovat havainnoimassa matkan kulkua, ja osallistujat voivat t\u00e4ll\u00f6in antaa suostumuksensa sosiologiseen tarkkailuun.<\/p>\n<p>Sosiologiseen tutkimukseen osallistuminen on t\u00e4ysin vapaaehtoista l\u00e4\u00e4ketutkimukseen osallistujille. Tutkimuksesta voi kielt\u00e4yty\u00e4, ja osallistumisen voi keskeytt\u00e4\u00e4 tai peruuttaa syyt\u00e4 ilmoittamatta miss\u00e4 vaiheessa tahansa ilman, ett\u00e4 siit\u00e4 koituu osallistujalle mink\u00e4\u00e4nlaista vahinkoa. Tutkittavien anonymiteettia suojellaan tarkoin, ja tutkittavista ker\u00e4tt\u00e4vi\u00e4 tietoja k\u00e4sitell\u00e4\u00e4n siten, ettei henkil\u00f6llisyytt\u00e4 pystyt\u00e4 tunnistamaan tutkimustuloksista, selvityksist\u00e4 tai julkaisuista.<\/p>\n<p><a href=\"https:\/\/blogit.utu.fi\/bugs\/wp-content\/uploads\/sites\/133\/2018\/01\/Tiedote_Beniniin_matkaavalle_OEV123-1.pdf\" target=\"_blank\" rel=\"noopener\"><strong>Tiedote_Beniniin_matkaavalle_OEV123-1<\/strong><\/a><\/p>\n<p><a href=\"https:\/\/blogit.utu.fi\/bugs\/cases\/julkaisut\/\"><strong>Julkaisut<\/strong><\/a><\/p>\n","protected":false},"excerpt":{"rendered":"<p>Tietoa osallistujille Sosiaalitieteelliseen tutkimukseen voivat osallistua sek\u00e4 rokotetutkimukseen osallistuvat ett\u00e4 kyseiselle matkalle esimerkiksi seuralaisina l\u00e4htev\u00e4t suomalaiset. Osallistujat matkustavat Grand-Popon kyl\u00e4\u00e4n, joka sijaitsee Beniniss\u00e4 L\u00e4nsi-Afrikassa. Noin kaksi kuukautta kest\u00e4v\u00e4 tutkimus k\u00e4sitt\u00e4\u00e4 kyselyn ennen matkaa ja matkan aikana\/matkan j\u00e4lkeen. Lis\u00e4ksi osaa matkailijoista haastatellaan matkaa ennen, matkan aikana ja j\u00e4lkeen, heid\u00e4n oman suostumuksensa ja ajallisten mahdollisuuksiensa mukaan. Joillakin [&hellip;]<\/p>\n","protected":false},"author":2159,"featured_media":410,"parent":0,"menu_order":0,"comment_status":"closed","ping_status":"closed","template":"","meta":{"footnotes":""},"class_list":["post-248","page","type-page","status-publish","has-post-thumbnail","czr-hentry"],"_links":{"self":[{"href":"https:\/\/blogit.utu.fi\/bugs\/wp-json\/wp\/v2\/pages\/248","targetHints":{"allow":["GET"]}}],"collection":[{"href":"https:\/\/blogit.utu.fi\/bugs\/wp-json\/wp\/v2\/pages"}],"about":[{"href":"https:\/\/blogit.utu.fi\/bugs\/wp-json\/wp\/v2\/types\/page"}],"author":[{"embeddable":true,"href":"https:\/\/blogit.utu.fi\/bugs\/wp-json\/wp\/v2\/users\/2159"}],"replies":[{"embeddable":true,"href":"https:\/\/blogit.utu.fi\/bugs\/wp-json\/wp\/v2\/comments?post=248"}],"version-history":[{"count":9,"href":"https:\/\/blogit.utu.fi\/bugs\/wp-json\/wp\/v2\/pages\/248\/revisions"}],"predecessor-version":[{"id":941,"href":"https:\/\/blogit.utu.fi\/bugs\/wp-json\/wp\/v2\/pages\/248\/revisions\/941"}],"wp:featuredmedia":[{"embeddable":true,"href":"https:\/\/blogit.utu.fi\/bugs\/wp-json\/wp\/v2\/media\/410"}],"wp:attachment":[{"href":"https:\/\/blogit.utu.fi\/bugs\/wp-json\/wp\/v2\/media?parent=248"}],"curies":[{"name":"wp","href":"https:\/\/api.w.org\/{rel}","templated":true}]}}