{"id":260,"date":"2017-12-14T12:01:15","date_gmt":"2017-12-14T12:01:15","guid":{"rendered":"https:\/\/blogit.utu.fi\/bugs\/about-inner\/"},"modified":"2018-03-02T22:13:49","modified_gmt":"2018-03-02T20:13:49","slug":"about-inner","status":"publish","type":"page","link":"https:\/\/blogit.utu.fi\/bugs\/about-inner\/","title":{"rendered":"Mit\u00e4 me teemme"},"content":{"rendered":"<p><a href=\"https:\/\/blogit.utu.fi\/bugs\/about-inner\/projekti-1-matkailuterveyden-ja-rokotetutkimuksen-sosiaaliset-ulottuvuudet\/\"><strong>Projekti 1: Matkailuterveyden ja rokotetutkimuksen sosiaaliset ulottuvuudet<\/strong><\/a><\/p>\n<p>Hanke seuraa suomalais-kansainv\u00e4lisen rokotetutkimuksen kulkua Suomessa ja Beniniss\u00e4, l\u00e4nsi-Afrikassa. Kyseinen ripulirokotetutkimus on harvinaisen suuri kooltaan suomalaisen l\u00e4\u00e4ketieteen mittapuulla, ja yhdist\u00e4\u00e4 poikkeuksellisia toimijoita: suomalaiset turistit tutkittavina, kansainv\u00e4linen l\u00e4\u00e4ketehdas Scandinavian Biopharma, filantrooppinen sponsori Bill ja Melinda Gatesin s\u00e4\u00e4ti\u00f6, sek\u00e4 suomalais-beninil\u00e4inen kulttuurikeskus Villa Karo Beniniss\u00e4. Sosiologisen projektin tavoite on tutkia seurata kokeen kulkua, turistien kokemuksia osallistujina, sek\u00e4 kokeen vaikutuksia kyl\u00e4ss\u00e4 ja Villa Karon toiminnassa. Perustuen etnografiseen kentt\u00e4ty\u00f6h\u00f6n, hanke luo lis\u00e4\u00e4 tietoa siit\u00e4 kuinka kansainv\u00e4lisi\u00e4 l\u00e4\u00e4kekokeita tehd\u00e4\u00e4n kehittyviss\u00e4 maissa.<\/p>\n<p><a href=\"https:\/\/blogit.utu.fi\/bugs\/about-inner\/projekti-2-nimi\/\"><strong>Projekti 2:\u00a0 AMRn esiintyminen, l\u00e4hteet ja ehk\u00e4siy l\u00e4nsi-Afrikassa\u00a0 <\/strong><\/a><\/p>\n<p>Antibiootit ovat mahdollistaneet ihmisten elini\u00e4n pitenemisen ja terveemm\u00e4n el\u00e4m\u00e4n. Antimikrobiresistenssi, eli bakteerien vastustuskyky antibioteille, on kuitenkin kasvava ongelma, erityisesti kehittyviss\u00e4 maissa. Mikrobiologisin, kliinisin ja sosiologisin menetelmin toteutettavassa projektissa tarkastellaan erityisesti k\u00f6yhi\u00e4 l\u00e4nsi-Afrikan maita, alueita joissa paikallinen kapasiteetti seurata AMR\u00e4 on heikointa maailmassa. Projekti lis\u00e4\u00e4 ymm\u00e4rryst\u00e4 siit\u00e4, miten AMR geenit levi\u00e4v\u00e4t ja kuinka AMRn levi\u00e4mist\u00e4 voi ehk\u00e4ist\u00e4.<\/p>\n<p>Sosiologisessa osahankkeessa ker\u00e4t\u00e4\u00e4n osallistavan tutkimuksen ja visuaalisten menetelmien keinoin tietoa AMR:\u00e4n liittyvist\u00e4 k\u00e4yt\u00e4nteist\u00e4 ja luodaan uutta tietoa paikallisten yhteis\u00f6jen tarpeisiin.<\/p>\n<p>&nbsp;<\/p>\n<p>&nbsp;<\/p>\n<p>&nbsp;<\/p>\n","protected":false},"excerpt":{"rendered":"<p>Projekti 1: Matkailuterveyden ja rokotetutkimuksen sosiaaliset ulottuvuudet Hanke seuraa suomalais-kansainv\u00e4lisen rokotetutkimuksen kulkua Suomessa ja Beniniss\u00e4, l\u00e4nsi-Afrikassa. Kyseinen ripulirokotetutkimus on harvinaisen suuri kooltaan suomalaisen l\u00e4\u00e4ketieteen mittapuulla, ja yhdist\u00e4\u00e4 poikkeuksellisia toimijoita: suomalaiset turistit tutkittavina, kansainv\u00e4linen l\u00e4\u00e4ketehdas Scandinavian Biopharma, filantrooppinen sponsori Bill ja Melinda Gatesin s\u00e4\u00e4ti\u00f6, sek\u00e4 suomalais-beninil\u00e4inen kulttuurikeskus Villa Karo Beniniss\u00e4. Sosiologisen projektin tavoite on tutkia seurata [&hellip;]<\/p>\n","protected":false},"author":2159,"featured_media":467,"parent":0,"menu_order":0,"comment_status":"closed","ping_status":"closed","template":"","meta":{"footnotes":""},"class_list":["post-260","page","type-page","status-publish","has-post-thumbnail","czr-hentry"],"_links":{"self":[{"href":"https:\/\/blogit.utu.fi\/bugs\/wp-json\/wp\/v2\/pages\/260","targetHints":{"allow":["GET"]}}],"collection":[{"href":"https:\/\/blogit.utu.fi\/bugs\/wp-json\/wp\/v2\/pages"}],"about":[{"href":"https:\/\/blogit.utu.fi\/bugs\/wp-json\/wp\/v2\/types\/page"}],"author":[{"embeddable":true,"href":"https:\/\/blogit.utu.fi\/bugs\/wp-json\/wp\/v2\/users\/2159"}],"replies":[{"embeddable":true,"href":"https:\/\/blogit.utu.fi\/bugs\/wp-json\/wp\/v2\/comments?post=260"}],"version-history":[{"count":16,"href":"https:\/\/blogit.utu.fi\/bugs\/wp-json\/wp\/v2\/pages\/260\/revisions"}],"predecessor-version":[{"id":973,"href":"https:\/\/blogit.utu.fi\/bugs\/wp-json\/wp\/v2\/pages\/260\/revisions\/973"}],"wp:featuredmedia":[{"embeddable":true,"href":"https:\/\/blogit.utu.fi\/bugs\/wp-json\/wp\/v2\/media\/467"}],"wp:attachment":[{"href":"https:\/\/blogit.utu.fi\/bugs\/wp-json\/wp\/v2\/media?parent=260"}],"curies":[{"name":"wp","href":"https:\/\/api.w.org\/{rel}","templated":true}]}}