{"id":449,"date":"2017-12-15T13:52:13","date_gmt":"2017-12-15T13:52:13","guid":{"rendered":"https:\/\/blogit.utu.fi\/bugs\/?page_id=449"},"modified":"2018-01-30T12:21:11","modified_gmt":"2018-01-30T10:21:11","slug":"salla-sariola","status":"publish","type":"page","link":"https:\/\/blogit.utu.fi\/bugs\/contact-us-inner\/salla-sariola\/","title":{"rendered":"Salla Sariola"},"content":{"rendered":"<p><img loading=\"lazy\" decoding=\"async\" class=\" wp-image-529 alignleft\" src=\"https:\/\/blogit.utu.fi\/bugs\/wp-content\/uploads\/sites\/133\/2017\/12\/Salla-Sariola-small-205x300.jpg\" alt=\"\" width=\"148\" height=\"216\" srcset=\"https:\/\/blogit.utu.fi\/bugs\/wp-content\/uploads\/sites\/133\/2017\/12\/Salla-Sariola-small-205x300.jpg 205w, https:\/\/blogit.utu.fi\/bugs\/wp-content\/uploads\/sites\/133\/2017\/12\/Salla-Sariola-small.jpg 341w\" sizes=\"auto, (max-width: 148px) 100vw, 148px\" \/>Salla Sariola on sosiologian lehtori Turun yliopistossa (2015-) sek\u00e4 vanhempi tutkija Ethox-nimisess\u00e4 tutkimusryhm\u00e4ss\u00e4 Oxfordin yliopistossa. Sariola on kiinnostunut l\u00e4\u00e4ketieteen sosiaalitutkimuksesta, ja tutkimuksessaan h\u00e4n on tarkastellut kansainv\u00e4listen terveysinterventioiden ja l\u00e4\u00e4ketutkimuksen politiikkaa ja etiikkaa. Toinen Sariolan keskeinen kiinnostuksen kohde on sukupuoli ja seksuaalisuus, ja h\u00e4n on tutkinut seksity\u00f6t\u00e4 tekevi\u00e4 naisia etel\u00e4-Intiassa, pyrkien etnografiassaan <em>Gender and Sexuality: Selling Sex in Chennai<\/em> laajentamaan sosiaalista ymm\u00e4rryst\u00e4 naisten el\u00e4m\u00e4st\u00e4 ja kokemuksista vastapainona l\u00e4\u00e4ketieteelliselle diskurssille, jolla heist\u00e4 yleens\u00e4 kirjoitetaan. T\u00e4ll\u00e4 hetkell\u00e4 Sariola on kiinnostunut terveyteen, sukupuoleen ja seksuaalisuuteen liittyv\u00e4st\u00e4 kansalaisaktivismista, jota h\u00e4n on tutkinut Intiassa ja Keniassa. Lis\u00e4ksi Sariola on toiminut <a href=\"http:\/\/sciencetechnologystudies.org\" target=\"_blank\" rel=\"noopener\"><em>Science and Technology Studies<\/em><\/a> -lehden p\u00e4\u00e4toimittajana tammikuusta 2016 alkaen.<\/p>\n","protected":false},"excerpt":{"rendered":"<p>Salla Sariola on sosiologian lehtori Turun yliopistossa (2015-) sek\u00e4 vanhempi tutkija Ethox-nimisess\u00e4 tutkimusryhm\u00e4ss\u00e4 Oxfordin yliopistossa. Sariola on kiinnostunut l\u00e4\u00e4ketieteen sosiaalitutkimuksesta, ja tutkimuksessaan h\u00e4n on tarkastellut kansainv\u00e4listen terveysinterventioiden ja l\u00e4\u00e4ketutkimuksen politiikkaa ja etiikkaa. Toinen Sariolan keskeinen kiinnostuksen kohde on sukupuoli ja seksuaalisuus, ja h\u00e4n on tutkinut seksity\u00f6t\u00e4 tekevi\u00e4 naisia etel\u00e4-Intiassa, pyrkien etnografiassaan Gender and Sexuality: Selling [&hellip;]<\/p>\n","protected":false},"author":4787,"featured_media":0,"parent":287,"menu_order":0,"comment_status":"closed","ping_status":"closed","template":"","meta":{"footnotes":""},"class_list":["post-449","page","type-page","status-publish","czr-hentry"],"_links":{"self":[{"href":"https:\/\/blogit.utu.fi\/bugs\/wp-json\/wp\/v2\/pages\/449","targetHints":{"allow":["GET"]}}],"collection":[{"href":"https:\/\/blogit.utu.fi\/bugs\/wp-json\/wp\/v2\/pages"}],"about":[{"href":"https:\/\/blogit.utu.fi\/bugs\/wp-json\/wp\/v2\/types\/page"}],"author":[{"embeddable":true,"href":"https:\/\/blogit.utu.fi\/bugs\/wp-json\/wp\/v2\/users\/4787"}],"replies":[{"embeddable":true,"href":"https:\/\/blogit.utu.fi\/bugs\/wp-json\/wp\/v2\/comments?post=449"}],"version-history":[{"count":6,"href":"https:\/\/blogit.utu.fi\/bugs\/wp-json\/wp\/v2\/pages\/449\/revisions"}],"predecessor-version":[{"id":932,"href":"https:\/\/blogit.utu.fi\/bugs\/wp-json\/wp\/v2\/pages\/449\/revisions\/932"}],"up":[{"embeddable":true,"href":"https:\/\/blogit.utu.fi\/bugs\/wp-json\/wp\/v2\/pages\/287"}],"wp:attachment":[{"href":"https:\/\/blogit.utu.fi\/bugs\/wp-json\/wp\/v2\/media?parent=449"}],"curies":[{"name":"wp","href":"https:\/\/api.w.org\/{rel}","templated":true}]}}