{"id":815,"date":"2018-01-23T12:32:25","date_gmt":"2018-01-23T10:32:25","guid":{"rendered":"https:\/\/blogit.utu.fi\/bugs\/?page_id=815"},"modified":"2018-01-30T14:03:10","modified_gmt":"2018-01-30T12:03:10","slug":"projekti-1-matkailuterveyden-ja-rokotetutkimuksen-sosiaaliset-ulottuvuudet","status":"publish","type":"page","link":"https:\/\/blogit.utu.fi\/bugs\/about-inner\/projekti-1-matkailuterveyden-ja-rokotetutkimuksen-sosiaaliset-ulottuvuudet\/","title":{"rendered":"Projekti 1: Matkailuterveyden ja rokotetutkimuksen sosiaaliset ulottuvuudet"},"content":{"rendered":"<p><strong>Projekti 1: Matkailuterveyden ja rokotetutkimuksen sosiaaliset ulottuvuudet, Suomi-Benin<br \/>\n<\/strong><\/p>\n<p>Projektissa tarkastellaan suomalais-kansainv\u00e4list\u00e4 L\u00e4nsi-Afrikan Beniniss\u00e4 Helsingin yliopiston ja Scandinavian Biopharman toteuttamaa rokotetutkimusta\u00a0(ks. <a href=\"https:\/\/tutkimusmatka.com\/\" target=\"_blank\" rel=\"noopener\">tutkimusmatka.com<\/a>). Rokotetutkimusta varten noin 800 suomalaista tutkimukseen osallistujaa matkustaa kahden viikon ajaksi Beninin Grand-Popoon, jossa sijaitsee my\u00f6s matkan j\u00e4rjest\u00e4miseen osallistuvan Villa Karon kulttuurikeskus ja taitelijaresidenssi (<a href=\"http:\/\/www.villakaro.org\/\" target=\"_blank\" rel=\"noopener\">villakaro.org<\/a>).<\/p>\n<p>Tarkoituksena on ker\u00e4t\u00e4 tietoa rokotetutkimusta ymp\u00e4r\u00f6ivist\u00e4 ja sen mahdollistavista sosiaalisista suhteista vapaaehtoisten osallistujien, tutkijoiden sek\u00e4 paikallisen yhteiskunnan n\u00e4k\u00f6kulmista. Pyrimmekin nostamaan tutkimukseen osallistuvien matkailijoiden ja ymp\u00e4r\u00f6iv\u00e4n yhteis\u00f6n kokemukset keski\u00f6\u00f6n, sek\u00e4 tarkastelemaan l\u00e4\u00e4kekokeen ja matkailun yhteis\u00f6llisi\u00e4 vaikutuksia Beniniss\u00e4.<\/p>\n<p>Projektin l\u00e4ht\u00f6kohta on, ett\u00e4 monitieteinen tutkimus ja erityisesti l\u00e4\u00e4ketutkimuksen yhteisty\u00f6 sosiaalitieteilij\u00f6iden kanssa lis\u00e4\u00e4 l\u00e4\u00e4ketieteellisen tutkimuksen eettisyytt\u00e4, sosiaalista vastuuta ja yhteiskunnallista merkitt\u00e4vyytt\u00e4, erityisesti kun tutkimusta tehd\u00e4\u00e4n kehittyviss\u00e4 maissa. Kysymme mm.<\/p>\n<p><em>Millaisia eettisi\u00e4 kysymyksi\u00e4 liittyy kehitysmaakontekstissa toteutettavaan l\u00e4\u00e4kekokeeseen? Millainen kokemus rokotetutkimukseen osallistuminen on suomalaiselle matkailijalle? Ent\u00e4 miksi matkalle l\u00e4hdet\u00e4\u00e4n? Millaisia sosiaalisia vaikutuksia tutkimuksella ja sen mukanaan tuomalla turismilla on paikalliseen yhteis\u00f6\u00f6n?<\/em><\/p>\n<p>&nbsp;<\/p>\n<p><strong>Taustaa<\/strong><\/p>\n<p>L\u00e4\u00e4ketieteelliseen tutkimukseen, organisaatioihin ja k\u00e4yt\u00e4nteisiin kohdistuva sosiologinen tutkimus tarkastelee kliinisten koe-asetelmien yhteen tuomia sosiaalisia ryhmi\u00e4; yhteis\u00f6j\u00e4, osallistujia ja tutkijoita. L\u00e4\u00e4ketieteellisten tutkimusten sosiaalisia vaikutuksia paikallisiin yhteis\u00f6ihin on kansainv\u00e4listen eettisten s\u00e4\u00e4d\u00f6sten mukaan aina seurattava, mutta sit\u00e4 pidet\u00e4\u00e4n ratkaisevana my\u00f6s kokeiden menestyksekk\u00e4\u00e4n toteutuksen n\u00e4k\u00f6kulmasta. Sosiaalitieteellinen tutkimus on osaltaan mukana ennakoimassa neuvottelujen, v\u00e4\u00e4rink\u00e4sitysten ja eettisten huolenaiheiden alueita.\u00a0 Koe-asetelmat, joissa keskityt\u00e4\u00e4n l\u00e4nsimaisiin matkailijoihin n\u00e4in rikkoen globaalien l\u00e4\u00e4kekokeiden valta-asetelmia, ovat harvinaisia ja siksi erityisen kiinnostuksen kohteena. L\u00e4\u00e4ketieteellisten ja sosiaalitieteellisten n\u00e4k\u00f6kulmien yhdist\u00e4minen voi johtaa rikkaampaan ymm\u00e4rrykseen ja tehokkaampaan globaaliin terveyspolitiikkaan.<\/p>\n","protected":false},"excerpt":{"rendered":"<p>Projekti 1: Matkailuterveyden ja rokotetutkimuksen sosiaaliset ulottuvuudet, Suomi-Benin Projektissa tarkastellaan suomalais-kansainv\u00e4list\u00e4 L\u00e4nsi-Afrikan Beniniss\u00e4 Helsingin yliopiston ja Scandinavian Biopharman toteuttamaa rokotetutkimusta\u00a0(ks. tutkimusmatka.com). Rokotetutkimusta varten noin 800 suomalaista tutkimukseen osallistujaa matkustaa kahden viikon ajaksi Beninin Grand-Popoon, jossa sijaitsee my\u00f6s matkan j\u00e4rjest\u00e4miseen osallistuvan Villa Karon kulttuurikeskus ja taitelijaresidenssi (villakaro.org). Tarkoituksena on ker\u00e4t\u00e4 tietoa rokotetutkimusta ymp\u00e4r\u00f6ivist\u00e4 ja sen mahdollistavista [&hellip;]<\/p>\n","protected":false},"author":4787,"featured_media":0,"parent":260,"menu_order":0,"comment_status":"closed","ping_status":"closed","template":"","meta":{"footnotes":""},"class_list":["post-815","page","type-page","status-publish","czr-hentry"],"_links":{"self":[{"href":"https:\/\/blogit.utu.fi\/bugs\/wp-json\/wp\/v2\/pages\/815","targetHints":{"allow":["GET"]}}],"collection":[{"href":"https:\/\/blogit.utu.fi\/bugs\/wp-json\/wp\/v2\/pages"}],"about":[{"href":"https:\/\/blogit.utu.fi\/bugs\/wp-json\/wp\/v2\/types\/page"}],"author":[{"embeddable":true,"href":"https:\/\/blogit.utu.fi\/bugs\/wp-json\/wp\/v2\/users\/4787"}],"replies":[{"embeddable":true,"href":"https:\/\/blogit.utu.fi\/bugs\/wp-json\/wp\/v2\/comments?post=815"}],"version-history":[{"count":8,"href":"https:\/\/blogit.utu.fi\/bugs\/wp-json\/wp\/v2\/pages\/815\/revisions"}],"predecessor-version":[{"id":949,"href":"https:\/\/blogit.utu.fi\/bugs\/wp-json\/wp\/v2\/pages\/815\/revisions\/949"}],"up":[{"embeddable":true,"href":"https:\/\/blogit.utu.fi\/bugs\/wp-json\/wp\/v2\/pages\/260"}],"wp:attachment":[{"href":"https:\/\/blogit.utu.fi\/bugs\/wp-json\/wp\/v2\/media?parent=815"}],"curies":[{"name":"wp","href":"https:\/\/api.w.org\/{rel}","templated":true}]}}