{"id":2604,"date":"2017-06-20T08:26:05","date_gmt":"2017-06-20T08:26:05","guid":{"rendered":"https:\/\/blogit.utu.fi\/chemsar\/?page_id=2604"},"modified":"2019-10-08T06:51:14","modified_gmt":"2019-10-08T06:51:14","slug":"chemsar-elsewhere","status":"publish","type":"page","link":"https:\/\/blogit.utu.fi\/chemsar\/chemsar-elsewhere\/","title":{"rendered":"ChemSAR Elsewhere"},"content":{"rendered":"\n<div class=\"twitter-share\"><a href=\"https:\/\/twitter.com\/intent\/tweet?via=ChemsarProject\" class=\"twitter-share-button\">Tweet<\/a><\/div>\n<h2>Links of\u00a0ChemSAR project elsewhere on the internet and media<\/h2>\n<h2>2019<\/h2>\n<p>1 July 2019 PA SAFE Newsletter<br \/>\n<a href=\"https:\/\/mailchi.mp\/1650c70052bb\/eusbsr-pa-safe-newsletter?e=45722aa6c7\">How does ChemSAR benefit maritime safety in the Baltic Sea Region?<\/a><\/p>\n<h2>2018<\/h2>\n<p>2 October 2018 PA SAFE Newsletter<br \/>\nEUSBSR Annual Forum 2018: <a href=\"https:\/\/mailchi.mp\/7742f235462f\/pa-safe-newsletter-1?e=45722aa6c7\">The life-cycle of exercises<\/a><\/p>\n<p>September 2018 European Review of Regional Logistics 4-2018: ChemSAR Project&#8217;s Standard Operational Procedure for maritime chemical incidents piloted in an international exercise<br \/>\n<a href=\"https:\/\/blogit.utu.fi\/chemsar\/wp-content\/uploads\/sites\/56\/2018\/09\/European-Review-of-Regional-Logistics-4-2018.pdf\">European Review of Regional Logistics 4-2018<\/a><\/p>\n<p>13 September 2018 \u00d5htuleht (in Estonian)<br \/>\n<a href=\"https:\/\/www.ohtuleht.ee\/896900\/galerii-rahvusvaheline-paasteoppus-paldiskis-tallinki-laeval-lekkis-ohtlik-kaup\">Rahvusvaheline p\u00e4\u00e4ste\u00f5ppus Paldiskis: Tallinki laeval lekkis ohtlik kaup<\/a><\/p>\n<p>May 2018 Merimies-lehti (in Finnish)<br \/>\n<a href=\"https:\/\/update.utu.fi\/fi\/yksikot\/mkk\/hankkeet\/chemsar\/Documents\/Merimies_2_18_Tekniikka_kehittyy.pdf\">Tekniikka kehittyy ja logistiikan toimintaymp\u00e4rist\u00f6 on muutoksessa<\/a><\/p>\n<p>27 April June 2018 InvestEU: <a href=\"https:\/\/europa.eu\/investeu\/projects\/maritime-rescue-baltic-sea-%E2%80%93-who-does-what_en\">Maritime rescue in the Baltic Sea &#8211; who does what?<\/a><\/p>\n<p>25 April 2018 InvestEU: <a href=\"https:\/\/europa.eu\/investeu\/search\/site\/chemsar_en\">Cooperation as a key factor<\/a><\/p>\n<h2>2017<\/h2>\n<p>16 August 2017 International Maritime Rescue Federation, Asia Pacific Regional Centre LIFE LINE Online<br \/>\n<a href=\"http:\/\/imrf.asia\/191-lifeline-august-2017-english\/2135-finnish-border-guard-promote-cooperation-and-sharing-at-european-maritime-day?highlight=WyJjaGVtc2FyIl0=\">Finnish Border Guard Promote Cooperation and Sharing at European Maritime Day<\/a><\/p>\n<p>3rd July 2017\u00a0European Review of Regional Logistics 3-2017HR: High-ranking visits to ChemSAR project<br \/>\n<a href=\"https:\/\/blogit.utu.fi\/chemsar\/wp-content\/uploads\/sites\/56\/2017\/06\/European-Review-of-Regional-Logistics-3-2017HR.pdf\" target=\"_blank\" rel=\"noopener\">European Review of Regional Logistics 3-2017HR:<\/a><\/p>\n<p>Smart Regions conference (in Finnish):<br \/>\n<a href=\"https:\/\/www.varsinais-suomi.fi\/fi\/ajankohtaista\/uutiset\/1690-smart-regions-jaelkitunnelmia\" target=\"_blank\" rel=\"noopener\">https:\/\/www.varsinais-suomi.fi\/fi\/ajankohtaista\/uutiset\/1690-smart-regions-jaelkitunnelmia<\/a><\/p>\n<p>19th June 2017 Centrum Balticum (in Finnish)<br \/>\n<a href=\"http:\/\/www.centrumbalticum.org\/eu_n_itameri-strategia\/eu_n_itameri-strategian_abc\/ajankohtaista\/komissaarit_cretu_ja_katainen_eu_n_itameri-strategian_lippulaivahankkeen_vieraana.5002.news?3060_o=10\">Komissaarit Cretu ja Katainen EU:n It\u00e4meri-strategian lippulaivahankkeen vieraana<\/a><\/p>\n<p>7th June 2017 Interreg BSR Programme news<br \/>\n<a href=\"https:\/\/www.interreg-baltic.eu\/news-detail\/news\/chemsar-presents-safety-operations-at-sea-to-commission-vice-president-and-commissioner.html\" target=\"_blank\" rel=\"noopener noreferrer\">https:\/\/www.interreg-baltic.eu\/news-detail\/news\/chemsar-presents-safety-operations-at-sea-to-commission-vice-president-and-commissioner.html<\/a><\/p>\n<p>1st June 2017 EUSBSR news<br \/>\n<a href=\"https:\/\/www.balticsea-region.eu\/news-room\/news-feed\/590880-eu-commissioners-corina-cretu-and-jyrki-katainen-visit-eusbsr-flagship\" target=\"_blank\" rel=\"noopener noreferrer\">https:\/\/www.balticsea-region.eu\/news-room\/news-feed\/590880-eu-commissioners-corina-cretu-and-jyrki-katainen-visit-eusbsr-flagship<\/a><\/p>\n<p>29th May 2017\u00a0European Coast Guard Functions Training Network:<br \/>\n<a href=\"https:\/\/www.ecgff-trainingportal.eu\/articles\/18-maritime-safety-and-security-were-discussed-at-the-european-maritime-day-conference\" target=\"_blank\" rel=\"noopener\">https:\/\/www.ecgff-trainingportal.eu\/articles\/18-maritime-safety-and-security-were-discussed-at-the-european-maritime-day-conference<\/a><\/p>\n<p>29th May 2017 Report on the workshop Preparedness at sea: developing and sharing practices held in EMD17<br \/>\n<a href=\"https:\/\/www.raja.fi\/tietoa\/tiedotteet\/1\/0\/euroopan_meripaivilla_2017_keskusteltiin_merellisesta_turvallisuudesta_73251\" target=\"_blank\" rel=\"noopener noreferrer\">https:\/\/www.raja.fi\/tietoa\/tiedotteet\/1\/0\/euroopan_meripaivilla_2017<\/a>\u00a0(in Finnish)<\/p>\n<p><a href=\"https:\/\/www.raja.fi\/facts\/news_from_the_border_guard\/1\/0\/maritime_safety_and_security_were_discussed_at_the_european_maritime_day_conference_73252\" target=\"_blank\" rel=\"noopener noreferrer\">https:\/\/www.raja.fi\/facts\/news_from_the_border_guard\/1\/0\/maritime_safety_and_security<\/a>\u00a0(in English)<\/p>\n<p>24th May 2017 The Development Network UK:<br \/>\n<a href=\"http:\/\/www.tdnuk.com\/maritime-search-and-rescue\/best-practice-and-future-strategies-for-maritime-search-and-rescue\/\" target=\"_blank\" rel=\"noopener\">http:\/\/www.tdnuk.com\/maritime-search-and-rescue\/best-practice-and-future-strategies-for-maritime-search-and-rescue\/<\/a><\/p>\n<p>6th March 2017 Council of Turku:<br \/>\n<a href=\"http:\/\/www.turku.fi\/uutinen\/2017-03-06_current-policy-issues-maritime-and-port-safety-and-security\" target=\"_blank\" rel=\"noopener\">http:\/\/www.turku.fi\/uutinen\/2017-03-06_current-policy-issues-maritime-and-port-safety-and-security<\/a><\/p>\n<p>8th Feb 2017 Centrum Balticum&#8217;s blog (In Finnish)<br \/>\n<a href=\"http:\/\/www.centrumbalticum.org\/uutishuone\/blogi\/kohti_turvallisempaa_itamerta.4541.blog\" target=\"_blank\" rel=\"noopener noreferrer\">http:\/\/www.centrumbalticum.org\/uutishuone\/blogi\/kohti_turvallisempaa_itamerta.4541.blog<\/a><\/p>\n<h2>2016<\/h2>\n<p>17th May 2016 Aamuset (in Finnish)<br \/>\n<a href=\"http:\/\/www.aamuset.fi\/naista-puhutaan\/tiedetutkimus\/chemsar-hanke-kehittaa-meripelastusoperaatioiden-turvallisuutta\" target=\"_blank\" rel=\"noopener\">http:\/\/www.aamuset.fi\/naista-puhutaan\/tiedetutkimus\/chemsar-hanke-kehittaa-meripelastusoperaatioiden-turvallisuutta<\/a><\/p>\n\n<div class=\"twitter-share\"><a href=\"https:\/\/twitter.com\/intent\/tweet?via=ChemsarProject\" class=\"twitter-share-button\">Tweet<\/a><\/div>\n","protected":false},"excerpt":{"rendered":"<p>Links of\u00a0ChemSAR project elsewhere on the internet and media 2019 1 July 2019 PA SAFE Newsletter How does ChemSAR benefit maritime safety in the Baltic Sea Region? 2018 2 October 2018 PA SAFE Newsletter EUSBSR Annual Forum 2018: The life-cycle of exercises September 2018 European Review of Regional Logistics 4-2018: &#8230;<\/p>\n","protected":false},"author":166,"featured_media":0,"parent":0,"menu_order":0,"comment_status":"closed","ping_status":"closed","template":"","meta":{"footnotes":""},"class_list":["post-2604","page","type-page","status-publish","hentry","column","twocol"],"_links":{"self":[{"href":"https:\/\/blogit.utu.fi\/chemsar\/wp-json\/wp\/v2\/pages\/2604","targetHints":{"allow":["GET"]}}],"collection":[{"href":"https:\/\/blogit.utu.fi\/chemsar\/wp-json\/wp\/v2\/pages"}],"about":[{"href":"https:\/\/blogit.utu.fi\/chemsar\/wp-json\/wp\/v2\/types\/page"}],"author":[{"embeddable":true,"href":"https:\/\/blogit.utu.fi\/chemsar\/wp-json\/wp\/v2\/users\/166"}],"replies":[{"embeddable":true,"href":"https:\/\/blogit.utu.fi\/chemsar\/wp-json\/wp\/v2\/comments?post=2604"}],"version-history":[{"count":27,"href":"https:\/\/blogit.utu.fi\/chemsar\/wp-json\/wp\/v2\/pages\/2604\/revisions"}],"predecessor-version":[{"id":4754,"href":"https:\/\/blogit.utu.fi\/chemsar\/wp-json\/wp\/v2\/pages\/2604\/revisions\/4754"}],"wp:attachment":[{"href":"https:\/\/blogit.utu.fi\/chemsar\/wp-json\/wp\/v2\/media?parent=2604"}],"curies":[{"name":"wp","href":"https:\/\/api.w.org\/{rel}","templated":true}]}}