{"id":4,"date":"2016-01-11T00:21:46","date_gmt":"2016-01-11T00:21:46","guid":{"rendered":"https:\/\/blogit.utu.fi\/digin\/?page_id=2"},"modified":"2016-01-11T00:35:44","modified_gmt":"2016-01-11T00:35:44","slug":"yhteystiedot","status":"publish","type":"page","link":"https:\/\/blogit.utu.fi\/digin\/yhteystiedot\/","title":{"rendered":"Yhteystiedot"},"content":{"rendered":"<p><a href=\"http:\/\/www.utu.fi\/fi\/sivustot\/digi\/Sivut\/home.aspx\">Diginin verkkosivut<\/a><\/p>\n<p class=\"utu-rte2Element-P\">Mik\u00e4li sinulla on kysytt\u00e4v\u00e4\u00e4 Diginin toiminnasta tai jos haluat liitty\u00e4 s\u00e4hk\u00f6postilistallemme, ota meihin yhteytt\u00e4!<\/p>\n<p class=\"utu-rte2Element-P\"><strong>digin-info (at) utu.fi<\/strong><\/p>\n","protected":false},"excerpt":{"rendered":"<p>Diginin verkkosivut Mik\u00e4li sinulla on kysytt\u00e4v\u00e4\u00e4 Diginin toiminnasta tai jos haluat liitty\u00e4 s\u00e4hk\u00f6postilistallemme, ota meihin yhteytt\u00e4! digin-info (at) utu.fi<\/p>\n","protected":false},"author":158,"featured_media":0,"parent":0,"menu_order":0,"comment_status":"closed","ping_status":"open","template":"","meta":{"footnotes":""},"class_list":["post-4","page","type-page","status-publish","hentry"],"_links":{"self":[{"href":"https:\/\/blogit.utu.fi\/digin\/wp-json\/wp\/v2\/pages\/4","targetHints":{"allow":["GET"]}}],"collection":[{"href":"https:\/\/blogit.utu.fi\/digin\/wp-json\/wp\/v2\/pages"}],"about":[{"href":"https:\/\/blogit.utu.fi\/digin\/wp-json\/wp\/v2\/types\/page"}],"author":[{"embeddable":true,"href":"https:\/\/blogit.utu.fi\/digin\/wp-json\/wp\/v2\/users\/158"}],"replies":[{"embeddable":true,"href":"https:\/\/blogit.utu.fi\/digin\/wp-json\/wp\/v2\/comments?post=4"}],"version-history":[{"count":2,"href":"https:\/\/blogit.utu.fi\/digin\/wp-json\/wp\/v2\/pages\/4\/revisions"}],"predecessor-version":[{"id":9,"href":"https:\/\/blogit.utu.fi\/digin\/wp-json\/wp\/v2\/pages\/4\/revisions\/9"}],"wp:attachment":[{"href":"https:\/\/blogit.utu.fi\/digin\/wp-json\/wp\/v2\/media?parent=4"}],"curies":[{"name":"wp","href":"https:\/\/api.w.org\/{rel}","templated":true}]}}